{"id":6906,"date":"2022-03-22T10:47:09","date_gmt":"2022-03-22T10:47:09","guid":{"rendered":"http:\/\/atravel.pro\/?page_id=6906"},"modified":"2025-05-18T16:24:57","modified_gmt":"2025-05-18T16:24:57","slug":"qatar","status":"publish","type":"page","link":"https:\/\/atravel.pro\/es\/destinations\/qatar\/","title":{"rendered":"Qatar"},"content":{"rendered":"<div data-elementor-type=\"wp-page\" data-elementor-id=\"6906\" class=\"elementor elementor-6906\">\n\t\t\t\t\t\t\t\t\t<section class=\"elementor-section elementor-top-section elementor-element elementor-element-dad4c0e elementor-section-height-min-height elementor-section-items-stretch elementor-section-content-middle elementor-section-boxed elementor-section-height-default\" data-id=\"dad4c0e\" data-element_type=\"section\" data-settings=\"{&quot;background_background&quot;:&quot;classic&quot;}\">\n\t\t\t\t\t\t\t<div class=\"elementor-background-overlay\"><\/div>\n\t\t\t\t\t\t\t<div class=\"elementor-container elementor-column-gap-default\">\n\t\t\t\t\t<div class=\"elementor-column elementor-col-100 elementor-top-column elementor-element elementor-element-3262db9\" data-id=\"3262db9\" data-element_type=\"column\">\n\t\t\t<div class=\"elementor-widget-wrap elementor-element-populated\">\n\t\t\t\t\t\t\t\t<div class=\"elementor-element elementor-element-5ee04a9 elementor-widget elementor-widget-heading\" data-id=\"5ee04a9\" data-element_type=\"widget\" data-widget_type=\"heading.default\">\n\t\t\t\t<div class=\"elementor-widget-container\">\n\t\t\t<style>\/*! elementor - v3.6.1 - 23-03-2022 *\/\n.elementor-heading-title{padding:0;margin:0;line-height:1}.elementor-widget-heading .elementor-heading-title[class*=elementor-size-]>a{color:inherit;font-size:inherit;line-height:inherit}.elementor-widget-heading .elementor-heading-title.elementor-size-small{font-size:15px}.elementor-widget-heading .elementor-heading-title.elementor-size-medium{font-size:19px}.elementor-widget-heading .elementor-heading-title.elementor-size-large{font-size:29px}.elementor-widget-heading .elementor-heading-title.elementor-size-xl{font-size:39px}.elementor-widget-heading .elementor-heading-title.elementor-size-xxl{font-size:59px}<\/style><h1 class=\"elementor-heading-title elementor-size-default\">Qatar<\/h1>\t\t<\/div>\n\t\t\t\t<\/div>\n\t\t\t\t\t<\/div>\n\t\t<\/div>\n\t\t\t\t\t\t\t<\/div>\n\t\t<\/section>\n\t\t\t\t<section class=\"elementor-section elementor-top-section elementor-element elementor-element-a9aafc5 elementor-section-boxed elementor-section-height-default elementor-section-height-default\" data-id=\"a9aafc5\" data-element_type=\"section\">\n\t\t\t\t\t\t<div class=\"elementor-container elementor-column-gap-default\">\n\t\t\t\t\t<div class=\"elementor-column elementor-col-100 elementor-top-column elementor-element elementor-element-8fd34c7\" data-id=\"8fd34c7\" data-element_type=\"column\">\n\t\t\t<div class=\"elementor-widget-wrap elementor-element-populated\">\n\t\t\t\t\t\t\t\t<div class=\"elementor-element elementor-element-bd816bd elementor-widget elementor-widget-text-editor\" data-id=\"bd816bd\" data-element_type=\"widget\" data-widget_type=\"text-editor.default\">\n\t\t\t\t<div class=\"elementor-widget-container\">\n\t\t\t<style>\/*! elementor - v3.6.1 - 23-03-2022 *\/\n.elementor-widget-text-editor.elementor-drop-cap-view-stacked .elementor-drop-cap{background-color:#818a91;color:#fff}.elementor-widget-text-editor.elementor-drop-cap-view-framed .elementor-drop-cap{color:#818a91;border:3px solid;background-color:transparent}.elementor-widget-text-editor:not(.elementor-drop-cap-view-default) .elementor-drop-cap{margin-top:8px}.elementor-widget-text-editor:not(.elementor-drop-cap-view-default) .elementor-drop-cap-letter{width:1em;height:1em}.elementor-widget-text-editor .elementor-drop-cap{float:left;text-align:center;line-height:1;font-size:50px}.elementor-widget-text-editor .elementor-drop-cap-letter{display:inline-block}<\/style>\t\t\t\t<p><span lang=\"en-US\">Qatar, un peque\u00f1o estado \u00e1rabe, tiene sus propias ventajas. El sol brilla aqu\u00ed todo el a\u00f1o y las playas de arena blanca est\u00e1n abiertas a los turistas. La playa p\u00fablica m\u00e1s popular es la de Sealine, en Mesaieed. Adem\u00e1s de tomar el sol y nadar, sus visitantes pueden disfrutar de actividades locales como montar en camello, hacer excursiones de safari y pasear por las dunas. Otra joya de Qatar es el Mar Interior. Esta reserva natural est\u00e1 reconocida por la UNESCO y es ideal para pescar y acampar. \n\nSu fauna est\u00e1 representada por varios tipos de peces, tortugas, as\u00ed como cormoranes, charranes y flamencos. Por la ma\u00f1ana, esta zona parece un balneario a orillas de un lago, pero por la tarde, cuando el mar se retira, la playa vuelve a convertirse en el desierto y las dunas cambian su color a dorado. La isla de Bin Ghannam, tambi\u00e9n conocida como Isla P\u00farpura, es un lugar de visita obligada. A tan s\u00f3lo una hora en coche de Doha, haga una excursi\u00f3n de un d\u00eda a esta maravilla de la naturaleza. <\/span><\/p>\t\t\t\t\t\t<\/div>\n\t\t\t\t<\/div>\n\t\t\t\t<div class=\"elementor-element elementor-element-cd7b83c elementor-widget elementor-widget-heading\" data-id=\"cd7b83c\" data-element_type=\"widget\" data-widget_type=\"heading.default\">\n\t\t\t\t<div class=\"elementor-widget-container\">\n\t\t\t<h2 class=\"elementor-heading-title elementor-size-default\">Descubra nuestro cat\u00e1logo de excursiones y actividades en Catar \u2014 pensado para grupos MICE.<\/h2>\t\t<\/div>\n\t\t\t\t<\/div>\n\t\t\t\t<div class=\"elementor-element elementor-element-ec2f37d elementor-widget elementor-widget-button\" data-id=\"ec2f37d\" data-element_type=\"widget\" data-widget_type=\"button.default\">\n\t\t\t\t<div class=\"elementor-widget-container\">\n\t\t\t\t\t<div class=\"elementor-button-wrapper\">\n\t\t\t<a href=\"https:\/\/anyflip.com\/vtwce\/jdxs\" target=\"_blank\" rel=\"nofollow\" class=\"elementor-button-link elementor-button elementor-size-sm\" role=\"button\">\n\t\t\t\t\t\t<span class=\"elementor-button-content-wrapper\">\n\t\t\t\t\t\t<span class=\"elementor-button-text\">Ver<\/span>\n\t\t<\/span>\n\t\t\t\t\t<\/a>\n\t\t<\/div>\n\t\t\t\t<\/div>\n\t\t\t\t<\/div>\n\t\t\t\t\t<\/div>\n\t\t<\/div>\n\t\t\t\t\t\t\t<\/div>\n\t\t<\/section>\n\t\t\t\t<section class=\"elementor-section elementor-top-section elementor-element elementor-element-5bdbb67 elementor-section-boxed elementor-section-height-default elementor-section-height-default\" data-id=\"5bdbb67\" data-element_type=\"section\">\n\t\t\t\t\t\t<div class=\"elementor-container elementor-column-gap-default\">\n\t\t\t\t\t<div class=\"elementor-column elementor-col-100 elementor-top-column elementor-element elementor-element-20981f8\" data-id=\"20981f8\" data-element_type=\"column\">\n\t\t\t<div class=\"elementor-widget-wrap elementor-element-populated\">\n\t\t\t\t\t\t\t\t<div class=\"elementor-element elementor-element-f903780 elementor-widget elementor-widget-image-carousel\" data-id=\"f903780\" data-element_type=\"widget\" data-settings=\"{&quot;slides_to_show&quot;:&quot;3&quot;,&quot;slides_to_scroll&quot;:&quot;1&quot;,&quot;navigation&quot;:&quot;none&quot;,&quot;autoplay&quot;:&quot;yes&quot;,&quot;pause_on_hover&quot;:&quot;yes&quot;,&quot;pause_on_interaction&quot;:&quot;yes&quot;,&quot;autoplay_speed&quot;:5000,&quot;infinite&quot;:&quot;yes&quot;,&quot;speed&quot;:500,&quot;image_spacing_custom&quot;:{&quot;unit&quot;:&quot;px&quot;,&quot;size&quot;:20,&quot;sizes&quot;:[]}}\" data-widget_type=\"image-carousel.default\">\n\t\t\t\t<div class=\"elementor-widget-container\">\n\t\t\t<style>\/*! elementor - v3.6.1 - 23-03-2022 *\/\n.elementor-widget-image-carousel .swiper-container{position:static}.elementor-widget-image-carousel .swiper-container .swiper-slide figure{line-height:inherit}.elementor-widget-image-carousel .swiper-slide{text-align:center}.elementor-image-carousel-wrapper:not(.swiper-container-initialized) .swiper-slide{max-width:calc(100% \/ var(--e-image-carousel-slides-to-show, 3))}<\/style>\t\t<div class=\"elementor-image-carousel-wrapper swiper-container\" dir=\"ltr\">\n\t\t\t<div class=\"elementor-image-carousel swiper-wrapper swiper-image-stretch\">\n\t\t\t\t\t\t\t\t<div class=\"swiper-slide\"><figure class=\"swiper-slide-inner\"><img decoding=\"async\" class=\"swiper-slide-image\" src=\"https:\/\/atravel.pro\/wp-content\/uploads\/2022\/03\/qatar-1.png\" alt=\"qatar (1)\" \/><\/figure><\/div><div class=\"swiper-slide\"><figure class=\"swiper-slide-inner\"><img decoding=\"async\" class=\"swiper-slide-image\" src=\"https:\/\/atravel.pro\/wp-content\/uploads\/2022\/03\/qatar-2.png\" alt=\"qatar (2)\" \/><\/figure><\/div><div class=\"swiper-slide\"><figure class=\"swiper-slide-inner\"><img decoding=\"async\" class=\"swiper-slide-image\" src=\"https:\/\/atravel.pro\/wp-content\/uploads\/2022\/03\/qatar-3.png\" alt=\"qatar (3)\" \/><\/figure><\/div>\t\t\t<\/div>\n\t\t\t\t\t\t\t\t\t\t\t\t\t\t\t\t<\/div>\n\t\t\t\t<\/div>\n\t\t\t\t<\/div>\n\t\t\t\t\t<\/div>\n\t\t<\/div>\n\t\t\t\t\t\t\t<\/div>\n\t\t<\/section>\n\t\t\t\t\t\t\t<\/div>","protected":false},"excerpt":{"rendered":"<p>Qatar Qatar, a small Arab state, has its own advantages. Sun shines here all year round and white-sand beaches are open for tourists. The most popular public beach is the Sealine Beach in Mesaieed. Apart from sun-bathing and swimming, its visitors can enjoy such local activities as camel riding, safari tours and dune bashing. Another&#8230;<\/p>","protected":false},"author":1,"featured_media":7341,"parent":5907,"menu_order":0,"comment_status":"closed","ping_status":"closed","template":"","meta":{"footnotes":""},"class_list":["post-6906","page","type-page","status-publish","has-post-thumbnail","hentry"],"yoast_head":"<!-- This site is optimized with the Yoast SEO plugin v24.8.1 - https:\/\/yoast.com\/wordpress\/plugins\/seo\/ -->\n<title>Qatar: Inland Sea and FIFA World Cup<\/title>\n<meta name=\"description\" content=\"The most popular public beach in Qatar is the Sealine Beach in Mesaieed. Visit the jewel of Qatar Inland Sea. Purple Island is a must-visit location. In 2022 FIFA World Cup will take place in Qatar.\" \/>\n<meta name=\"robots\" content=\"index, follow, max-snippet:-1, max-image-preview:large, max-video-preview:-1\" \/>\n<link rel=\"canonical\" href=\"https:\/\/atravel.pro\/es\/destinations\/qatar\/\" \/>\n<meta property=\"og:locale\" content=\"es_ES\" \/>\n<meta property=\"og:type\" content=\"article\" \/>\n<meta property=\"og:title\" content=\"Qatar: Inland Sea and FIFA World Cup\" \/>\n<meta property=\"og:description\" content=\"The most popular public beach in Qatar is the Sealine Beach in Mesaieed. Visit the jewel of Qatar Inland Sea. Purple Island is a must-visit location. In 2022 FIFA World Cup will take place in Qatar.\" \/>\n<meta property=\"og:url\" content=\"https:\/\/atravel.pro\/es\/destinations\/qatar\/\" \/>\n<meta property=\"og:site_name\" content=\"Atravel.pro\" \/>\n<meta property=\"article:modified_time\" content=\"2025-05-18T16:24:57+00:00\" \/>\n<meta property=\"og:image\" content=\"http:\/\/atravel.pro\/wp-content\/uploads\/2022\/03\/26.png\" \/>\n\t<meta property=\"og:image:width\" content=\"1800\" \/>\n\t<meta property=\"og:image:height\" content=\"650\" \/>\n\t<meta property=\"og:image:type\" content=\"image\/png\" \/>\n<meta name=\"twitter:card\" content=\"summary_large_image\" \/>\n<meta name=\"twitter:title\" content=\"Qatar: Inland Sea and FIFA World Cup\" \/>\n<meta name=\"twitter:description\" content=\"The most popular public beach in Qatar is the Sealine Beach in Mesaieed. Visit the jewel of Qatar Inland Sea. Purple Island is a must-visit location. In 2022 FIFA World Cup will take place in Qatar.\" \/>\n<meta name=\"twitter:label1\" content=\"Tiempo de lectura\" \/>\n\t<meta name=\"twitter:data1\" content=\"3 minutos\" \/>\n<script type=\"application\/ld+json\" class=\"yoast-schema-graph\">{\"@context\":\"https:\/\/schema.org\",\"@graph\":[{\"@type\":\"WebPage\",\"@id\":\"https:\/\/atravel.pro\/destinations\/qatar\/\",\"url\":\"https:\/\/atravel.pro\/destinations\/qatar\/\",\"name\":\"Qatar: Inland Sea and FIFA World Cup\",\"isPartOf\":{\"@id\":\"https:\/\/atravel.pro\/#website\"},\"primaryImageOfPage\":{\"@id\":\"https:\/\/atravel.pro\/destinations\/qatar\/#primaryimage\"},\"image\":{\"@id\":\"https:\/\/atravel.pro\/destinations\/qatar\/#primaryimage\"},\"thumbnailUrl\":\"https:\/\/atravel.pro\/wp-content\/uploads\/2022\/03\/26.png\",\"datePublished\":\"2022-03-22T10:47:09+00:00\",\"dateModified\":\"2025-05-18T16:24:57+00:00\",\"description\":\"The most popular public beach in Qatar is the Sealine Beach in Mesaieed. Visit the jewel of Qatar Inland Sea. Purple Island is a must-visit location. In 2022 FIFA World Cup will take place in Qatar.\",\"breadcrumb\":{\"@id\":\"https:\/\/atravel.pro\/destinations\/qatar\/#breadcrumb\"},\"inLanguage\":\"es\",\"potentialAction\":[{\"@type\":\"ReadAction\",\"target\":[\"https:\/\/atravel.pro\/destinations\/qatar\/\"]}]},{\"@type\":\"ImageObject\",\"inLanguage\":\"es\",\"@id\":\"https:\/\/atravel.pro\/destinations\/qatar\/#primaryimage\",\"url\":\"https:\/\/atravel.pro\/wp-content\/uploads\/2022\/03\/26.png\",\"contentUrl\":\"https:\/\/atravel.pro\/wp-content\/uploads\/2022\/03\/26.png\",\"width\":1800,\"height\":650},{\"@type\":\"BreadcrumbList\",\"@id\":\"https:\/\/atravel.pro\/destinations\/qatar\/#breadcrumb\",\"itemListElement\":[{\"@type\":\"ListItem\",\"position\":1,\"name\":\"\u0413\u043b\u0430\u0432\u043d\u0430\u044f \u0441\u0442\u0440\u0430\u043d\u0438\u0446\u0430\",\"item\":\"https:\/\/atravel.pro\/\"},{\"@type\":\"ListItem\",\"position\":2,\"name\":\"DESTINATIONS\",\"item\":\"https:\/\/atravel.pro\/destinations\/\"},{\"@type\":\"ListItem\",\"position\":3,\"name\":\"Qatar\"}]},{\"@type\":\"WebSite\",\"@id\":\"https:\/\/atravel.pro\/#website\",\"url\":\"https:\/\/atravel.pro\/\",\"name\":\"Atravel.pro\",\"description\":\"Just another WordPress site\",\"publisher\":{\"@id\":\"https:\/\/atravel.pro\/#organization\"},\"potentialAction\":[{\"@type\":\"SearchAction\",\"target\":{\"@type\":\"EntryPoint\",\"urlTemplate\":\"https:\/\/atravel.pro\/?s={search_term_string}\"},\"query-input\":{\"@type\":\"PropertyValueSpecification\",\"valueRequired\":true,\"valueName\":\"search_term_string\"}}],\"inLanguage\":\"es\"},{\"@type\":\"Organization\",\"@id\":\"https:\/\/atravel.pro\/#organization\",\"name\":\"Atravel.pro\",\"url\":\"https:\/\/atravel.pro\/\",\"logo\":{\"@type\":\"ImageObject\",\"inLanguage\":\"es\",\"@id\":\"https:\/\/atravel.pro\/#\/schema\/logo\/image\/\",\"url\":\"https:\/\/atravel.pro\/wp-content\/uploads\/2021\/08\/aTravel2.svg\",\"contentUrl\":\"https:\/\/atravel.pro\/wp-content\/uploads\/2021\/08\/aTravel2.svg\",\"width\":960,\"height\":560,\"caption\":\"Atravel.pro\"},\"image\":{\"@id\":\"https:\/\/atravel.pro\/#\/schema\/logo\/image\/\"}}]}<\/script>\n<!-- \/ Yoast SEO plugin. -->","yoast_head_json":{"title":"Qatar: Inland Sea and FIFA World Cup","description":"The most popular public beach in Qatar is the Sealine Beach in Mesaieed. Visit the jewel of Qatar Inland Sea. Purple Island is a must-visit location. In 2022 FIFA World Cup will take place in Qatar.","robots":{"index":"index","follow":"follow","max-snippet":"max-snippet:-1","max-image-preview":"max-image-preview:large","max-video-preview":"max-video-preview:-1"},"canonical":"https:\/\/atravel.pro\/es\/destinations\/qatar\/","og_locale":"es_ES","og_type":"article","og_title":"Qatar: Inland Sea and FIFA World Cup","og_description":"The most popular public beach in Qatar is the Sealine Beach in Mesaieed. Visit the jewel of Qatar Inland Sea. Purple Island is a must-visit location. In 2022 FIFA World Cup will take place in Qatar.","og_url":"https:\/\/atravel.pro\/es\/destinations\/qatar\/","og_site_name":"Atravel.pro","article_modified_time":"2025-05-18T16:24:57+00:00","og_image":[{"width":1800,"height":650,"url":"http:\/\/atravel.pro\/wp-content\/uploads\/2022\/03\/26.png","type":"image\/png"}],"twitter_card":"summary_large_image","twitter_title":"Qatar: Inland Sea and FIFA World Cup","twitter_description":"The most popular public beach in Qatar is the Sealine Beach in Mesaieed. Visit the jewel of Qatar Inland Sea. Purple Island is a must-visit location. In 2022 FIFA World Cup will take place in Qatar.","twitter_misc":{"Tiempo de lectura":"3 minutos"},"schema":{"@context":"https:\/\/schema.org","@graph":[{"@type":"WebPage","@id":"https:\/\/atravel.pro\/destinations\/qatar\/","url":"https:\/\/atravel.pro\/destinations\/qatar\/","name":"Qatar: Inland Sea and FIFA World Cup","isPartOf":{"@id":"https:\/\/atravel.pro\/#website"},"primaryImageOfPage":{"@id":"https:\/\/atravel.pro\/destinations\/qatar\/#primaryimage"},"image":{"@id":"https:\/\/atravel.pro\/destinations\/qatar\/#primaryimage"},"thumbnailUrl":"https:\/\/atravel.pro\/wp-content\/uploads\/2022\/03\/26.png","datePublished":"2022-03-22T10:47:09+00:00","dateModified":"2025-05-18T16:24:57+00:00","description":"The most popular public beach in Qatar is the Sealine Beach in Mesaieed. Visit the jewel of Qatar Inland Sea. Purple Island is a must-visit location. In 2022 FIFA World Cup will take place in Qatar.","breadcrumb":{"@id":"https:\/\/atravel.pro\/destinations\/qatar\/#breadcrumb"},"inLanguage":"es","potentialAction":[{"@type":"ReadAction","target":["https:\/\/atravel.pro\/destinations\/qatar\/"]}]},{"@type":"ImageObject","inLanguage":"es","@id":"https:\/\/atravel.pro\/destinations\/qatar\/#primaryimage","url":"https:\/\/atravel.pro\/wp-content\/uploads\/2022\/03\/26.png","contentUrl":"https:\/\/atravel.pro\/wp-content\/uploads\/2022\/03\/26.png","width":1800,"height":650},{"@type":"BreadcrumbList","@id":"https:\/\/atravel.pro\/destinations\/qatar\/#breadcrumb","itemListElement":[{"@type":"ListItem","position":1,"name":"\u0413\u043b\u0430\u0432\u043d\u0430\u044f \u0441\u0442\u0440\u0430\u043d\u0438\u0446\u0430","item":"https:\/\/atravel.pro\/"},{"@type":"ListItem","position":2,"name":"DESTINATIONS","item":"https:\/\/atravel.pro\/destinations\/"},{"@type":"ListItem","position":3,"name":"Qatar"}]},{"@type":"WebSite","@id":"https:\/\/atravel.pro\/#website","url":"https:\/\/atravel.pro\/","name":"Atravel.pro","description":"Just another WordPress site","publisher":{"@id":"https:\/\/atravel.pro\/#organization"},"potentialAction":[{"@type":"SearchAction","target":{"@type":"EntryPoint","urlTemplate":"https:\/\/atravel.pro\/?s={search_term_string}"},"query-input":{"@type":"PropertyValueSpecification","valueRequired":true,"valueName":"search_term_string"}}],"inLanguage":"es"},{"@type":"Organization","@id":"https:\/\/atravel.pro\/#organization","name":"Atravel.pro","url":"https:\/\/atravel.pro\/","logo":{"@type":"ImageObject","inLanguage":"es","@id":"https:\/\/atravel.pro\/#\/schema\/logo\/image\/","url":"https:\/\/atravel.pro\/wp-content\/uploads\/2021\/08\/aTravel2.svg","contentUrl":"https:\/\/atravel.pro\/wp-content\/uploads\/2021\/08\/aTravel2.svg","width":960,"height":560,"caption":"Atravel.pro"},"image":{"@id":"https:\/\/atravel.pro\/#\/schema\/logo\/image\/"}}]}},"_links":{"self":[{"href":"https:\/\/atravel.pro\/es\/wp-json\/wp\/v2\/pages\/6906","targetHints":{"allow":["GET"]}}],"collection":[{"href":"https:\/\/atravel.pro\/es\/wp-json\/wp\/v2\/pages"}],"about":[{"href":"https:\/\/atravel.pro\/es\/wp-json\/wp\/v2\/types\/page"}],"author":[{"embeddable":true,"href":"https:\/\/atravel.pro\/es\/wp-json\/wp\/v2\/users\/1"}],"replies":[{"embeddable":true,"href":"https:\/\/atravel.pro\/es\/wp-json\/wp\/v2\/comments?post=6906"}],"version-history":[{"count":50,"href":"https:\/\/atravel.pro\/es\/wp-json\/wp\/v2\/pages\/6906\/revisions"}],"predecessor-version":[{"id":7842,"href":"https:\/\/atravel.pro\/es\/wp-json\/wp\/v2\/pages\/6906\/revisions\/7842"}],"up":[{"embeddable":true,"href":"https:\/\/atravel.pro\/es\/wp-json\/wp\/v2\/pages\/5907"}],"wp:featuredmedia":[{"embeddable":true,"href":"https:\/\/atravel.pro\/es\/wp-json\/wp\/v2\/media\/7341"}],"wp:attachment":[{"href":"https:\/\/atravel.pro\/es\/wp-json\/wp\/v2\/media?parent=6906"}],"curies":[{"name":"wp","href":"https:\/\/api.w.org\/{rel}","templated":true}]}}