{"id":7970,"date":"2026-01-18T14:37:15","date_gmt":"2026-01-18T14:37:15","guid":{"rendered":"https:\/\/atravel.pro\/?page_id=7970"},"modified":"2026-01-18T15:26:41","modified_gmt":"2026-01-18T15:26:41","slug":"incentive-tours-and-teambuilding","status":"publish","type":"page","link":"https:\/\/atravel.pro\/es\/services\/incentive-tours-and-teambuilding\/","title":{"rendered":"Viajes de Incentivo y Team-Building"},"content":{"rendered":"<div data-elementor-type=\"wp-page\" data-elementor-id=\"7970\" class=\"elementor elementor-7970\">\n\t\t\t\t\t\t\t\t\t<section class=\"elementor-section elementor-top-section elementor-element elementor-element-dad4c0e elementor-section-height-min-height elementor-section-items-stretch elementor-section-content-middle elementor-section-boxed elementor-section-height-default\" data-id=\"dad4c0e\" data-element_type=\"section\" data-settings=\"{&quot;background_background&quot;:&quot;classic&quot;}\">\n\t\t\t\t\t\t\t<div class=\"elementor-background-overlay\"><\/div>\n\t\t\t\t\t\t\t<div class=\"elementor-container elementor-column-gap-default\">\n\t\t\t\t\t<div class=\"elementor-column elementor-col-100 elementor-top-column elementor-element elementor-element-3262db9\" data-id=\"3262db9\" data-element_type=\"column\">\n\t\t\t<div class=\"elementor-widget-wrap elementor-element-populated\">\n\t\t\t\t\t\t\t\t<div class=\"elementor-element elementor-element-5ee04a9 elementor-widget elementor-widget-heading\" data-id=\"5ee04a9\" data-element_type=\"widget\" data-widget_type=\"heading.default\">\n\t\t\t\t<div class=\"elementor-widget-container\">\n\t\t\t<style>\/*! elementor - v3.6.1 - 23-03-2022 *\/\n.elementor-heading-title{padding:0;margin:0;line-height:1}.elementor-widget-heading .elementor-heading-title[class*=elementor-size-]>a{color:inherit;font-size:inherit;line-height:inherit}.elementor-widget-heading .elementor-heading-title.elementor-size-small{font-size:15px}.elementor-widget-heading .elementor-heading-title.elementor-size-medium{font-size:19px}.elementor-widget-heading .elementor-heading-title.elementor-size-large{font-size:29px}.elementor-widget-heading .elementor-heading-title.elementor-size-xl{font-size:39px}.elementor-widget-heading .elementor-heading-title.elementor-size-xxl{font-size:59px}<\/style><h1 class=\"elementor-heading-title elementor-size-default\">Viajes de Incentivo y Team-Building<\/h1>\t\t<\/div>\n\t\t\t\t<\/div>\n\t\t\t\t\t<\/div>\n\t\t<\/div>\n\t\t\t\t\t\t\t<\/div>\n\t\t<\/section>\n\t\t\t\t<section class=\"elementor-section elementor-top-section elementor-element elementor-element-a9aafc5 elementor-section-boxed elementor-section-height-default elementor-section-height-default\" data-id=\"a9aafc5\" data-element_type=\"section\">\n\t\t\t\t\t\t<div class=\"elementor-container elementor-column-gap-default\">\n\t\t\t\t\t<div class=\"elementor-column elementor-col-100 elementor-top-column elementor-element elementor-element-8fd34c7\" data-id=\"8fd34c7\" data-element_type=\"column\">\n\t\t\t<div class=\"elementor-widget-wrap elementor-element-populated\">\n\t\t\t\t\t\t\t\t<div class=\"elementor-element elementor-element-bd816bd elementor-widget elementor-widget-text-editor\" data-id=\"bd816bd\" data-element_type=\"widget\" data-widget_type=\"text-editor.default\">\n\t\t\t\t<div class=\"elementor-widget-container\">\n\t\t\t<style>\/*! elementor - v3.6.1 - 23-03-2022 *\/\n.elementor-widget-text-editor.elementor-drop-cap-view-stacked .elementor-drop-cap{background-color:#818a91;color:#fff}.elementor-widget-text-editor.elementor-drop-cap-view-framed .elementor-drop-cap{color:#818a91;border:3px solid;background-color:transparent}.elementor-widget-text-editor:not(.elementor-drop-cap-view-default) .elementor-drop-cap{margin-top:8px}.elementor-widget-text-editor:not(.elementor-drop-cap-view-default) .elementor-drop-cap-letter{width:1em;height:1em}.elementor-widget-text-editor .elementor-drop-cap{float:left;text-align:center;line-height:1;font-size:50px}.elementor-widget-text-editor .elementor-drop-cap-letter{display:inline-block}<\/style>\t\t\t\t<p>Si est\u00e1 buscando ideas \u00fanicas para fomentar el esp\u00edritu de equipo o planificar un retiro corporativo en los EAU, Qatar, Om\u00e1n o Arabia Saud\u00ed, el equipo de Atravel est\u00e1 preparado para ofrecerle soluciones originales y emocionantes. Estamos especializados en la organizaci\u00f3n de eventos corporativos, viajes de incentivo y programas de formaci\u00f3n de equipos de cualquier complejidad.<\/p>\t\t\t\t\t\t<\/div>\n\t\t\t\t<\/div>\n\t\t\t\t<div class=\"elementor-element elementor-element-6263ad0 elementor-widget elementor-widget-text-editor\" data-id=\"6263ad0\" data-element_type=\"widget\" data-widget_type=\"text-editor.default\">\n\t\t\t\t<div class=\"elementor-widget-container\">\n\t\t\t\t\t\t\t<p>Nuestros programas activos y basados en la aventura incluyen:<\/p><ul><li>b\u00fasquedas del tesoro en el desierto con elementos de navegaci\u00f3n y b\u00fasqueda;<\/li><li>paseos en globo aerost\u00e1tico sobre las dunas de los EAU;<\/li><li>desaf\u00edos urbanos en equipo y b\u00fasquedas urbanas;<\/li><li>excursiones por la monta\u00f1a y safaris por el desierto<\/li><\/ul>\t\t\t\t\t\t<\/div>\n\t\t\t\t<\/div>\n\t\t\t\t<div class=\"elementor-element elementor-element-7162b03 elementor-widget elementor-widget-text-editor\" data-id=\"7162b03\" data-element_type=\"widget\" data-widget_type=\"text-editor.default\">\n\t\t\t\t<div class=\"elementor-widget-container\">\n\t\t\t\t\t\t\t<p>Cada actividad est\u00e1 dise\u00f1ada para fortalecer el esp\u00edritu de equipo, mejorar la cultura corporativa y crear experiencias compartidas inolvidables en un entorno no tradicional. Adaptamos cada programa a los objetivos, el tama\u00f1o del grupo y el presupuesto de su empresa.<\/p>\t\t\t\t\t\t<\/div>\n\t\t\t\t<\/div>\n\t\t\t\t<div class=\"elementor-element elementor-element-36e3556 elementor-widget elementor-widget-text-editor\" data-id=\"36e3556\" data-element_type=\"widget\" data-widget_type=\"text-editor.default\">\n\t\t\t\t<div class=\"elementor-widget-container\">\n\t\t\t\t\t\t\t<p>Para los que prefieren un ambiente m\u00e1s relajado, ofrecemos:<\/p><ul><li>snorkel con tortugas en Mascate<\/li><li>visitas a granjas de perlas en Ras Al Khaimah,<\/li><li>cruceros mar\u00edtimos y paseos en yate privado por la costa,<\/li><li>cenas en el desierto a la luz de las estrellas y picnics panor\u00e1micos.<\/li><\/ul>\t\t\t\t\t\t<\/div>\n\t\t\t\t<\/div>\n\t\t\t\t<div class=\"elementor-element elementor-element-e3789c6 elementor-widget elementor-widget-text-editor\" data-id=\"e3789c6\" data-element_type=\"widget\" data-widget_type=\"text-editor.default\">\n\t\t\t\t<div class=\"elementor-widget-container\">\n\t\t\t\t\t\t\t<p>Estas experiencias al aire libre ayudan a los equipos a desconectar, conectar a un nivel m\u00e1s profundo y disfrutar de la serena belleza de Oriente Medio.<\/p>\t\t\t\t\t\t<\/div>\n\t\t\t\t<\/div>\n\t\t\t\t<div class=\"elementor-element elementor-element-e24bd88 elementor-widget elementor-widget-text-editor\" data-id=\"e24bd88\" data-element_type=\"widget\" data-widget_type=\"text-editor.default\">\n\t\t\t\t<div class=\"elementor-widget-container\">\n\t\t\t\t\t\t\t<p>Al asociarse con Atravel, usted se beneficia de:<\/p><ul><li>organizaci\u00f3n profesional de team-building en Dubai, Abu Dhabi, Doha y otras ciudades importantes de la regi\u00f3n;<\/li><li>un enfoque personalizado para cada programa corporativo<\/li><li>atenci\u00f3n al detalle y planificaci\u00f3n minuciosa en cada etapa;<\/li><li>una log\u00edstica perfecta, que incluye traslados, catering y asistencia t\u00e9cnica.<\/li><\/ul>\t\t\t\t\t\t<\/div>\n\t\t\t\t<\/div>\n\t\t\t\t<div class=\"elementor-element elementor-element-3e486ad elementor-widget elementor-widget-text-editor\" data-id=\"3e486ad\" data-element_type=\"widget\" data-widget_type=\"text-editor.default\">\n\t\t\t\t<div class=\"elementor-widget-container\">\n\t\t\t\t\t\t\t<p class=\" translation-block\">Atravel es su socio de confianza para la organizaci\u00f3n de eventos de creaci\u00f3n de equipos y viajes de incentivos por todo Oriente Medio, donde cada detalle se elabora cuidadosamente y cada participante se siente realmente parte del equipo.<\/p>\t\t\t\t\t\t<\/div>\n\t\t\t\t<\/div>\n\t\t\t\t\t<\/div>\n\t\t<\/div>\n\t\t\t\t\t\t\t<\/div>\n\t\t<\/section>\n\t\t\t\t<section class=\"elementor-section elementor-top-section elementor-element elementor-element-5bdbb67 elementor-section-boxed elementor-section-height-default elementor-section-height-default\" data-id=\"5bdbb67\" data-element_type=\"section\">\n\t\t\t\t\t\t<div class=\"elementor-container elementor-column-gap-default\">\n\t\t\t\t\t<div class=\"elementor-column elementor-col-100 elementor-top-column elementor-element elementor-element-20981f8\" data-id=\"20981f8\" data-element_type=\"column\">\n\t\t\t<div class=\"elementor-widget-wrap elementor-element-populated\">\n\t\t\t\t\t\t\t\t<div class=\"elementor-element elementor-element-f903780 elementor-widget elementor-widget-image-carousel\" data-id=\"f903780\" data-element_type=\"widget\" data-settings=\"{&quot;slides_to_show&quot;:&quot;3&quot;,&quot;slides_to_scroll&quot;:&quot;1&quot;,&quot;navigation&quot;:&quot;none&quot;,&quot;pause_on_hover&quot;:&quot;no&quot;,&quot;pause_on_interaction&quot;:&quot;no&quot;,&quot;autoplay&quot;:&quot;yes&quot;,&quot;autoplay_speed&quot;:5000,&quot;infinite&quot;:&quot;yes&quot;,&quot;speed&quot;:500,&quot;image_spacing_custom&quot;:{&quot;unit&quot;:&quot;px&quot;,&quot;size&quot;:20,&quot;sizes&quot;:[]}}\" data-widget_type=\"image-carousel.default\">\n\t\t\t\t<div class=\"elementor-widget-container\">\n\t\t\t<style>\/*! elementor - v3.6.1 - 23-03-2022 *\/\n.elementor-widget-image-carousel .swiper-container{position:static}.elementor-widget-image-carousel .swiper-container .swiper-slide figure{line-height:inherit}.elementor-widget-image-carousel .swiper-slide{text-align:center}.elementor-image-carousel-wrapper:not(.swiper-container-initialized) .swiper-slide{max-width:calc(100% \/ var(--e-image-carousel-slides-to-show, 3))}<\/style>\t\t<div class=\"elementor-image-carousel-wrapper swiper-container\" dir=\"ltr\">\n\t\t\t<div class=\"elementor-image-carousel swiper-wrapper swiper-image-stretch\">\n\t\t\t\t\t\t\t\t<div class=\"swiper-slide\"><figure class=\"swiper-slide-inner\"><img decoding=\"async\" class=\"swiper-slide-image\" src=\"https:\/\/atravel.pro\/wp-content\/uploads\/2026\/01\/20231207_112851.jpg\" alt=\"Group team-building activity during a corporate retreat in the Middle East | atravel.pro\" \/><\/figure><\/div><div class=\"swiper-slide\"><figure class=\"swiper-slide-inner\"><img decoding=\"async\" class=\"swiper-slide-image\" src=\"https:\/\/atravel.pro\/wp-content\/uploads\/2026\/01\/2-2.jpg\" alt=\"Exciting outdoor challenge for corporate team spirit enhancement | atravel.pro\" \/><\/figure><\/div><div class=\"swiper-slide\"><figure class=\"swiper-slide-inner\"><img decoding=\"async\" class=\"swiper-slide-image\" src=\"https:\/\/atravel.pro\/wp-content\/uploads\/2026\/01\/20231207_113437.jpg\" alt=\"Participants engaged in a corporate quest and collaborative task | atravel.pro\" \/><\/figure><\/div>\t\t\t<\/div>\n\t\t\t\t\t\t\t\t\t\t\t\t\t\t\t\t<\/div>\n\t\t\t\t<\/div>\n\t\t\t\t<\/div>\n\t\t\t\t\t<\/div>\n\t\t<\/div>\n\t\t\t\t\t\t\t<\/div>\n\t\t<\/section>\n\t\t\t\t\t\t\t<\/div>","protected":false},"excerpt":{"rendered":"<p>Incentive Tours and Team-Building If you&#8217;re looking for unique team-building ideas or planning a corporate retreat in the UAE, Qatar, Oman, or Saudi Arabia, the Atravel team is ready to offer you original and exciting solutions. We specialize in organizing corporate events, incentive tours, and team-building programs of any complexity. Our active and adventure-based programs&#8230;<\/p>","protected":false},"author":1,"featured_media":7967,"parent":7968,"menu_order":0,"comment_status":"closed","ping_status":"closed","template":"","meta":{"footnotes":""},"class_list":["post-7970","page","type-page","status-publish","has-post-thumbnail","hentry"],"yoast_head":"<!-- This site is optimized with the Yoast SEO plugin v24.8.1 - https:\/\/yoast.com\/wordpress\/plugins\/seo\/ -->\n<title>Incentive Tours &amp; Corporate Team-Building in UAE &amp; Middle East | Atravel.pro<\/title>\n<meta name=\"description\" content=\"oost team spirit with unique incentive tours and team-building activities in Dubai, Qatar, and Oman. Customized corporate retreats and adventures by Atravel.pro.\" \/>\n<meta name=\"robots\" content=\"index, follow, max-snippet:-1, max-image-preview:large, max-video-preview:-1\" \/>\n<link rel=\"canonical\" href=\"https:\/\/atravel.pro\/es\/services\/incentive-tours-and-teambuilding\/\" \/>\n<meta property=\"og:locale\" content=\"es_ES\" \/>\n<meta property=\"og:type\" content=\"article\" \/>\n<meta property=\"og:title\" content=\"Jordan is the best destination for MICE, Leisure and VIP tourists\" \/>\n<meta property=\"og:description\" content=\"See Petra in Jordan and Jerash city. MICE customers will find newly designed hotels in Jordan.For Leisure and VIP tourism Jordan has Aqaba and Tala Bay. Visit Ma\u2019in by The Dead Sea.\" \/>\n<meta property=\"og:url\" content=\"https:\/\/atravel.pro\/es\/services\/incentive-tours-and-teambuilding\/\" \/>\n<meta property=\"og:site_name\" content=\"Atravel.pro\" \/>\n<meta property=\"article:modified_time\" content=\"2026-01-18T15:26:41+00:00\" \/>\n<meta property=\"og:image\" content=\"http:\/\/atravel.pro\/wp-content\/uploads\/2026\/01\/\u0434\u043b\u0438\u043d\u043d\u0430\u044f.jpg\" \/>\n\t<meta property=\"og:image:width\" content=\"1800\" \/>\n\t<meta property=\"og:image:height\" content=\"347\" \/>\n\t<meta property=\"og:image:type\" content=\"image\/jpeg\" \/>\n<meta name=\"twitter:card\" content=\"summary_large_image\" \/>\n<meta name=\"twitter:title\" content=\"Jordan is the best destination for MICE, Leisure and VIP tourists\" \/>\n<meta name=\"twitter:description\" content=\"See Petra in Jordan and Jerash city. MICE customers will find newly designed hotels in Jordan.For Leisure and VIP tourism Jordan has Aqaba and Tala Bay. Visit Ma\u2019in by The Dead Sea.\" \/>\n<meta name=\"twitter:label1\" content=\"Tiempo de lectura\" \/>\n\t<meta name=\"twitter:data1\" content=\"3 minutos\" \/>\n<script type=\"application\/ld+json\" class=\"yoast-schema-graph\">{\"@context\":\"https:\/\/schema.org\",\"@graph\":[{\"@type\":\"WebPage\",\"@id\":\"https:\/\/atravel.pro\/services\/incentive-tours-and-teambuilding\/\",\"url\":\"https:\/\/atravel.pro\/services\/incentive-tours-and-teambuilding\/\",\"name\":\"Incentive Tours & Corporate Team-Building in UAE & Middle East | Atravel.pro\",\"isPartOf\":{\"@id\":\"https:\/\/atravel.pro\/#website\"},\"primaryImageOfPage\":{\"@id\":\"https:\/\/atravel.pro\/services\/incentive-tours-and-teambuilding\/#primaryimage\"},\"image\":{\"@id\":\"https:\/\/atravel.pro\/services\/incentive-tours-and-teambuilding\/#primaryimage\"},\"thumbnailUrl\":\"https:\/\/atravel.pro\/wp-content\/uploads\/2026\/01\/\u0434\u043b\u0438\u043d\u043d\u0430\u044f.jpg\",\"datePublished\":\"2026-01-18T14:37:15+00:00\",\"dateModified\":\"2026-01-18T15:26:41+00:00\",\"description\":\"oost team spirit with unique incentive tours and team-building activities in Dubai, Qatar, and Oman. Customized corporate retreats and adventures by Atravel.pro.\",\"breadcrumb\":{\"@id\":\"https:\/\/atravel.pro\/services\/incentive-tours-and-teambuilding\/#breadcrumb\"},\"inLanguage\":\"es\",\"potentialAction\":[{\"@type\":\"ReadAction\",\"target\":[\"https:\/\/atravel.pro\/services\/incentive-tours-and-teambuilding\/\"]}]},{\"@type\":\"ImageObject\",\"inLanguage\":\"es\",\"@id\":\"https:\/\/atravel.pro\/services\/incentive-tours-and-teambuilding\/#primaryimage\",\"url\":\"https:\/\/atravel.pro\/wp-content\/uploads\/2026\/01\/\u0434\u043b\u0438\u043d\u043d\u0430\u044f.jpg\",\"contentUrl\":\"https:\/\/atravel.pro\/wp-content\/uploads\/2026\/01\/\u0434\u043b\u0438\u043d\u043d\u0430\u044f.jpg\",\"width\":1800,\"height\":347,\"caption\":\"Professional MICE and travel management services in the Middle East | atravel.pro\"},{\"@type\":\"BreadcrumbList\",\"@id\":\"https:\/\/atravel.pro\/services\/incentive-tours-and-teambuilding\/#breadcrumb\",\"itemListElement\":[{\"@type\":\"ListItem\",\"position\":1,\"name\":\"\u0413\u043b\u0430\u0432\u043d\u0430\u044f \u0441\u0442\u0440\u0430\u043d\u0438\u0446\u0430\",\"item\":\"https:\/\/atravel.pro\/\"},{\"@type\":\"ListItem\",\"position\":2,\"name\":\"Services\",\"item\":\"https:\/\/atravel.pro\/services\/\"},{\"@type\":\"ListItem\",\"position\":3,\"name\":\"Incentive Tours and Team-Building\"}]},{\"@type\":\"WebSite\",\"@id\":\"https:\/\/atravel.pro\/#website\",\"url\":\"https:\/\/atravel.pro\/\",\"name\":\"Atravel.pro\",\"description\":\"Just another WordPress site\",\"publisher\":{\"@id\":\"https:\/\/atravel.pro\/#organization\"},\"potentialAction\":[{\"@type\":\"SearchAction\",\"target\":{\"@type\":\"EntryPoint\",\"urlTemplate\":\"https:\/\/atravel.pro\/?s={search_term_string}\"},\"query-input\":{\"@type\":\"PropertyValueSpecification\",\"valueRequired\":true,\"valueName\":\"search_term_string\"}}],\"inLanguage\":\"es\"},{\"@type\":\"Organization\",\"@id\":\"https:\/\/atravel.pro\/#organization\",\"name\":\"Atravel.pro\",\"url\":\"https:\/\/atravel.pro\/\",\"logo\":{\"@type\":\"ImageObject\",\"inLanguage\":\"es\",\"@id\":\"https:\/\/atravel.pro\/#\/schema\/logo\/image\/\",\"url\":\"https:\/\/atravel.pro\/wp-content\/uploads\/2021\/08\/aTravel2.svg\",\"contentUrl\":\"https:\/\/atravel.pro\/wp-content\/uploads\/2021\/08\/aTravel2.svg\",\"width\":960,\"height\":560,\"caption\":\"Atravel.pro\"},\"image\":{\"@id\":\"https:\/\/atravel.pro\/#\/schema\/logo\/image\/\"}}]}<\/script>\n<!-- \/ Yoast SEO plugin. -->","yoast_head_json":{"title":"Incentive Tours & Corporate Team-Building in UAE & Middle East | Atravel.pro","description":"oost team spirit with unique incentive tours and team-building activities in Dubai, Qatar, and Oman. Customized corporate retreats and adventures by Atravel.pro.","robots":{"index":"index","follow":"follow","max-snippet":"max-snippet:-1","max-image-preview":"max-image-preview:large","max-video-preview":"max-video-preview:-1"},"canonical":"https:\/\/atravel.pro\/es\/services\/incentive-tours-and-teambuilding\/","og_locale":"es_ES","og_type":"article","og_title":"Jordan is the best destination for MICE, Leisure and VIP tourists","og_description":"See Petra in Jordan and Jerash city. MICE customers will find newly designed hotels in Jordan.For Leisure and VIP tourism Jordan has Aqaba and Tala Bay. Visit Ma\u2019in by The Dead Sea.","og_url":"https:\/\/atravel.pro\/es\/services\/incentive-tours-and-teambuilding\/","og_site_name":"Atravel.pro","article_modified_time":"2026-01-18T15:26:41+00:00","og_image":[{"width":1800,"height":347,"url":"http:\/\/atravel.pro\/wp-content\/uploads\/2026\/01\/\u0434\u043b\u0438\u043d\u043d\u0430\u044f.jpg","type":"image\/jpeg"}],"twitter_card":"summary_large_image","twitter_title":"Jordan is the best destination for MICE, Leisure and VIP tourists","twitter_description":"See Petra in Jordan and Jerash city. MICE customers will find newly designed hotels in Jordan.For Leisure and VIP tourism Jordan has Aqaba and Tala Bay. Visit Ma\u2019in by The Dead Sea.","twitter_misc":{"Tiempo de lectura":"3 minutos"},"schema":{"@context":"https:\/\/schema.org","@graph":[{"@type":"WebPage","@id":"https:\/\/atravel.pro\/services\/incentive-tours-and-teambuilding\/","url":"https:\/\/atravel.pro\/services\/incentive-tours-and-teambuilding\/","name":"Incentive Tours & Corporate Team-Building in UAE & Middle East | Atravel.pro","isPartOf":{"@id":"https:\/\/atravel.pro\/#website"},"primaryImageOfPage":{"@id":"https:\/\/atravel.pro\/services\/incentive-tours-and-teambuilding\/#primaryimage"},"image":{"@id":"https:\/\/atravel.pro\/services\/incentive-tours-and-teambuilding\/#primaryimage"},"thumbnailUrl":"https:\/\/atravel.pro\/wp-content\/uploads\/2026\/01\/\u0434\u043b\u0438\u043d\u043d\u0430\u044f.jpg","datePublished":"2026-01-18T14:37:15+00:00","dateModified":"2026-01-18T15:26:41+00:00","description":"oost team spirit with unique incentive tours and team-building activities in Dubai, Qatar, and Oman. Customized corporate retreats and adventures by Atravel.pro.","breadcrumb":{"@id":"https:\/\/atravel.pro\/services\/incentive-tours-and-teambuilding\/#breadcrumb"},"inLanguage":"es","potentialAction":[{"@type":"ReadAction","target":["https:\/\/atravel.pro\/services\/incentive-tours-and-teambuilding\/"]}]},{"@type":"ImageObject","inLanguage":"es","@id":"https:\/\/atravel.pro\/services\/incentive-tours-and-teambuilding\/#primaryimage","url":"https:\/\/atravel.pro\/wp-content\/uploads\/2026\/01\/\u0434\u043b\u0438\u043d\u043d\u0430\u044f.jpg","contentUrl":"https:\/\/atravel.pro\/wp-content\/uploads\/2026\/01\/\u0434\u043b\u0438\u043d\u043d\u0430\u044f.jpg","width":1800,"height":347,"caption":"Professional MICE and travel management services in the Middle East | atravel.pro"},{"@type":"BreadcrumbList","@id":"https:\/\/atravel.pro\/services\/incentive-tours-and-teambuilding\/#breadcrumb","itemListElement":[{"@type":"ListItem","position":1,"name":"\u0413\u043b\u0430\u0432\u043d\u0430\u044f \u0441\u0442\u0440\u0430\u043d\u0438\u0446\u0430","item":"https:\/\/atravel.pro\/"},{"@type":"ListItem","position":2,"name":"Services","item":"https:\/\/atravel.pro\/services\/"},{"@type":"ListItem","position":3,"name":"Incentive Tours and Team-Building"}]},{"@type":"WebSite","@id":"https:\/\/atravel.pro\/#website","url":"https:\/\/atravel.pro\/","name":"Atravel.pro","description":"Just another WordPress site","publisher":{"@id":"https:\/\/atravel.pro\/#organization"},"potentialAction":[{"@type":"SearchAction","target":{"@type":"EntryPoint","urlTemplate":"https:\/\/atravel.pro\/?s={search_term_string}"},"query-input":{"@type":"PropertyValueSpecification","valueRequired":true,"valueName":"search_term_string"}}],"inLanguage":"es"},{"@type":"Organization","@id":"https:\/\/atravel.pro\/#organization","name":"Atravel.pro","url":"https:\/\/atravel.pro\/","logo":{"@type":"ImageObject","inLanguage":"es","@id":"https:\/\/atravel.pro\/#\/schema\/logo\/image\/","url":"https:\/\/atravel.pro\/wp-content\/uploads\/2021\/08\/aTravel2.svg","contentUrl":"https:\/\/atravel.pro\/wp-content\/uploads\/2021\/08\/aTravel2.svg","width":960,"height":560,"caption":"Atravel.pro"},"image":{"@id":"https:\/\/atravel.pro\/#\/schema\/logo\/image\/"}}]}},"_links":{"self":[{"href":"https:\/\/atravel.pro\/es\/wp-json\/wp\/v2\/pages\/7970","targetHints":{"allow":["GET"]}}],"collection":[{"href":"https:\/\/atravel.pro\/es\/wp-json\/wp\/v2\/pages"}],"about":[{"href":"https:\/\/atravel.pro\/es\/wp-json\/wp\/v2\/types\/page"}],"author":[{"embeddable":true,"href":"https:\/\/atravel.pro\/es\/wp-json\/wp\/v2\/users\/1"}],"replies":[{"embeddable":true,"href":"https:\/\/atravel.pro\/es\/wp-json\/wp\/v2\/comments?post=7970"}],"version-history":[{"count":10,"href":"https:\/\/atravel.pro\/es\/wp-json\/wp\/v2\/pages\/7970\/revisions"}],"predecessor-version":[{"id":7980,"href":"https:\/\/atravel.pro\/es\/wp-json\/wp\/v2\/pages\/7970\/revisions\/7980"}],"up":[{"embeddable":true,"href":"https:\/\/atravel.pro\/es\/wp-json\/wp\/v2\/pages\/7968"}],"wp:featuredmedia":[{"embeddable":true,"href":"https:\/\/atravel.pro\/es\/wp-json\/wp\/v2\/media\/7967"}],"wp:attachment":[{"href":"https:\/\/atravel.pro\/es\/wp-json\/wp\/v2\/media?parent=7970"}],"curies":[{"name":"wp","href":"https:\/\/api.w.org\/{rel}","templated":true}]}}