{"id":7990,"date":"2026-01-18T18:11:35","date_gmt":"2026-01-18T18:11:35","guid":{"rendered":"https:\/\/atravel.pro\/?page_id=7990"},"modified":"2026-01-18T18:16:15","modified_gmt":"2026-01-18T18:16:15","slug":"accommodation","status":"publish","type":"page","link":"https:\/\/atravel.pro\/es\/services\/accommodation\/","title":{"rendered":"Alojamiento"},"content":{"rendered":"<div data-elementor-type=\"wp-page\" data-elementor-id=\"7990\" class=\"elementor elementor-7990\">\n\t\t\t\t\t\t\t\t\t<section class=\"elementor-section elementor-top-section elementor-element elementor-element-dad4c0e elementor-section-height-min-height elementor-section-items-stretch elementor-section-content-middle elementor-section-boxed elementor-section-height-default\" data-id=\"dad4c0e\" data-element_type=\"section\" data-settings=\"{&quot;background_background&quot;:&quot;classic&quot;}\">\n\t\t\t\t\t\t\t<div class=\"elementor-background-overlay\"><\/div>\n\t\t\t\t\t\t\t<div class=\"elementor-container elementor-column-gap-default\">\n\t\t\t\t\t<div class=\"elementor-column elementor-col-100 elementor-top-column elementor-element elementor-element-3262db9\" data-id=\"3262db9\" data-element_type=\"column\">\n\t\t\t<div class=\"elementor-widget-wrap elementor-element-populated\">\n\t\t\t\t\t\t\t\t<div class=\"elementor-element elementor-element-5ee04a9 elementor-widget elementor-widget-heading\" data-id=\"5ee04a9\" data-element_type=\"widget\" data-widget_type=\"heading.default\">\n\t\t\t\t<div class=\"elementor-widget-container\">\n\t\t\t<style>\/*! elementor - v3.6.1 - 23-03-2022 *\/\n.elementor-heading-title{padding:0;margin:0;line-height:1}.elementor-widget-heading .elementor-heading-title[class*=elementor-size-]>a{color:inherit;font-size:inherit;line-height:inherit}.elementor-widget-heading .elementor-heading-title.elementor-size-small{font-size:15px}.elementor-widget-heading .elementor-heading-title.elementor-size-medium{font-size:19px}.elementor-widget-heading .elementor-heading-title.elementor-size-large{font-size:29px}.elementor-widget-heading .elementor-heading-title.elementor-size-xl{font-size:39px}.elementor-widget-heading .elementor-heading-title.elementor-size-xxl{font-size:59px}<\/style><h1 class=\"elementor-heading-title elementor-size-default\">Alojamiento<\/h1>\t\t<\/div>\n\t\t\t\t<\/div>\n\t\t\t\t\t<\/div>\n\t\t<\/div>\n\t\t\t\t\t\t\t<\/div>\n\t\t<\/section>\n\t\t\t\t<section class=\"elementor-section elementor-top-section elementor-element elementor-element-a9aafc5 elementor-section-boxed elementor-section-height-default elementor-section-height-default\" data-id=\"a9aafc5\" data-element_type=\"section\">\n\t\t\t\t\t\t<div class=\"elementor-container elementor-column-gap-default\">\n\t\t\t\t\t<div class=\"elementor-column elementor-col-100 elementor-top-column elementor-element elementor-element-8fd34c7\" data-id=\"8fd34c7\" data-element_type=\"column\">\n\t\t\t<div class=\"elementor-widget-wrap elementor-element-populated\">\n\t\t\t\t\t\t\t\t<div class=\"elementor-element elementor-element-bd816bd elementor-widget elementor-widget-text-editor\" data-id=\"bd816bd\" data-element_type=\"widget\" data-widget_type=\"text-editor.default\">\n\t\t\t\t<div class=\"elementor-widget-container\">\n\t\t\t<style>\/*! elementor - v3.6.1 - 23-03-2022 *\/\n.elementor-widget-text-editor.elementor-drop-cap-view-stacked .elementor-drop-cap{background-color:#818a91;color:#fff}.elementor-widget-text-editor.elementor-drop-cap-view-framed .elementor-drop-cap{color:#818a91;border:3px solid;background-color:transparent}.elementor-widget-text-editor:not(.elementor-drop-cap-view-default) .elementor-drop-cap{margin-top:8px}.elementor-widget-text-editor:not(.elementor-drop-cap-view-default) .elementor-drop-cap-letter{width:1em;height:1em}.elementor-widget-text-editor .elementor-drop-cap{float:left;text-align:center;line-height:1;font-size:50px}.elementor-widget-text-editor .elementor-drop-cap-letter{display:inline-block}<\/style>\t\t\t\t<p>El equipo de Atravel garantiza un alto nivel de confort durante toda su estancia, sea cual sea el motivo de su viaje. Seleccionamos cuidadosamente hoteles, campamentos en el desierto y otros tipos de alojamiento que se ajusten a sus expectativas y necesidades.<\/p>\t\t\t\t\t\t<\/div>\n\t\t\t\t<\/div>\n\t\t\t\t<div class=\"elementor-element elementor-element-6263ad0 elementor-widget elementor-widget-text-editor\" data-id=\"6263ad0\" data-element_type=\"widget\" data-widget_type=\"text-editor.default\">\n\t\t\t\t<div class=\"elementor-widget-container\">\n\t\t\t\t\t\t\t<p>La hospitalidad de Oriente Medio no tiene l\u00edmites. En los EAU, Om\u00e1n, Qatar y Arabia Saud\u00ed encontrar\u00e1 una gran variedad de opciones para todos los gustos:<\/p><ul><li>Hoteles de negocios con un gran n\u00famero de habitaciones y amplias salas de conferencias, ideales para eventos MICE y reuniones de empresa;<\/li><li>Hoteles de estilo de vida que ofrecen una vibrante vida nocturna y programas de entretenimiento que se prolongan hasta altas horas de la madrugada;<\/li><li>Resorts de playa para los que buscan relax junto al mar, combinado con un servicio de primer nivel y una amplia gama de actividades acu\u00e1ticas;<\/li><li>Refugios de monta\u00f1a en Jebel Akhdar (Om\u00e1n) o la isla de Sir Bani Yas (EAU), perfectos para hu\u00e9spedes que valoran la intimidad, el lujo y la proximidad a la naturaleza;<\/li><li>Resorts des\u00e9rticos, verdaderos oasis de serenidad y belleza, donde podr\u00e1 sumergirse en la cultura local, probar la cetrer\u00eda o disfrutar de la observaci\u00f3n de las estrellas.<\/li><\/ul>\t\t\t\t\t\t<\/div>\n\t\t\t\t<\/div>\n\t\t\t\t<div class=\"elementor-element elementor-element-7162b03 elementor-widget elementor-widget-text-editor\" data-id=\"7162b03\" data-element_type=\"widget\" data-widget_type=\"text-editor.default\">\n\t\t\t\t<div class=\"elementor-widget-container\">\n\t\t\t\t\t\t\t<p>Ofrecemos alojamiento en los mejores hoteles de Dubai, Abu Dhabi, Mascate, Doha y Riad, as\u00ed como en lugares excepcionales como el desierto de Rub' al Khali o la costa del Mar Rojo de Arabia Saud\u00ed. Sean cuales sean sus preferencias, encontraremos la opci\u00f3n perfecta adaptada a sus expectativas y presupuesto.<\/p>\t\t\t\t\t\t<\/div>\n\t\t\t\t<\/div>\n\t\t\t\t<div class=\"elementor-element elementor-element-3e486ad elementor-widget elementor-widget-text-editor\" data-id=\"3e486ad\" data-element_type=\"widget\" data-widget_type=\"text-editor.default\">\n\t\t\t\t<div class=\"elementor-widget-container\">\n\t\t\t\t\t\t\t<p>Con Atravel, cada detalle de su alojamiento est\u00e1 cuidadosamente organizado para garantizar que su estancia sea lo m\u00e1s agradable y c\u00f3moda posible.<\/p>\t\t\t\t\t\t<\/div>\n\t\t\t\t<\/div>\n\t\t\t\t\t<\/div>\n\t\t<\/div>\n\t\t\t\t\t\t\t<\/div>\n\t\t<\/section>\n\t\t\t\t<section class=\"elementor-section elementor-top-section elementor-element elementor-element-5bdbb67 elementor-section-boxed elementor-section-height-default elementor-section-height-default\" data-id=\"5bdbb67\" data-element_type=\"section\">\n\t\t\t\t\t\t<div class=\"elementor-container elementor-column-gap-default\">\n\t\t\t\t\t<div class=\"elementor-column elementor-col-100 elementor-top-column elementor-element elementor-element-20981f8\" data-id=\"20981f8\" data-element_type=\"column\">\n\t\t\t<div class=\"elementor-widget-wrap elementor-element-populated\">\n\t\t\t\t\t\t\t\t<div class=\"elementor-element elementor-element-f903780 elementor-widget elementor-widget-image-carousel\" data-id=\"f903780\" data-element_type=\"widget\" data-settings=\"{&quot;slides_to_show&quot;:&quot;3&quot;,&quot;slides_to_scroll&quot;:&quot;1&quot;,&quot;navigation&quot;:&quot;none&quot;,&quot;pause_on_hover&quot;:&quot;no&quot;,&quot;pause_on_interaction&quot;:&quot;no&quot;,&quot;autoplay&quot;:&quot;yes&quot;,&quot;autoplay_speed&quot;:5000,&quot;infinite&quot;:&quot;yes&quot;,&quot;speed&quot;:500,&quot;image_spacing_custom&quot;:{&quot;unit&quot;:&quot;px&quot;,&quot;size&quot;:20,&quot;sizes&quot;:[]}}\" data-widget_type=\"image-carousel.default\">\n\t\t\t\t<div class=\"elementor-widget-container\">\n\t\t\t<style>\/*! elementor - v3.6.1 - 23-03-2022 *\/\n.elementor-widget-image-carousel .swiper-container{position:static}.elementor-widget-image-carousel .swiper-container .swiper-slide figure{line-height:inherit}.elementor-widget-image-carousel .swiper-slide{text-align:center}.elementor-image-carousel-wrapper:not(.swiper-container-initialized) .swiper-slide{max-width:calc(100% \/ var(--e-image-carousel-slides-to-show, 3))}<\/style>\t\t<div class=\"elementor-image-carousel-wrapper swiper-container\" dir=\"ltr\">\n\t\t\t<div class=\"elementor-image-carousel swiper-wrapper swiper-image-stretch\">\n\t\t\t\t\t\t\t\t<div class=\"swiper-slide\"><figure class=\"swiper-slide-inner\"><img decoding=\"async\" class=\"swiper-slide-image\" src=\"https:\/\/atravel.pro\/wp-content\/uploads\/2026\/01\/al-sahari-tented-pool.jpg\" alt=\"Luxury desert resort with private pool and tented accommodation | atravel.pro\" \/><\/figure><\/div><div class=\"swiper-slide\"><figure class=\"swiper-slide-inner\"><img decoding=\"async\" class=\"swiper-slide-image\" src=\"https:\/\/atravel.pro\/wp-content\/uploads\/2026\/01\/pexels-olly-3757940.jpg\" alt=\"Relaxing atmosphere at a premium beach resort in the Middle East | atravel.pro\" \/><\/figure><\/div><div class=\"swiper-slide\"><figure class=\"swiper-slide-inner\"><img decoding=\"async\" class=\"swiper-slide-image\" src=\"https:\/\/atravel.pro\/wp-content\/uploads\/2026\/01\/1.jpg\" alt=\"Modern hotel room interior with high-end amenities for business travelers | atravel.pro\" \/><\/figure><\/div>\t\t\t<\/div>\n\t\t\t\t\t\t\t\t\t\t\t\t\t\t\t\t<\/div>\n\t\t\t\t<\/div>\n\t\t\t\t<\/div>\n\t\t\t\t\t<\/div>\n\t\t<\/div>\n\t\t\t\t\t\t\t<\/div>\n\t\t<\/section>\n\t\t\t\t\t\t\t<\/div>","protected":false},"excerpt":{"rendered":"<p>Accommodation The Atravel team ensures a high level of comfort throughout your stay, no matter the purpose of your trip. We carefully select hotels, desert camps, and other types of accommodation to match your expectations and needs. Middle Eastern hospitality truly knows no bounds. In the UAE, Oman, Qatar, and Saudi Arabia, you\u2019ll find a&#8230;<\/p>","protected":false},"author":1,"featured_media":7992,"parent":7968,"menu_order":0,"comment_status":"closed","ping_status":"closed","template":"","meta":{"footnotes":""},"class_list":["post-7990","page","type-page","status-publish","has-post-thumbnail","hentry"],"yoast_head":"<!-- This site is optimized with the Yoast SEO plugin v24.8.1 - https:\/\/yoast.com\/wordpress\/plugins\/seo\/ -->\n<title>Hotel Accommodation &amp; Group Booking in UAE, Qatar, Oman | Atravel.pro<\/title>\n<meta name=\"description\" content=\"Premium accommodation services in the Middle East. We offer a curated selection of business hotels, beach resorts, and desert retreats tailored to your needs by Atravel.pro.\" \/>\n<meta name=\"robots\" content=\"index, follow, max-snippet:-1, max-image-preview:large, max-video-preview:-1\" \/>\n<link rel=\"canonical\" href=\"https:\/\/atravel.pro\/es\/services\/accommodation\/\" \/>\n<meta property=\"og:locale\" content=\"es_ES\" \/>\n<meta property=\"og:type\" content=\"article\" \/>\n<meta property=\"og:title\" content=\"Jordan is the best destination for MICE, Leisure and VIP tourists\" \/>\n<meta property=\"og:description\" content=\"See Petra in Jordan and Jerash city. MICE customers will find newly designed hotels in Jordan.For Leisure and VIP tourism Jordan has Aqaba and Tala Bay. Visit Ma\u2019in by The Dead Sea.\" \/>\n<meta property=\"og:url\" content=\"https:\/\/atravel.pro\/es\/services\/accommodation\/\" \/>\n<meta property=\"og:site_name\" content=\"Atravel.pro\" \/>\n<meta property=\"article:modified_time\" content=\"2026-01-18T18:16:15+00:00\" \/>\n<meta property=\"og:image\" content=\"http:\/\/atravel.pro\/wp-content\/uploads\/2026\/01\/long.jpg\" \/>\n\t<meta property=\"og:image:width\" content=\"1800\" \/>\n\t<meta property=\"og:image:height\" content=\"347\" \/>\n\t<meta property=\"og:image:type\" content=\"image\/jpeg\" \/>\n<meta name=\"twitter:card\" content=\"summary_large_image\" \/>\n<meta name=\"twitter:title\" content=\"Jordan is the best destination for MICE, Leisure and VIP tourists\" \/>\n<meta name=\"twitter:description\" content=\"See Petra in Jordan and Jerash city. MICE customers will find newly designed hotels in Jordan.For Leisure and VIP tourism Jordan has Aqaba and Tala Bay. Visit Ma\u2019in by The Dead Sea.\" \/>\n<meta name=\"twitter:label1\" content=\"Tiempo de lectura\" \/>\n\t<meta name=\"twitter:data1\" content=\"3 minutos\" \/>\n<script type=\"application\/ld+json\" class=\"yoast-schema-graph\">{\"@context\":\"https:\/\/schema.org\",\"@graph\":[{\"@type\":\"WebPage\",\"@id\":\"https:\/\/atravel.pro\/services\/accommodation\/\",\"url\":\"https:\/\/atravel.pro\/services\/accommodation\/\",\"name\":\"Hotel Accommodation & Group Booking in UAE, Qatar, Oman | Atravel.pro\",\"isPartOf\":{\"@id\":\"https:\/\/atravel.pro\/#website\"},\"primaryImageOfPage\":{\"@id\":\"https:\/\/atravel.pro\/services\/accommodation\/#primaryimage\"},\"image\":{\"@id\":\"https:\/\/atravel.pro\/services\/accommodation\/#primaryimage\"},\"thumbnailUrl\":\"https:\/\/atravel.pro\/wp-content\/uploads\/2026\/01\/long.jpg\",\"datePublished\":\"2026-01-18T18:11:35+00:00\",\"dateModified\":\"2026-01-18T18:16:15+00:00\",\"description\":\"Premium accommodation services in the Middle East. We offer a curated selection of business hotels, beach resorts, and desert retreats tailored to your needs by Atravel.pro.\",\"breadcrumb\":{\"@id\":\"https:\/\/atravel.pro\/services\/accommodation\/#breadcrumb\"},\"inLanguage\":\"es\",\"potentialAction\":[{\"@type\":\"ReadAction\",\"target\":[\"https:\/\/atravel.pro\/services\/accommodation\/\"]}]},{\"@type\":\"ImageObject\",\"inLanguage\":\"es\",\"@id\":\"https:\/\/atravel.pro\/services\/accommodation\/#primaryimage\",\"url\":\"https:\/\/atravel.pro\/wp-content\/uploads\/2026\/01\/long.jpg\",\"contentUrl\":\"https:\/\/atravel.pro\/wp-content\/uploads\/2026\/01\/long.jpg\",\"width\":1800,\"height\":347,\"caption\":\"Professional MICE and travel management services in the Middle East | atravel.pro\"},{\"@type\":\"BreadcrumbList\",\"@id\":\"https:\/\/atravel.pro\/services\/accommodation\/#breadcrumb\",\"itemListElement\":[{\"@type\":\"ListItem\",\"position\":1,\"name\":\"\u0413\u043b\u0430\u0432\u043d\u0430\u044f \u0441\u0442\u0440\u0430\u043d\u0438\u0446\u0430\",\"item\":\"https:\/\/atravel.pro\/\"},{\"@type\":\"ListItem\",\"position\":2,\"name\":\"Services\",\"item\":\"https:\/\/atravel.pro\/services\/\"},{\"@type\":\"ListItem\",\"position\":3,\"name\":\"Accommodation\"}]},{\"@type\":\"WebSite\",\"@id\":\"https:\/\/atravel.pro\/#website\",\"url\":\"https:\/\/atravel.pro\/\",\"name\":\"Atravel.pro\",\"description\":\"Just another WordPress site\",\"publisher\":{\"@id\":\"https:\/\/atravel.pro\/#organization\"},\"potentialAction\":[{\"@type\":\"SearchAction\",\"target\":{\"@type\":\"EntryPoint\",\"urlTemplate\":\"https:\/\/atravel.pro\/?s={search_term_string}\"},\"query-input\":{\"@type\":\"PropertyValueSpecification\",\"valueRequired\":true,\"valueName\":\"search_term_string\"}}],\"inLanguage\":\"es\"},{\"@type\":\"Organization\",\"@id\":\"https:\/\/atravel.pro\/#organization\",\"name\":\"Atravel.pro\",\"url\":\"https:\/\/atravel.pro\/\",\"logo\":{\"@type\":\"ImageObject\",\"inLanguage\":\"es\",\"@id\":\"https:\/\/atravel.pro\/#\/schema\/logo\/image\/\",\"url\":\"https:\/\/atravel.pro\/wp-content\/uploads\/2021\/08\/aTravel2.svg\",\"contentUrl\":\"https:\/\/atravel.pro\/wp-content\/uploads\/2021\/08\/aTravel2.svg\",\"width\":960,\"height\":560,\"caption\":\"Atravel.pro\"},\"image\":{\"@id\":\"https:\/\/atravel.pro\/#\/schema\/logo\/image\/\"}}]}<\/script>\n<!-- \/ Yoast SEO plugin. -->","yoast_head_json":{"title":"Hotel Accommodation & Group Booking in UAE, Qatar, Oman | Atravel.pro","description":"Premium accommodation services in the Middle East. We offer a curated selection of business hotels, beach resorts, and desert retreats tailored to your needs by Atravel.pro.","robots":{"index":"index","follow":"follow","max-snippet":"max-snippet:-1","max-image-preview":"max-image-preview:large","max-video-preview":"max-video-preview:-1"},"canonical":"https:\/\/atravel.pro\/es\/services\/accommodation\/","og_locale":"es_ES","og_type":"article","og_title":"Jordan is the best destination for MICE, Leisure and VIP tourists","og_description":"See Petra in Jordan and Jerash city. MICE customers will find newly designed hotels in Jordan.For Leisure and VIP tourism Jordan has Aqaba and Tala Bay. Visit Ma\u2019in by The Dead Sea.","og_url":"https:\/\/atravel.pro\/es\/services\/accommodation\/","og_site_name":"Atravel.pro","article_modified_time":"2026-01-18T18:16:15+00:00","og_image":[{"width":1800,"height":347,"url":"http:\/\/atravel.pro\/wp-content\/uploads\/2026\/01\/long.jpg","type":"image\/jpeg"}],"twitter_card":"summary_large_image","twitter_title":"Jordan is the best destination for MICE, Leisure and VIP tourists","twitter_description":"See Petra in Jordan and Jerash city. MICE customers will find newly designed hotels in Jordan.For Leisure and VIP tourism Jordan has Aqaba and Tala Bay. Visit Ma\u2019in by The Dead Sea.","twitter_misc":{"Tiempo de lectura":"3 minutos"},"schema":{"@context":"https:\/\/schema.org","@graph":[{"@type":"WebPage","@id":"https:\/\/atravel.pro\/services\/accommodation\/","url":"https:\/\/atravel.pro\/services\/accommodation\/","name":"Hotel Accommodation & Group Booking in UAE, Qatar, Oman | Atravel.pro","isPartOf":{"@id":"https:\/\/atravel.pro\/#website"},"primaryImageOfPage":{"@id":"https:\/\/atravel.pro\/services\/accommodation\/#primaryimage"},"image":{"@id":"https:\/\/atravel.pro\/services\/accommodation\/#primaryimage"},"thumbnailUrl":"https:\/\/atravel.pro\/wp-content\/uploads\/2026\/01\/long.jpg","datePublished":"2026-01-18T18:11:35+00:00","dateModified":"2026-01-18T18:16:15+00:00","description":"Premium accommodation services in the Middle East. We offer a curated selection of business hotels, beach resorts, and desert retreats tailored to your needs by Atravel.pro.","breadcrumb":{"@id":"https:\/\/atravel.pro\/services\/accommodation\/#breadcrumb"},"inLanguage":"es","potentialAction":[{"@type":"ReadAction","target":["https:\/\/atravel.pro\/services\/accommodation\/"]}]},{"@type":"ImageObject","inLanguage":"es","@id":"https:\/\/atravel.pro\/services\/accommodation\/#primaryimage","url":"https:\/\/atravel.pro\/wp-content\/uploads\/2026\/01\/long.jpg","contentUrl":"https:\/\/atravel.pro\/wp-content\/uploads\/2026\/01\/long.jpg","width":1800,"height":347,"caption":"Professional MICE and travel management services in the Middle East | atravel.pro"},{"@type":"BreadcrumbList","@id":"https:\/\/atravel.pro\/services\/accommodation\/#breadcrumb","itemListElement":[{"@type":"ListItem","position":1,"name":"\u0413\u043b\u0430\u0432\u043d\u0430\u044f \u0441\u0442\u0440\u0430\u043d\u0438\u0446\u0430","item":"https:\/\/atravel.pro\/"},{"@type":"ListItem","position":2,"name":"Services","item":"https:\/\/atravel.pro\/services\/"},{"@type":"ListItem","position":3,"name":"Accommodation"}]},{"@type":"WebSite","@id":"https:\/\/atravel.pro\/#website","url":"https:\/\/atravel.pro\/","name":"Atravel.pro","description":"Just another WordPress site","publisher":{"@id":"https:\/\/atravel.pro\/#organization"},"potentialAction":[{"@type":"SearchAction","target":{"@type":"EntryPoint","urlTemplate":"https:\/\/atravel.pro\/?s={search_term_string}"},"query-input":{"@type":"PropertyValueSpecification","valueRequired":true,"valueName":"search_term_string"}}],"inLanguage":"es"},{"@type":"Organization","@id":"https:\/\/atravel.pro\/#organization","name":"Atravel.pro","url":"https:\/\/atravel.pro\/","logo":{"@type":"ImageObject","inLanguage":"es","@id":"https:\/\/atravel.pro\/#\/schema\/logo\/image\/","url":"https:\/\/atravel.pro\/wp-content\/uploads\/2021\/08\/aTravel2.svg","contentUrl":"https:\/\/atravel.pro\/wp-content\/uploads\/2021\/08\/aTravel2.svg","width":960,"height":560,"caption":"Atravel.pro"},"image":{"@id":"https:\/\/atravel.pro\/#\/schema\/logo\/image\/"}}]}},"_links":{"self":[{"href":"https:\/\/atravel.pro\/es\/wp-json\/wp\/v2\/pages\/7990","targetHints":{"allow":["GET"]}}],"collection":[{"href":"https:\/\/atravel.pro\/es\/wp-json\/wp\/v2\/pages"}],"about":[{"href":"https:\/\/atravel.pro\/es\/wp-json\/wp\/v2\/types\/page"}],"author":[{"embeddable":true,"href":"https:\/\/atravel.pro\/es\/wp-json\/wp\/v2\/users\/1"}],"replies":[{"embeddable":true,"href":"https:\/\/atravel.pro\/es\/wp-json\/wp\/v2\/comments?post=7990"}],"version-history":[{"count":4,"href":"https:\/\/atravel.pro\/es\/wp-json\/wp\/v2\/pages\/7990\/revisions"}],"predecessor-version":[{"id":7998,"href":"https:\/\/atravel.pro\/es\/wp-json\/wp\/v2\/pages\/7990\/revisions\/7998"}],"up":[{"embeddable":true,"href":"https:\/\/atravel.pro\/es\/wp-json\/wp\/v2\/pages\/7968"}],"wp:featuredmedia":[{"embeddable":true,"href":"https:\/\/atravel.pro\/es\/wp-json\/wp\/v2\/media\/7992"}],"wp:attachment":[{"href":"https:\/\/atravel.pro\/es\/wp-json\/wp\/v2\/media?parent=7990"}],"curies":[{"name":"wp","href":"https:\/\/api.w.org\/{rel}","templated":true}]}}