{"id":8002,"date":"2026-01-18T18:27:26","date_gmt":"2026-01-18T18:27:26","guid":{"rendered":"https:\/\/atravel.pro\/?page_id=8002"},"modified":"2026-01-18T18:32:24","modified_gmt":"2026-01-18T18:32:24","slug":"transportation","status":"publish","type":"page","link":"https:\/\/atravel.pro\/es\/services\/transportation\/","title":{"rendered":"Transporte"},"content":{"rendered":"<div data-elementor-type=\"wp-page\" data-elementor-id=\"8002\" class=\"elementor elementor-8002\">\n\t\t\t\t\t\t\t\t\t<section class=\"elementor-section elementor-top-section elementor-element elementor-element-dad4c0e elementor-section-height-min-height elementor-section-items-stretch elementor-section-content-middle elementor-section-boxed elementor-section-height-default\" data-id=\"dad4c0e\" data-element_type=\"section\" data-settings=\"{&quot;background_background&quot;:&quot;classic&quot;}\">\n\t\t\t\t\t\t\t<div class=\"elementor-background-overlay\"><\/div>\n\t\t\t\t\t\t\t<div class=\"elementor-container elementor-column-gap-default\">\n\t\t\t\t\t<div class=\"elementor-column elementor-col-100 elementor-top-column elementor-element elementor-element-3262db9\" data-id=\"3262db9\" data-element_type=\"column\">\n\t\t\t<div class=\"elementor-widget-wrap elementor-element-populated\">\n\t\t\t\t\t\t\t\t<div class=\"elementor-element elementor-element-5ee04a9 elementor-widget elementor-widget-heading\" data-id=\"5ee04a9\" data-element_type=\"widget\" data-widget_type=\"heading.default\">\n\t\t\t\t<div class=\"elementor-widget-container\">\n\t\t\t<style>\/*! elementor - v3.6.1 - 23-03-2022 *\/\n.elementor-heading-title{padding:0;margin:0;line-height:1}.elementor-widget-heading .elementor-heading-title[class*=elementor-size-]>a{color:inherit;font-size:inherit;line-height:inherit}.elementor-widget-heading .elementor-heading-title.elementor-size-small{font-size:15px}.elementor-widget-heading .elementor-heading-title.elementor-size-medium{font-size:19px}.elementor-widget-heading .elementor-heading-title.elementor-size-large{font-size:29px}.elementor-widget-heading .elementor-heading-title.elementor-size-xl{font-size:39px}.elementor-widget-heading .elementor-heading-title.elementor-size-xxl{font-size:59px}<\/style><h1 class=\"elementor-heading-title elementor-size-default\">Transporte\n<\/h1>\t\t<\/div>\n\t\t\t\t<\/div>\n\t\t\t\t\t<\/div>\n\t\t<\/div>\n\t\t\t\t\t\t\t<\/div>\n\t\t<\/section>\n\t\t\t\t<section class=\"elementor-section elementor-top-section elementor-element elementor-element-a9aafc5 elementor-section-boxed elementor-section-height-default elementor-section-height-default\" data-id=\"a9aafc5\" data-element_type=\"section\">\n\t\t\t\t\t\t<div class=\"elementor-container elementor-column-gap-default\">\n\t\t\t\t\t<div class=\"elementor-column elementor-col-100 elementor-top-column elementor-element elementor-element-8fd34c7\" data-id=\"8fd34c7\" data-element_type=\"column\">\n\t\t\t<div class=\"elementor-widget-wrap elementor-element-populated\">\n\t\t\t\t\t\t\t\t<div class=\"elementor-element elementor-element-bd816bd elementor-widget elementor-widget-text-editor\" data-id=\"bd816bd\" data-element_type=\"widget\" data-widget_type=\"text-editor.default\">\n\t\t\t\t<div class=\"elementor-widget-container\">\n\t\t\t<style>\/*! elementor - v3.6.1 - 23-03-2022 *\/\n.elementor-widget-text-editor.elementor-drop-cap-view-stacked .elementor-drop-cap{background-color:#818a91;color:#fff}.elementor-widget-text-editor.elementor-drop-cap-view-framed .elementor-drop-cap{color:#818a91;border:3px solid;background-color:transparent}.elementor-widget-text-editor:not(.elementor-drop-cap-view-default) .elementor-drop-cap{margin-top:8px}.elementor-widget-text-editor:not(.elementor-drop-cap-view-default) .elementor-drop-cap-letter{width:1em;height:1em}.elementor-widget-text-editor .elementor-drop-cap{float:left;text-align:center;line-height:1;font-size:50px}.elementor-widget-text-editor .elementor-drop-cap-letter{display:inline-block}<\/style>\t\t\t\t<p>Atravel proporciona soluciones profesionales de transporte y organiza traslados de cualquier complejidad en todos los EAU y Oriente Medio. Ofrecemos traslados individuales y de grupo desde el aeropuerto hasta el hotel, as\u00ed como apoyo completo de transporte para reuniones de negocios, conferencias, exposiciones y visitas tur\u00edsticas. Nuestra flota incluye coches de alta gama, monovol\u00famenes, c\u00f3modos autobuses y veh\u00edculos VIP para ocasiones especiales.<\/p>\t\t\t\t\t\t<\/div>\n\t\t\t\t<\/div>\n\t\t\t\t<div class=\"elementor-element elementor-element-7162b03 elementor-widget elementor-widget-text-editor\" data-id=\"7162b03\" data-element_type=\"widget\" data-widget_type=\"text-editor.default\">\n\t\t\t\t<div class=\"elementor-widget-container\">\n\t\t\t\t\t\t\t<p class=\" translation-block\">Cada solicitud se gestiona de forma individual: seleccionamos el veh\u00edculo y planificamos la ruta en funci\u00f3n del objetivo del viaje, el n\u00famero de pasajeros y su horario. Garantizamos puntualidad, comodidad, discreci\u00f3n y un alto nivel de servicio. Nuestros conductores son corteses, siempre puntuales y hablan ingl\u00e9s con fluidez, lo que es especialmente importante cuando se trata de clientes internacionales.\n<br><br>Para aquellos que buscan experiencias \u00fanicas y elevadas, ofrecemos traslados en helic\u00f3ptero, coches deportivos de lujo, limusinas y veh\u00edculos todoterreno exclusivos. Estas opciones son perfectas para clientes VIP, ejecutivos, delegaciones o simplemente para crear una impresi\u00f3n duradera.<\/p>\t\t\t\t\t\t<\/div>\n\t\t\t\t<\/div>\n\t\t\t\t<div class=\"elementor-element elementor-element-3e486ad elementor-widget elementor-widget-text-editor\" data-id=\"3e486ad\" data-element_type=\"widget\" data-widget_type=\"text-editor.default\">\n\t\t\t\t<div class=\"elementor-widget-container\">\n\t\t\t\t\t\t\t<p>Con Atravel, puede estar seguro de que la log\u00edstica de su evento o viaje se gestionar\u00e1 al m\u00e1s alto nivel, ya sea una reuni\u00f3n de negocios en Dubai, una visita tur\u00edstica en Mascate o una recepci\u00f3n de socios en Riad. Atravel es su socio de confianza para servicios de transporte y traslados en todo Oriente Medio.<\/p>\t\t\t\t\t\t<\/div>\n\t\t\t\t<\/div>\n\t\t\t\t\t<\/div>\n\t\t<\/div>\n\t\t\t\t\t\t\t<\/div>\n\t\t<\/section>\n\t\t\t\t<section class=\"elementor-section elementor-top-section elementor-element elementor-element-5bdbb67 elementor-section-boxed elementor-section-height-default elementor-section-height-default\" data-id=\"5bdbb67\" data-element_type=\"section\">\n\t\t\t\t\t\t<div class=\"elementor-container elementor-column-gap-default\">\n\t\t\t\t\t<div class=\"elementor-column elementor-col-100 elementor-top-column elementor-element elementor-element-20981f8\" data-id=\"20981f8\" data-element_type=\"column\">\n\t\t\t<div class=\"elementor-widget-wrap elementor-element-populated\">\n\t\t\t\t\t\t\t\t<div class=\"elementor-element elementor-element-f903780 elementor-widget elementor-widget-image-carousel\" data-id=\"f903780\" data-element_type=\"widget\" data-settings=\"{&quot;slides_to_show&quot;:&quot;3&quot;,&quot;slides_to_scroll&quot;:&quot;1&quot;,&quot;navigation&quot;:&quot;none&quot;,&quot;pause_on_hover&quot;:&quot;no&quot;,&quot;pause_on_interaction&quot;:&quot;no&quot;,&quot;autoplay&quot;:&quot;yes&quot;,&quot;autoplay_speed&quot;:5000,&quot;infinite&quot;:&quot;yes&quot;,&quot;speed&quot;:500,&quot;image_spacing_custom&quot;:{&quot;unit&quot;:&quot;px&quot;,&quot;size&quot;:20,&quot;sizes&quot;:[]}}\" data-widget_type=\"image-carousel.default\">\n\t\t\t\t<div class=\"elementor-widget-container\">\n\t\t\t<style>\/*! elementor - v3.6.1 - 23-03-2022 *\/\n.elementor-widget-image-carousel .swiper-container{position:static}.elementor-widget-image-carousel .swiper-container .swiper-slide figure{line-height:inherit}.elementor-widget-image-carousel .swiper-slide{text-align:center}.elementor-image-carousel-wrapper:not(.swiper-container-initialized) .swiper-slide{max-width:calc(100% \/ var(--e-image-carousel-slides-to-show, 3))}<\/style>\t\t<div class=\"elementor-image-carousel-wrapper swiper-container\" dir=\"ltr\">\n\t\t\t<div class=\"elementor-image-carousel swiper-wrapper swiper-image-stretch\">\n\t\t\t\t\t\t\t\t<div class=\"swiper-slide\"><figure class=\"swiper-slide-inner\"><img decoding=\"async\" class=\"swiper-slide-image\" src=\"https:\/\/atravel.pro\/wp-content\/uploads\/2026\/01\/3-2.jpg\" alt=\"Meet and greet service at the airport with professional transportation setup | atravel.pro\" \/><\/figure><\/div><div class=\"swiper-slide\"><figure class=\"swiper-slide-inner\"><img decoding=\"async\" class=\"swiper-slide-image\" src=\"https:\/\/atravel.pro\/wp-content\/uploads\/2026\/01\/2.jpg\" alt=\"Professional chauffeur service for corporate clients and international delegates | atravel.pro\" \/><\/figure><\/div><div class=\"swiper-slide\"><figure class=\"swiper-slide-inner\"><img decoding=\"async\" class=\"swiper-slide-image\" src=\"https:\/\/atravel.pro\/wp-content\/uploads\/2026\/01\/1-2.jpg\" alt=\"Executive luxury car for VIP airport transfers and business trips | atravel.pro\" \/><\/figure><\/div>\t\t\t<\/div>\n\t\t\t\t\t\t\t\t\t\t\t\t\t\t\t\t<\/div>\n\t\t\t\t<\/div>\n\t\t\t\t<\/div>\n\t\t\t\t\t<\/div>\n\t\t<\/div>\n\t\t\t\t\t\t\t<\/div>\n\t\t<\/section>\n\t\t\t\t\t\t\t<\/div>","protected":false},"excerpt":{"rendered":"<p>Transportation Atravel provides professional transportation solutions and arranges transfers of any complexity throughout the UAE and the Middle East. We offer both individual and group transfers from the airport to the hotel, as well as full transport support for business meetings, conferences, exhibitions, and sightseeing tours. Our fleet includes premium cars, minivans, comfortable buses, and&#8230;<\/p>","protected":false},"author":1,"featured_media":8006,"parent":7968,"menu_order":0,"comment_status":"closed","ping_status":"closed","template":"","meta":{"footnotes":""},"class_list":["post-8002","page","type-page","status-publish","has-post-thumbnail","hentry"],"yoast_head":"<!-- This site is optimized with the Yoast SEO plugin v24.8.1 - https:\/\/yoast.com\/wordpress\/plugins\/seo\/ -->\n<title>Corporate Transportation &amp; Transfer Services in UAE &amp; Oman | Atravel.pro<\/title>\n<meta name=\"description\" content=\"Reliable corporate transfers and event logistics in the Middle East. From luxury sedans to large coaches, we provide seamless transportation solutions by Atravel.pro.\" \/>\n<meta name=\"robots\" content=\"index, follow, max-snippet:-1, max-image-preview:large, max-video-preview:-1\" \/>\n<link rel=\"canonical\" href=\"https:\/\/atravel.pro\/es\/services\/transportation\/\" \/>\n<meta property=\"og:locale\" content=\"es_ES\" \/>\n<meta property=\"og:type\" content=\"article\" \/>\n<meta property=\"og:title\" content=\"Jordan is the best destination for MICE, Leisure and VIP tourists\" \/>\n<meta property=\"og:description\" content=\"See Petra in Jordan and Jerash city. MICE customers will find newly designed hotels in Jordan.For Leisure and VIP tourism Jordan has Aqaba and Tala Bay. Visit Ma\u2019in by The Dead Sea.\" \/>\n<meta property=\"og:url\" content=\"https:\/\/atravel.pro\/es\/services\/transportation\/\" \/>\n<meta property=\"og:site_name\" content=\"Atravel.pro\" \/>\n<meta property=\"article:modified_time\" content=\"2026-01-18T18:32:24+00:00\" \/>\n<meta property=\"og:image\" content=\"http:\/\/atravel.pro\/wp-content\/uploads\/2026\/01\/\u0434\u043b\u0438\u043d\u043d\u0430\u044f.png\" \/>\n\t<meta property=\"og:image:width\" content=\"1800\" \/>\n\t<meta property=\"og:image:height\" content=\"347\" \/>\n\t<meta property=\"og:image:type\" content=\"image\/png\" \/>\n<meta name=\"twitter:card\" content=\"summary_large_image\" \/>\n<meta name=\"twitter:title\" content=\"Jordan is the best destination for MICE, Leisure and VIP tourists\" \/>\n<meta name=\"twitter:description\" content=\"See Petra in Jordan and Jerash city. MICE customers will find newly designed hotels in Jordan.For Leisure and VIP tourism Jordan has Aqaba and Tala Bay. Visit Ma\u2019in by The Dead Sea.\" \/>\n<meta name=\"twitter:label1\" content=\"Tiempo de lectura\" \/>\n\t<meta name=\"twitter:data1\" content=\"3 minutos\" \/>\n<script type=\"application\/ld+json\" class=\"yoast-schema-graph\">{\"@context\":\"https:\/\/schema.org\",\"@graph\":[{\"@type\":\"WebPage\",\"@id\":\"https:\/\/atravel.pro\/services\/transportation\/\",\"url\":\"https:\/\/atravel.pro\/services\/transportation\/\",\"name\":\"Corporate Transportation & Transfer Services in UAE & Oman | Atravel.pro\",\"isPartOf\":{\"@id\":\"https:\/\/atravel.pro\/#website\"},\"primaryImageOfPage\":{\"@id\":\"https:\/\/atravel.pro\/services\/transportation\/#primaryimage\"},\"image\":{\"@id\":\"https:\/\/atravel.pro\/services\/transportation\/#primaryimage\"},\"thumbnailUrl\":\"https:\/\/atravel.pro\/wp-content\/uploads\/2026\/01\/\u0434\u043b\u0438\u043d\u043d\u0430\u044f.png\",\"datePublished\":\"2026-01-18T18:27:26+00:00\",\"dateModified\":\"2026-01-18T18:32:24+00:00\",\"description\":\"Reliable corporate transfers and event logistics in the Middle East. From luxury sedans to large coaches, we provide seamless transportation solutions by Atravel.pro.\",\"breadcrumb\":{\"@id\":\"https:\/\/atravel.pro\/services\/transportation\/#breadcrumb\"},\"inLanguage\":\"es\",\"potentialAction\":[{\"@type\":\"ReadAction\",\"target\":[\"https:\/\/atravel.pro\/services\/transportation\/\"]}]},{\"@type\":\"ImageObject\",\"inLanguage\":\"es\",\"@id\":\"https:\/\/atravel.pro\/services\/transportation\/#primaryimage\",\"url\":\"https:\/\/atravel.pro\/wp-content\/uploads\/2026\/01\/\u0434\u043b\u0438\u043d\u043d\u0430\u044f.png\",\"contentUrl\":\"https:\/\/atravel.pro\/wp-content\/uploads\/2026\/01\/\u0434\u043b\u0438\u043d\u043d\u0430\u044f.png\",\"width\":1800,\"height\":347,\"caption\":\"Professional MICE and travel management services in the Middle East | atravel.pro\"},{\"@type\":\"BreadcrumbList\",\"@id\":\"https:\/\/atravel.pro\/services\/transportation\/#breadcrumb\",\"itemListElement\":[{\"@type\":\"ListItem\",\"position\":1,\"name\":\"\u0413\u043b\u0430\u0432\u043d\u0430\u044f \u0441\u0442\u0440\u0430\u043d\u0438\u0446\u0430\",\"item\":\"https:\/\/atravel.pro\/\"},{\"@type\":\"ListItem\",\"position\":2,\"name\":\"Services\",\"item\":\"https:\/\/atravel.pro\/services\/\"},{\"@type\":\"ListItem\",\"position\":3,\"name\":\"Transportation\"}]},{\"@type\":\"WebSite\",\"@id\":\"https:\/\/atravel.pro\/#website\",\"url\":\"https:\/\/atravel.pro\/\",\"name\":\"Atravel.pro\",\"description\":\"Just another WordPress site\",\"publisher\":{\"@id\":\"https:\/\/atravel.pro\/#organization\"},\"potentialAction\":[{\"@type\":\"SearchAction\",\"target\":{\"@type\":\"EntryPoint\",\"urlTemplate\":\"https:\/\/atravel.pro\/?s={search_term_string}\"},\"query-input\":{\"@type\":\"PropertyValueSpecification\",\"valueRequired\":true,\"valueName\":\"search_term_string\"}}],\"inLanguage\":\"es\"},{\"@type\":\"Organization\",\"@id\":\"https:\/\/atravel.pro\/#organization\",\"name\":\"Atravel.pro\",\"url\":\"https:\/\/atravel.pro\/\",\"logo\":{\"@type\":\"ImageObject\",\"inLanguage\":\"es\",\"@id\":\"https:\/\/atravel.pro\/#\/schema\/logo\/image\/\",\"url\":\"https:\/\/atravel.pro\/wp-content\/uploads\/2021\/08\/aTravel2.svg\",\"contentUrl\":\"https:\/\/atravel.pro\/wp-content\/uploads\/2021\/08\/aTravel2.svg\",\"width\":960,\"height\":560,\"caption\":\"Atravel.pro\"},\"image\":{\"@id\":\"https:\/\/atravel.pro\/#\/schema\/logo\/image\/\"}}]}<\/script>\n<!-- \/ Yoast SEO plugin. -->","yoast_head_json":{"title":"Corporate Transportation & Transfer Services in UAE & Oman | Atravel.pro","description":"Reliable corporate transfers and event logistics in the Middle East. From luxury sedans to large coaches, we provide seamless transportation solutions by Atravel.pro.","robots":{"index":"index","follow":"follow","max-snippet":"max-snippet:-1","max-image-preview":"max-image-preview:large","max-video-preview":"max-video-preview:-1"},"canonical":"https:\/\/atravel.pro\/es\/services\/transportation\/","og_locale":"es_ES","og_type":"article","og_title":"Jordan is the best destination for MICE, Leisure and VIP tourists","og_description":"See Petra in Jordan and Jerash city. MICE customers will find newly designed hotels in Jordan.For Leisure and VIP tourism Jordan has Aqaba and Tala Bay. Visit Ma\u2019in by The Dead Sea.","og_url":"https:\/\/atravel.pro\/es\/services\/transportation\/","og_site_name":"Atravel.pro","article_modified_time":"2026-01-18T18:32:24+00:00","og_image":[{"width":1800,"height":347,"url":"http:\/\/atravel.pro\/wp-content\/uploads\/2026\/01\/\u0434\u043b\u0438\u043d\u043d\u0430\u044f.png","type":"image\/png"}],"twitter_card":"summary_large_image","twitter_title":"Jordan is the best destination for MICE, Leisure and VIP tourists","twitter_description":"See Petra in Jordan and Jerash city. MICE customers will find newly designed hotels in Jordan.For Leisure and VIP tourism Jordan has Aqaba and Tala Bay. Visit Ma\u2019in by The Dead Sea.","twitter_misc":{"Tiempo de lectura":"3 minutos"},"schema":{"@context":"https:\/\/schema.org","@graph":[{"@type":"WebPage","@id":"https:\/\/atravel.pro\/services\/transportation\/","url":"https:\/\/atravel.pro\/services\/transportation\/","name":"Corporate Transportation & Transfer Services in UAE & Oman | Atravel.pro","isPartOf":{"@id":"https:\/\/atravel.pro\/#website"},"primaryImageOfPage":{"@id":"https:\/\/atravel.pro\/services\/transportation\/#primaryimage"},"image":{"@id":"https:\/\/atravel.pro\/services\/transportation\/#primaryimage"},"thumbnailUrl":"https:\/\/atravel.pro\/wp-content\/uploads\/2026\/01\/\u0434\u043b\u0438\u043d\u043d\u0430\u044f.png","datePublished":"2026-01-18T18:27:26+00:00","dateModified":"2026-01-18T18:32:24+00:00","description":"Reliable corporate transfers and event logistics in the Middle East. From luxury sedans to large coaches, we provide seamless transportation solutions by Atravel.pro.","breadcrumb":{"@id":"https:\/\/atravel.pro\/services\/transportation\/#breadcrumb"},"inLanguage":"es","potentialAction":[{"@type":"ReadAction","target":["https:\/\/atravel.pro\/services\/transportation\/"]}]},{"@type":"ImageObject","inLanguage":"es","@id":"https:\/\/atravel.pro\/services\/transportation\/#primaryimage","url":"https:\/\/atravel.pro\/wp-content\/uploads\/2026\/01\/\u0434\u043b\u0438\u043d\u043d\u0430\u044f.png","contentUrl":"https:\/\/atravel.pro\/wp-content\/uploads\/2026\/01\/\u0434\u043b\u0438\u043d\u043d\u0430\u044f.png","width":1800,"height":347,"caption":"Professional MICE and travel management services in the Middle East | atravel.pro"},{"@type":"BreadcrumbList","@id":"https:\/\/atravel.pro\/services\/transportation\/#breadcrumb","itemListElement":[{"@type":"ListItem","position":1,"name":"\u0413\u043b\u0430\u0432\u043d\u0430\u044f \u0441\u0442\u0440\u0430\u043d\u0438\u0446\u0430","item":"https:\/\/atravel.pro\/"},{"@type":"ListItem","position":2,"name":"Services","item":"https:\/\/atravel.pro\/services\/"},{"@type":"ListItem","position":3,"name":"Transportation"}]},{"@type":"WebSite","@id":"https:\/\/atravel.pro\/#website","url":"https:\/\/atravel.pro\/","name":"Atravel.pro","description":"Just another WordPress site","publisher":{"@id":"https:\/\/atravel.pro\/#organization"},"potentialAction":[{"@type":"SearchAction","target":{"@type":"EntryPoint","urlTemplate":"https:\/\/atravel.pro\/?s={search_term_string}"},"query-input":{"@type":"PropertyValueSpecification","valueRequired":true,"valueName":"search_term_string"}}],"inLanguage":"es"},{"@type":"Organization","@id":"https:\/\/atravel.pro\/#organization","name":"Atravel.pro","url":"https:\/\/atravel.pro\/","logo":{"@type":"ImageObject","inLanguage":"es","@id":"https:\/\/atravel.pro\/#\/schema\/logo\/image\/","url":"https:\/\/atravel.pro\/wp-content\/uploads\/2021\/08\/aTravel2.svg","contentUrl":"https:\/\/atravel.pro\/wp-content\/uploads\/2021\/08\/aTravel2.svg","width":960,"height":560,"caption":"Atravel.pro"},"image":{"@id":"https:\/\/atravel.pro\/#\/schema\/logo\/image\/"}}]}},"_links":{"self":[{"href":"https:\/\/atravel.pro\/es\/wp-json\/wp\/v2\/pages\/8002","targetHints":{"allow":["GET"]}}],"collection":[{"href":"https:\/\/atravel.pro\/es\/wp-json\/wp\/v2\/pages"}],"about":[{"href":"https:\/\/atravel.pro\/es\/wp-json\/wp\/v2\/types\/page"}],"author":[{"embeddable":true,"href":"https:\/\/atravel.pro\/es\/wp-json\/wp\/v2\/users\/1"}],"replies":[{"embeddable":true,"href":"https:\/\/atravel.pro\/es\/wp-json\/wp\/v2\/comments?post=8002"}],"version-history":[{"count":10,"href":"https:\/\/atravel.pro\/es\/wp-json\/wp\/v2\/pages\/8002\/revisions"}],"predecessor-version":[{"id":8016,"href":"https:\/\/atravel.pro\/es\/wp-json\/wp\/v2\/pages\/8002\/revisions\/8016"}],"up":[{"embeddable":true,"href":"https:\/\/atravel.pro\/es\/wp-json\/wp\/v2\/pages\/7968"}],"wp:featuredmedia":[{"embeddable":true,"href":"https:\/\/atravel.pro\/es\/wp-json\/wp\/v2\/media\/8006"}],"wp:attachment":[{"href":"https:\/\/atravel.pro\/es\/wp-json\/wp\/v2\/media?parent=8002"}],"curies":[{"name":"wp","href":"https:\/\/api.w.org\/{rel}","templated":true}]}}