{"id":6843,"date":"2022-03-22T10:05:00","date_gmt":"2022-03-22T10:05:00","guid":{"rendered":"http:\/\/atravel.pro\/?page_id=6843"},"modified":"2025-05-18T16:31:24","modified_gmt":"2025-05-18T16:31:24","slug":"oman","status":"publish","type":"page","link":"https:\/\/atravel.pro\/pt\/destinations\/oman\/","title":{"rendered":"Om\u00e3"},"content":{"rendered":"<div data-elementor-type=\"wp-page\" data-elementor-id=\"6843\" class=\"elementor elementor-6843\">\n\t\t\t\t\t\t\t\t\t<section class=\"elementor-section elementor-top-section elementor-element elementor-element-dad4c0e elementor-section-height-min-height elementor-section-items-stretch elementor-section-content-middle elementor-section-boxed elementor-section-height-default\" data-id=\"dad4c0e\" data-element_type=\"section\" data-settings=\"{&quot;background_background&quot;:&quot;classic&quot;}\">\n\t\t\t\t\t\t\t<div class=\"elementor-background-overlay\"><\/div>\n\t\t\t\t\t\t\t<div class=\"elementor-container elementor-column-gap-default\">\n\t\t\t\t\t<div class=\"elementor-column elementor-col-100 elementor-top-column elementor-element elementor-element-3262db9\" data-id=\"3262db9\" data-element_type=\"column\">\n\t\t\t<div class=\"elementor-widget-wrap elementor-element-populated\">\n\t\t\t\t\t\t\t\t<div class=\"elementor-element elementor-element-5ee04a9 elementor-widget elementor-widget-heading\" data-id=\"5ee04a9\" data-element_type=\"widget\" data-widget_type=\"heading.default\">\n\t\t\t\t<div class=\"elementor-widget-container\">\n\t\t\t<style>\/*! elementor - v3.6.1 - 23-03-2022 *\/\n.elementor-heading-title{padding:0;margin:0;line-height:1}.elementor-widget-heading .elementor-heading-title[class*=elementor-size-]>a{color:inherit;font-size:inherit;line-height:inherit}.elementor-widget-heading .elementor-heading-title.elementor-size-small{font-size:15px}.elementor-widget-heading .elementor-heading-title.elementor-size-medium{font-size:19px}.elementor-widget-heading .elementor-heading-title.elementor-size-large{font-size:29px}.elementor-widget-heading .elementor-heading-title.elementor-size-xl{font-size:39px}.elementor-widget-heading .elementor-heading-title.elementor-size-xxl{font-size:59px}<\/style><h1 class=\"elementor-heading-title elementor-size-default\">Om\u00e3<\/h1>\t\t<\/div>\n\t\t\t\t<\/div>\n\t\t\t\t\t<\/div>\n\t\t<\/div>\n\t\t\t\t\t\t\t<\/div>\n\t\t<\/section>\n\t\t\t\t<section class=\"elementor-section elementor-top-section elementor-element elementor-element-a9aafc5 elementor-section-boxed elementor-section-height-default elementor-section-height-default\" data-id=\"a9aafc5\" data-element_type=\"section\">\n\t\t\t\t\t\t<div class=\"elementor-container elementor-column-gap-default\">\n\t\t\t\t\t<div class=\"elementor-column elementor-col-100 elementor-top-column elementor-element elementor-element-8fd34c7\" data-id=\"8fd34c7\" data-element_type=\"column\">\n\t\t\t<div class=\"elementor-widget-wrap elementor-element-populated\">\n\t\t\t\t\t\t\t\t<div class=\"elementor-element elementor-element-bd816bd elementor-widget elementor-widget-text-editor\" data-id=\"bd816bd\" data-element_type=\"widget\" data-widget_type=\"text-editor.default\">\n\t\t\t\t<div class=\"elementor-widget-container\">\n\t\t\t<style>\/*! elementor - v3.6.1 - 23-03-2022 *\/\n.elementor-widget-text-editor.elementor-drop-cap-view-stacked .elementor-drop-cap{background-color:#818a91;color:#fff}.elementor-widget-text-editor.elementor-drop-cap-view-framed .elementor-drop-cap{color:#818a91;border:3px solid;background-color:transparent}.elementor-widget-text-editor:not(.elementor-drop-cap-view-default) .elementor-drop-cap{margin-top:8px}.elementor-widget-text-editor:not(.elementor-drop-cap-view-default) .elementor-drop-cap-letter{width:1em;height:1em}.elementor-widget-text-editor .elementor-drop-cap{float:left;text-align:center;line-height:1;font-size:50px}.elementor-widget-text-editor .elementor-drop-cap-letter{display:inline-block}<\/style>\t\t\t\t<p><span lang=\"en-US\">Om\u00e3 \u00e9 um dos estados mais antigos do Oriente M\u00e9dio com uma rica hist\u00f3ria. H\u00e1 aproximadamente 40 anos Om\u00e3 foi fechada para turistas, mas agora esta ind\u00fastria est\u00e1 se desenvolvendo rapidamente e h\u00e1 raz\u00f5es para isso. Em compara\u00e7\u00e3o com os Emirados \u00c1rabes Unidos, Om\u00e3 \u00e9 mais verde e a vida marinha \u00e9 melhor representada l\u00e1. Isso torna o pa\u00eds um destino atraente para os amantes da pesca. Os incentivos no mar se tornar\u00e3o uma aventura surpreendente, especialmente se voc\u00ea conseguir capturar um peixe maior, que pode ser at\u00e9 mesmo t\u00e3o alto quanto um homem. O clima aqui \u00e9 tropical, mas n\u00e3o \u00e1rido. <\/span><\/p><p><span lang=\"en-US\">A paisagem natural de Om\u00e3 \u00e9 constitu\u00edda pela costa, montanhas, desertos e vales. Um cen\u00e1rio verdadeiramente deslumbrante. As montanhas Al Hajar se encaixam bem para caminhadas e o que tamb\u00e9m vale a pena mencionar \u00e9 que l\u00e1 voc\u00ea encontrar\u00e1 resorts isolados, que descobrem a beleza da flora de Om\u00e3. No litoral, voc\u00ea ter\u00e1 a oportunidade de ver tartarugas-de-bico-de-falc\u00e3o raras. <\/span><\/p><p><span lang=\"en-US\">Este destino \u00e9 perfeito para aqueles que querem ter uma verdadeira experi\u00eancia \u00e1rabe. Al\u00e9m das melhores acomoda\u00e7\u00f5es e hot\u00e9is modernos com instala\u00e7\u00f5es para confer\u00eancias na capital do pa\u00eds - Moscatel, seus visitantes ver\u00e3o o patrim\u00f4nio hist\u00f3rico: mesquitas antigas, pal\u00e1cios reais e souqs. Nizwa \u00e9 outra cidade com hist\u00f3ria. Explore o Forte de Nizwa que foi constru\u00eddo para a defesa da cidade, ou caminhe por Nizwa souq para sentir a cor \u00e1rabe. <\/span><\/p>\t\t\t\t\t\t<\/div>\n\t\t\t\t<\/div>\n\t\t\t\t<div class=\"elementor-element elementor-element-154a3f3 elementor-widget elementor-widget-heading\" data-id=\"154a3f3\" data-element_type=\"widget\" data-widget_type=\"heading.default\">\n\t\t\t\t<div class=\"elementor-widget-container\">\n\t\t\t<h2 class=\"elementor-heading-title elementor-size-default\">Conhe\u00e7a nosso cat\u00e1logo de passeios e experi\u00eancias nos Om\u00e3 \u2014 criado para grupos MICE.<\/h2>\t\t<\/div>\n\t\t\t\t<\/div>\n\t\t\t\t<div class=\"elementor-element elementor-element-1e7f326 elementor-widget elementor-widget-button\" data-id=\"1e7f326\" data-element_type=\"widget\" data-widget_type=\"button.default\">\n\t\t\t\t<div class=\"elementor-widget-container\">\n\t\t\t\t\t<div class=\"elementor-button-wrapper\">\n\t\t\t<a href=\"https:\/\/anyflip.com\/vtwce\/xkjs\/\" target=\"_blank\" rel=\"nofollow\" class=\"elementor-button-link elementor-button elementor-size-sm\" role=\"button\">\n\t\t\t\t\t\t<span class=\"elementor-button-content-wrapper\">\n\t\t\t\t\t\t<span class=\"elementor-button-text\">Ver<\/span>\n\t\t<\/span>\n\t\t\t\t\t<\/a>\n\t\t<\/div>\n\t\t\t\t<\/div>\n\t\t\t\t<\/div>\n\t\t\t\t\t<\/div>\n\t\t<\/div>\n\t\t\t\t\t\t\t<\/div>\n\t\t<\/section>\n\t\t\t\t<section class=\"elementor-section elementor-top-section elementor-element elementor-element-5bdbb67 elementor-section-boxed elementor-section-height-default elementor-section-height-default\" data-id=\"5bdbb67\" data-element_type=\"section\">\n\t\t\t\t\t\t<div class=\"elementor-container elementor-column-gap-default\">\n\t\t\t\t\t<div class=\"elementor-column elementor-col-100 elementor-top-column elementor-element elementor-element-20981f8\" data-id=\"20981f8\" data-element_type=\"column\">\n\t\t\t<div class=\"elementor-widget-wrap elementor-element-populated\">\n\t\t\t\t\t\t\t\t<div class=\"elementor-element elementor-element-f903780 elementor-widget elementor-widget-image-carousel\" data-id=\"f903780\" data-element_type=\"widget\" data-settings=\"{&quot;slides_to_show&quot;:&quot;3&quot;,&quot;slides_to_scroll&quot;:&quot;1&quot;,&quot;navigation&quot;:&quot;none&quot;,&quot;autoplay&quot;:&quot;yes&quot;,&quot;pause_on_hover&quot;:&quot;yes&quot;,&quot;pause_on_interaction&quot;:&quot;yes&quot;,&quot;autoplay_speed&quot;:5000,&quot;infinite&quot;:&quot;yes&quot;,&quot;speed&quot;:500,&quot;image_spacing_custom&quot;:{&quot;unit&quot;:&quot;px&quot;,&quot;size&quot;:20,&quot;sizes&quot;:[]}}\" data-widget_type=\"image-carousel.default\">\n\t\t\t\t<div class=\"elementor-widget-container\">\n\t\t\t<style>\/*! elementor - v3.6.1 - 23-03-2022 *\/\n.elementor-widget-image-carousel .swiper-container{position:static}.elementor-widget-image-carousel .swiper-container .swiper-slide figure{line-height:inherit}.elementor-widget-image-carousel .swiper-slide{text-align:center}.elementor-image-carousel-wrapper:not(.swiper-container-initialized) .swiper-slide{max-width:calc(100% \/ var(--e-image-carousel-slides-to-show, 3))}<\/style>\t\t<div class=\"elementor-image-carousel-wrapper swiper-container\" dir=\"ltr\">\n\t\t\t<div class=\"elementor-image-carousel swiper-wrapper swiper-image-stretch\">\n\t\t\t\t\t\t\t\t<div class=\"swiper-slide\"><figure class=\"swiper-slide-inner\"><img decoding=\"async\" class=\"swiper-slide-image\" src=\"https:\/\/atravel.pro\/wp-content\/uploads\/2022\/03\/Oman-1.jpg\" alt=\"Oman 1\" \/><\/figure><\/div><div class=\"swiper-slide\"><figure class=\"swiper-slide-inner\"><img decoding=\"async\" class=\"swiper-slide-image\" src=\"https:\/\/atravel.pro\/wp-content\/uploads\/2022\/03\/Oman-2.png\" alt=\"Oman 2\" \/><\/figure><\/div><div class=\"swiper-slide\"><figure class=\"swiper-slide-inner\"><img decoding=\"async\" class=\"swiper-slide-image\" src=\"https:\/\/atravel.pro\/wp-content\/uploads\/2022\/03\/Oman-3.png\" alt=\"Oman 3\" \/><\/figure><\/div>\t\t\t<\/div>\n\t\t\t\t\t\t\t\t\t\t\t\t\t\t\t\t<\/div>\n\t\t\t\t<\/div>\n\t\t\t\t<\/div>\n\t\t\t\t\t<\/div>\n\t\t<\/div>\n\t\t\t\t\t\t\t<\/div>\n\t\t<\/section>\n\t\t\t\t\t\t\t<\/div>","protected":false},"excerpt":{"rendered":"<p>Oman Oman is one the most ancient states of The Middle East with a rich history. Approximately 40 years ago Oman was closed for tourists, but now this industry is developing rapidly and there are reasons for it. In comparison with The UAE, Oman is greener and marine life is represented better there. It makes&#8230;<\/p>","protected":false},"author":1,"featured_media":6849,"parent":5907,"menu_order":0,"comment_status":"closed","ping_status":"closed","template":"elementor_header_footer","meta":{"footnotes":""},"class_list":["post-6843","page","type-page","status-publish","has-post-thumbnail","hentry"],"yoast_head":"<!-- This site is optimized with the Yoast SEO plugin v24.8.1 - https:\/\/yoast.com\/wordpress\/plugins\/seo\/ -->\n<title>Oman: fishing, trip to Al Hajar and Nizwa<\/title>\n<meta name=\"description\" content=\"Fishing in Oman and incentives in the sea are ideal for MICE tourists. Hiking in Al Hajar mountains fits well for Leisure and VIP tourists. Oman has a rich history. Visit Nizwa city to explore it.\" \/>\n<meta name=\"robots\" content=\"index, follow, max-snippet:-1, max-image-preview:large, max-video-preview:-1\" \/>\n<link rel=\"canonical\" href=\"https:\/\/atravel.pro\/pt\/destinations\/oman\/\" \/>\n<meta property=\"og:locale\" content=\"pt_PT\" \/>\n<meta property=\"og:type\" content=\"article\" \/>\n<meta property=\"og:title\" content=\"Oman: fishing, trip to Al Hajar and Nizwa\" \/>\n<meta property=\"og:description\" content=\"Fishing in Oman and incentives in the sea are ideal for MICE tourists. Hiking in Al Hajar mountains fits well for Leisure and VIP tourists. Oman has a rich history. Visit Nizwa city to explore it.\" \/>\n<meta property=\"og:url\" content=\"https:\/\/atravel.pro\/pt\/destinations\/oman\/\" \/>\n<meta property=\"og:site_name\" content=\"Atravel.pro\" \/>\n<meta property=\"article:modified_time\" content=\"2025-05-18T16:31:24+00:00\" \/>\n<meta property=\"og:image\" content=\"http:\/\/atravel.pro\/wp-content\/uploads\/2022\/03\/head-oman.jpg\" \/>\n\t<meta property=\"og:image:width\" content=\"1800\" \/>\n\t<meta property=\"og:image:height\" content=\"650\" \/>\n\t<meta property=\"og:image:type\" content=\"image\/jpeg\" \/>\n<meta name=\"twitter:card\" content=\"summary_large_image\" \/>\n<meta name=\"twitter:title\" content=\"Oman: fishing, trip to Al Hajar and Nizwa\" \/>\n<meta name=\"twitter:description\" content=\"Fishing in Oman and incentives in the sea are ideal for MICE tourists. Hiking in Al Hajar mountains fits well for Leisure and VIP tourists. Oman has a rich history. Visit Nizwa city to explore it.\" \/>\n<meta name=\"twitter:label1\" content=\"Tempo estimado de leitura\" \/>\n\t<meta name=\"twitter:data1\" content=\"4 minutos\" \/>\n<script type=\"application\/ld+json\" class=\"yoast-schema-graph\">{\"@context\":\"https:\/\/schema.org\",\"@graph\":[{\"@type\":\"WebPage\",\"@id\":\"https:\/\/atravel.pro\/destinations\/oman\/\",\"url\":\"https:\/\/atravel.pro\/destinations\/oman\/\",\"name\":\"Oman: fishing, trip to Al Hajar and Nizwa\",\"isPartOf\":{\"@id\":\"https:\/\/atravel.pro\/#website\"},\"primaryImageOfPage\":{\"@id\":\"https:\/\/atravel.pro\/destinations\/oman\/#primaryimage\"},\"image\":{\"@id\":\"https:\/\/atravel.pro\/destinations\/oman\/#primaryimage\"},\"thumbnailUrl\":\"https:\/\/atravel.pro\/wp-content\/uploads\/2022\/03\/head-oman.jpg\",\"datePublished\":\"2022-03-22T10:05:00+00:00\",\"dateModified\":\"2025-05-18T16:31:24+00:00\",\"description\":\"Fishing in Oman and incentives in the sea are ideal for MICE tourists. Hiking in Al Hajar mountains fits well for Leisure and VIP tourists. Oman has a rich history. Visit Nizwa city to explore it.\",\"breadcrumb\":{\"@id\":\"https:\/\/atravel.pro\/destinations\/oman\/#breadcrumb\"},\"inLanguage\":\"pt-PT\",\"potentialAction\":[{\"@type\":\"ReadAction\",\"target\":[\"https:\/\/atravel.pro\/destinations\/oman\/\"]}]},{\"@type\":\"ImageObject\",\"inLanguage\":\"pt-PT\",\"@id\":\"https:\/\/atravel.pro\/destinations\/oman\/#primaryimage\",\"url\":\"https:\/\/atravel.pro\/wp-content\/uploads\/2022\/03\/head-oman.jpg\",\"contentUrl\":\"https:\/\/atravel.pro\/wp-content\/uploads\/2022\/03\/head-oman.jpg\",\"width\":1800,\"height\":650},{\"@type\":\"BreadcrumbList\",\"@id\":\"https:\/\/atravel.pro\/destinations\/oman\/#breadcrumb\",\"itemListElement\":[{\"@type\":\"ListItem\",\"position\":1,\"name\":\"\u0413\u043b\u0430\u0432\u043d\u0430\u044f \u0441\u0442\u0440\u0430\u043d\u0438\u0446\u0430\",\"item\":\"https:\/\/atravel.pro\/\"},{\"@type\":\"ListItem\",\"position\":2,\"name\":\"DESTINATIONS\",\"item\":\"https:\/\/atravel.pro\/destinations\/\"},{\"@type\":\"ListItem\",\"position\":3,\"name\":\"Oman\"}]},{\"@type\":\"WebSite\",\"@id\":\"https:\/\/atravel.pro\/#website\",\"url\":\"https:\/\/atravel.pro\/\",\"name\":\"Atravel.pro\",\"description\":\"Just another WordPress site\",\"publisher\":{\"@id\":\"https:\/\/atravel.pro\/#organization\"},\"potentialAction\":[{\"@type\":\"SearchAction\",\"target\":{\"@type\":\"EntryPoint\",\"urlTemplate\":\"https:\/\/atravel.pro\/?s={search_term_string}\"},\"query-input\":{\"@type\":\"PropertyValueSpecification\",\"valueRequired\":true,\"valueName\":\"search_term_string\"}}],\"inLanguage\":\"pt-PT\"},{\"@type\":\"Organization\",\"@id\":\"https:\/\/atravel.pro\/#organization\",\"name\":\"Atravel.pro\",\"url\":\"https:\/\/atravel.pro\/\",\"logo\":{\"@type\":\"ImageObject\",\"inLanguage\":\"pt-PT\",\"@id\":\"https:\/\/atravel.pro\/#\/schema\/logo\/image\/\",\"url\":\"https:\/\/atravel.pro\/wp-content\/uploads\/2021\/08\/aTravel2.svg\",\"contentUrl\":\"https:\/\/atravel.pro\/wp-content\/uploads\/2021\/08\/aTravel2.svg\",\"width\":960,\"height\":560,\"caption\":\"Atravel.pro\"},\"image\":{\"@id\":\"https:\/\/atravel.pro\/#\/schema\/logo\/image\/\"}}]}<\/script>\n<!-- \/ Yoast SEO plugin. -->","yoast_head_json":{"title":"Oman: fishing, trip to Al Hajar and Nizwa","description":"Fishing in Oman and incentives in the sea are ideal for MICE tourists. Hiking in Al Hajar mountains fits well for Leisure and VIP tourists. Oman has a rich history. Visit Nizwa city to explore it.","robots":{"index":"index","follow":"follow","max-snippet":"max-snippet:-1","max-image-preview":"max-image-preview:large","max-video-preview":"max-video-preview:-1"},"canonical":"https:\/\/atravel.pro\/pt\/destinations\/oman\/","og_locale":"pt_PT","og_type":"article","og_title":"Oman: fishing, trip to Al Hajar and Nizwa","og_description":"Fishing in Oman and incentives in the sea are ideal for MICE tourists. Hiking in Al Hajar mountains fits well for Leisure and VIP tourists. Oman has a rich history. Visit Nizwa city to explore it.","og_url":"https:\/\/atravel.pro\/pt\/destinations\/oman\/","og_site_name":"Atravel.pro","article_modified_time":"2025-05-18T16:31:24+00:00","og_image":[{"width":1800,"height":650,"url":"http:\/\/atravel.pro\/wp-content\/uploads\/2022\/03\/head-oman.jpg","type":"image\/jpeg"}],"twitter_card":"summary_large_image","twitter_title":"Oman: fishing, trip to Al Hajar and Nizwa","twitter_description":"Fishing in Oman and incentives in the sea are ideal for MICE tourists. Hiking in Al Hajar mountains fits well for Leisure and VIP tourists. Oman has a rich history. Visit Nizwa city to explore it.","twitter_misc":{"Tempo estimado de leitura":"4 minutos"},"schema":{"@context":"https:\/\/schema.org","@graph":[{"@type":"WebPage","@id":"https:\/\/atravel.pro\/destinations\/oman\/","url":"https:\/\/atravel.pro\/destinations\/oman\/","name":"Oman: fishing, trip to Al Hajar and Nizwa","isPartOf":{"@id":"https:\/\/atravel.pro\/#website"},"primaryImageOfPage":{"@id":"https:\/\/atravel.pro\/destinations\/oman\/#primaryimage"},"image":{"@id":"https:\/\/atravel.pro\/destinations\/oman\/#primaryimage"},"thumbnailUrl":"https:\/\/atravel.pro\/wp-content\/uploads\/2022\/03\/head-oman.jpg","datePublished":"2022-03-22T10:05:00+00:00","dateModified":"2025-05-18T16:31:24+00:00","description":"Fishing in Oman and incentives in the sea are ideal for MICE tourists. Hiking in Al Hajar mountains fits well for Leisure and VIP tourists. Oman has a rich history. Visit Nizwa city to explore it.","breadcrumb":{"@id":"https:\/\/atravel.pro\/destinations\/oman\/#breadcrumb"},"inLanguage":"pt-PT","potentialAction":[{"@type":"ReadAction","target":["https:\/\/atravel.pro\/destinations\/oman\/"]}]},{"@type":"ImageObject","inLanguage":"pt-PT","@id":"https:\/\/atravel.pro\/destinations\/oman\/#primaryimage","url":"https:\/\/atravel.pro\/wp-content\/uploads\/2022\/03\/head-oman.jpg","contentUrl":"https:\/\/atravel.pro\/wp-content\/uploads\/2022\/03\/head-oman.jpg","width":1800,"height":650},{"@type":"BreadcrumbList","@id":"https:\/\/atravel.pro\/destinations\/oman\/#breadcrumb","itemListElement":[{"@type":"ListItem","position":1,"name":"\u0413\u043b\u0430\u0432\u043d\u0430\u044f \u0441\u0442\u0440\u0430\u043d\u0438\u0446\u0430","item":"https:\/\/atravel.pro\/"},{"@type":"ListItem","position":2,"name":"DESTINATIONS","item":"https:\/\/atravel.pro\/destinations\/"},{"@type":"ListItem","position":3,"name":"Oman"}]},{"@type":"WebSite","@id":"https:\/\/atravel.pro\/#website","url":"https:\/\/atravel.pro\/","name":"Atravel.pro","description":"Just another WordPress site","publisher":{"@id":"https:\/\/atravel.pro\/#organization"},"potentialAction":[{"@type":"SearchAction","target":{"@type":"EntryPoint","urlTemplate":"https:\/\/atravel.pro\/?s={search_term_string}"},"query-input":{"@type":"PropertyValueSpecification","valueRequired":true,"valueName":"search_term_string"}}],"inLanguage":"pt-PT"},{"@type":"Organization","@id":"https:\/\/atravel.pro\/#organization","name":"Atravel.pro","url":"https:\/\/atravel.pro\/","logo":{"@type":"ImageObject","inLanguage":"pt-PT","@id":"https:\/\/atravel.pro\/#\/schema\/logo\/image\/","url":"https:\/\/atravel.pro\/wp-content\/uploads\/2021\/08\/aTravel2.svg","contentUrl":"https:\/\/atravel.pro\/wp-content\/uploads\/2021\/08\/aTravel2.svg","width":960,"height":560,"caption":"Atravel.pro"},"image":{"@id":"https:\/\/atravel.pro\/#\/schema\/logo\/image\/"}}]}},"_links":{"self":[{"href":"https:\/\/atravel.pro\/pt\/wp-json\/wp\/v2\/pages\/6843","targetHints":{"allow":["GET"]}}],"collection":[{"href":"https:\/\/atravel.pro\/pt\/wp-json\/wp\/v2\/pages"}],"about":[{"href":"https:\/\/atravel.pro\/pt\/wp-json\/wp\/v2\/types\/page"}],"author":[{"embeddable":true,"href":"https:\/\/atravel.pro\/pt\/wp-json\/wp\/v2\/users\/1"}],"replies":[{"embeddable":true,"href":"https:\/\/atravel.pro\/pt\/wp-json\/wp\/v2\/comments?post=6843"}],"version-history":[{"count":33,"href":"https:\/\/atravel.pro\/pt\/wp-json\/wp\/v2\/pages\/6843\/revisions"}],"predecessor-version":[{"id":7848,"href":"https:\/\/atravel.pro\/pt\/wp-json\/wp\/v2\/pages\/6843\/revisions\/7848"}],"up":[{"embeddable":true,"href":"https:\/\/atravel.pro\/pt\/wp-json\/wp\/v2\/pages\/5907"}],"wp:featuredmedia":[{"embeddable":true,"href":"https:\/\/atravel.pro\/pt\/wp-json\/wp\/v2\/media\/6849"}],"wp:attachment":[{"href":"https:\/\/atravel.pro\/pt\/wp-json\/wp\/v2\/media?parent=6843"}],"curies":[{"name":"wp","href":"https:\/\/api.w.org\/{rel}","templated":true}]}}