{"id":8020,"date":"2026-01-18T18:40:57","date_gmt":"2026-01-18T18:40:57","guid":{"rendered":"https:\/\/atravel.pro\/?page_id=8020"},"modified":"2026-01-18T18:47:17","modified_gmt":"2026-01-18T18:47:17","slug":"specialized-educational-programs","status":"publish","type":"page","link":"https:\/\/atravel.pro\/pt\/services\/specialized-educational-programs\/","title":{"rendered":"Specialized &amp; Educational Programs"},"content":{"rendered":"<div data-elementor-type=\"wp-page\" data-elementor-id=\"8020\" class=\"elementor elementor-8020\">\n\t\t\t\t\t\t\t\t\t<section class=\"elementor-section elementor-top-section elementor-element elementor-element-dad4c0e elementor-section-height-min-height elementor-section-items-stretch elementor-section-content-middle elementor-section-boxed elementor-section-height-default\" data-id=\"dad4c0e\" data-element_type=\"section\" data-settings=\"{&quot;background_background&quot;:&quot;classic&quot;}\">\n\t\t\t\t\t\t\t<div class=\"elementor-background-overlay\"><\/div>\n\t\t\t\t\t\t\t<div class=\"elementor-container elementor-column-gap-default\">\n\t\t\t\t\t<div class=\"elementor-column elementor-col-100 elementor-top-column elementor-element elementor-element-3262db9\" data-id=\"3262db9\" data-element_type=\"column\">\n\t\t\t<div class=\"elementor-widget-wrap elementor-element-populated\">\n\t\t\t\t\t\t\t\t<div class=\"elementor-element elementor-element-5ee04a9 elementor-widget elementor-widget-heading\" data-id=\"5ee04a9\" data-element_type=\"widget\" data-widget_type=\"heading.default\">\n\t\t\t\t<div class=\"elementor-widget-container\">\n\t\t\t<style>\/*! elementor - v3.6.1 - 23-03-2022 *\/\n.elementor-heading-title{padding:0;margin:0;line-height:1}.elementor-widget-heading .elementor-heading-title[class*=elementor-size-]>a{color:inherit;font-size:inherit;line-height:inherit}.elementor-widget-heading .elementor-heading-title.elementor-size-small{font-size:15px}.elementor-widget-heading .elementor-heading-title.elementor-size-medium{font-size:19px}.elementor-widget-heading .elementor-heading-title.elementor-size-large{font-size:29px}.elementor-widget-heading .elementor-heading-title.elementor-size-xl{font-size:39px}.elementor-widget-heading .elementor-heading-title.elementor-size-xxl{font-size:59px}<\/style><h1 class=\"elementor-heading-title elementor-size-default\">Programas especializados e educacionais<\/h1>\t\t<\/div>\n\t\t\t\t<\/div>\n\t\t\t\t\t<\/div>\n\t\t<\/div>\n\t\t\t\t\t\t\t<\/div>\n\t\t<\/section>\n\t\t\t\t<section class=\"elementor-section elementor-top-section elementor-element elementor-element-a9aafc5 elementor-section-boxed elementor-section-height-default elementor-section-height-default\" data-id=\"a9aafc5\" data-element_type=\"section\">\n\t\t\t\t\t\t<div class=\"elementor-container elementor-column-gap-default\">\n\t\t\t\t\t<div class=\"elementor-column elementor-col-100 elementor-top-column elementor-element elementor-element-8fd34c7\" data-id=\"8fd34c7\" data-element_type=\"column\">\n\t\t\t<div class=\"elementor-widget-wrap elementor-element-populated\">\n\t\t\t\t\t\t\t\t<div class=\"elementor-element elementor-element-bd816bd elementor-widget elementor-widget-text-editor\" data-id=\"bd816bd\" data-element_type=\"widget\" data-widget_type=\"text-editor.default\">\n\t\t\t\t<div class=\"elementor-widget-container\">\n\t\t\t<style>\/*! elementor - v3.6.1 - 23-03-2022 *\/\n.elementor-widget-text-editor.elementor-drop-cap-view-stacked .elementor-drop-cap{background-color:#818a91;color:#fff}.elementor-widget-text-editor.elementor-drop-cap-view-framed .elementor-drop-cap{color:#818a91;border:3px solid;background-color:transparent}.elementor-widget-text-editor:not(.elementor-drop-cap-view-default) .elementor-drop-cap{margin-top:8px}.elementor-widget-text-editor:not(.elementor-drop-cap-view-default) .elementor-drop-cap-letter{width:1em;height:1em}.elementor-widget-text-editor .elementor-drop-cap{float:left;text-align:center;line-height:1;font-size:50px}.elementor-widget-text-editor .elementor-drop-cap-letter{display:inline-block}<\/style>\t\t\t\t<p>A Atravel \u00e9 especializada na organiza\u00e7\u00e3o de eventos de neg\u00f3cios, viagens profissionais e programas educacionais nos Emirados \u00c1rabes Unidos, na Ar\u00e1bia Saudita, no Catar e em outros pa\u00edses do Oriente M\u00e9dio. Projetamos itiner\u00e1rios ricos e orientados por objetivos para representantes de v\u00e1rios setores, combinando visitas a institui\u00e7\u00f5es importantes, participa\u00e7\u00e3o em f\u00f3runs internacionais e exposi\u00e7\u00e3o \u00e0s melhores pr\u00e1ticas em seus campos.<\/p>\t\t\t\t\t\t<\/div>\n\t\t\t\t<\/div>\n\t\t\t\t<div class=\"elementor-element elementor-element-6263ad0 elementor-widget elementor-widget-text-editor\" data-id=\"6263ad0\" data-element_type=\"widget\" data-widget_type=\"text-editor.default\">\n\t\t\t\t<div class=\"elementor-widget-container\">\n\t\t\t\t\t\t\t<p>Organizamos:<\/p>\n<ul>\n<li class=\" translation-block\">Viagens educacionais para professores e profissionais do meio acad\u00eamico, com visitas a universidades, centros de pesquisa e centros de inova\u00e7\u00e3o dos Emirados \u00c1rabes Unidos para promover a troca de experi\u00eancias e estabelecer conex\u00f5es internacionais;<\/li>\n<li class=\" translation-block\">Participa\u00e7\u00e3o em exposi\u00e7\u00f5es profissionais e feiras comerciais, como Dubai Derma, IDEX e outros eventos globais de medicina, defesa, tecnologia e design;<\/li>\n<li class=\" translation-block\">Visitas tem\u00e1ticas personalizadas para profissionais do setor: Para arquitetos, com foco em planejamento urbano contempor\u00e2neo e projetos de refer\u00eancia em Dubai e Abu Dhabi; Para designers, explorando est\u00fadios, galerias e arte p\u00fablica; Para especialistas em meio ambiente, incluindo visitas guiadas \u00e0 Reserva de Conserva\u00e7\u00e3o do Deserto de Dubai e percep\u00e7\u00f5es sobre pr\u00e1ticas ambientais sustent\u00e1veis na regi\u00e3o.<\/li>\n<\/ul>\t\t\t\t\t\t<\/div>\n\t\t\t\t<\/div>\n\t\t\t\t<div class=\"elementor-element elementor-element-7162b03 elementor-widget elementor-widget-text-editor\" data-id=\"7162b03\" data-element_type=\"widget\" data-widget_type=\"text-editor.default\">\n\t\t\t\t<div class=\"elementor-widget-container\">\n\t\t\t\t\t\t\t<p class=\" translation-block\">Cada programa \u00e9 elaborado de acordo com os objetivos e interesses do cliente. Cuidamos da busca de locais, log\u00edstica, reserva de locais, interpreta\u00e7\u00e3o, suporte t\u00e9cnico e coordena\u00e7\u00e3o no local para garantir uma experi\u00eancia tranquila e produtiva.<\/p>\t\t\t\t\t\t<\/div>\n\t\t\t\t<\/div>\n\t\t\t\t<div class=\"elementor-element elementor-element-83bd814 elementor-widget elementor-widget-text-editor\" data-id=\"83bd814\" data-element_type=\"widget\" data-widget_type=\"text-editor.default\">\n\t\t\t\t<div class=\"elementor-widget-container\">\n\t\t\t\t\t\t\t<p>A parceria com a Atravel \u00e9 uma porta de entrada para descobrir o mercado do Oriente M\u00e9dio, conhecer l\u00edderes de pensamento globais, ampliar seus horizontes profissionais e obter conhecimento do mundo real. Gerenciamos o ciclo completo de cada projeto, do conceito \u00e0 execu\u00e7\u00e3o, oferecendo um servi\u00e7o de primeira classe com uma abordagem personalizada.<\/p>\t\t\t\t\t\t<\/div>\n\t\t\t\t<\/div>\n\t\t\t\t<div class=\"elementor-element elementor-element-3e486ad elementor-widget elementor-widget-text-editor\" data-id=\"3e486ad\" data-element_type=\"widget\" data-widget_type=\"text-editor.default\">\n\t\t\t\t<div class=\"elementor-widget-container\">\n\t\t\t\t\t\t\t<p class=\" translation-block\">Se voc\u00ea deseja organizar uma viagem educacional aos Emirados \u00c1rabes Unidos ou uma visita a uma feira comercial espec\u00edfica do setor, podemos ajud\u00e1-lo a aproveitar ao m\u00e1ximo o seu tempo nos Emirados \u00c1rabes Unidos.<\/p>\t\t\t\t\t\t<\/div>\n\t\t\t\t<\/div>\n\t\t\t\t\t<\/div>\n\t\t<\/div>\n\t\t\t\t\t\t\t<\/div>\n\t\t<\/section>\n\t\t\t\t<section class=\"elementor-section elementor-top-section elementor-element elementor-element-5bdbb67 elementor-section-boxed elementor-section-height-default elementor-section-height-default\" data-id=\"5bdbb67\" data-element_type=\"section\">\n\t\t\t\t\t\t<div class=\"elementor-container elementor-column-gap-default\">\n\t\t\t\t\t<div class=\"elementor-column elementor-col-100 elementor-top-column elementor-element elementor-element-20981f8\" data-id=\"20981f8\" data-element_type=\"column\">\n\t\t\t<div class=\"elementor-widget-wrap elementor-element-populated\">\n\t\t\t\t\t\t\t\t<div class=\"elementor-element elementor-element-f903780 elementor-widget elementor-widget-image-carousel\" data-id=\"f903780\" data-element_type=\"widget\" data-settings=\"{&quot;slides_to_show&quot;:&quot;3&quot;,&quot;slides_to_scroll&quot;:&quot;1&quot;,&quot;navigation&quot;:&quot;none&quot;,&quot;pause_on_hover&quot;:&quot;no&quot;,&quot;pause_on_interaction&quot;:&quot;no&quot;,&quot;autoplay&quot;:&quot;yes&quot;,&quot;autoplay_speed&quot;:5000,&quot;infinite&quot;:&quot;yes&quot;,&quot;speed&quot;:500,&quot;image_spacing_custom&quot;:{&quot;unit&quot;:&quot;px&quot;,&quot;size&quot;:20,&quot;sizes&quot;:[]}}\" data-widget_type=\"image-carousel.default\">\n\t\t\t\t<div class=\"elementor-widget-container\">\n\t\t\t<style>\/*! elementor - v3.6.1 - 23-03-2022 *\/\n.elementor-widget-image-carousel .swiper-container{position:static}.elementor-widget-image-carousel .swiper-container .swiper-slide figure{line-height:inherit}.elementor-widget-image-carousel .swiper-slide{text-align:center}.elementor-image-carousel-wrapper:not(.swiper-container-initialized) .swiper-slide{max-width:calc(100% \/ var(--e-image-carousel-slides-to-show, 3))}<\/style>\t\t<div class=\"elementor-image-carousel-wrapper swiper-container\" dir=\"ltr\">\n\t\t\t<div class=\"elementor-image-carousel swiper-wrapper swiper-image-stretch\">\n\t\t\t\t\t\t\t\t<div class=\"swiper-slide\"><figure class=\"swiper-slide-inner\"><img decoding=\"async\" class=\"swiper-slide-image\" src=\"https:\/\/atravel.pro\/wp-content\/uploads\/2026\/01\/22.jpg\" alt=\"Professional delegation at an international trade show in Dubai | atravel.pro\" \/><\/figure><\/div><div class=\"swiper-slide\"><figure class=\"swiper-slide-inner\"><img decoding=\"async\" class=\"swiper-slide-image\" src=\"https:\/\/atravel.pro\/wp-content\/uploads\/2026\/01\/3-3.jpg\" alt=\"Educational program for academic professionals and university visit | atravel.pro\" \/><\/figure><\/div><div class=\"swiper-slide\"><figure class=\"swiper-slide-inner\"><img decoding=\"async\" class=\"swiper-slide-image\" src=\"https:\/\/atravel.pro\/wp-content\/uploads\/2026\/01\/1-3.jpg\" alt=\"Guided architectural tour exploring contemporary urban planning in Abu Dhabi | atravel.pro\" \/><\/figure><\/div>\t\t\t<\/div>\n\t\t\t\t\t\t\t\t\t\t\t\t\t\t\t\t<\/div>\n\t\t\t\t<\/div>\n\t\t\t\t<\/div>\n\t\t\t\t\t<\/div>\n\t\t<\/div>\n\t\t\t\t\t\t\t<\/div>\n\t\t<\/section>\n\t\t\t\t\t\t\t<\/div>","protected":false},"excerpt":{"rendered":"<p>Specialized &#038; Educational Programs Atravel specializes in organizing business events, professional trips, and educational programs in the UAE, Saudi Arabia, Qatar, and other Middle Eastern countries. We design rich, goal-oriented itineraries for representatives of various industries, combining visits to leading institutions, participation in international forums, and exposure to best practices in their fields. We arrange:&#8230;<\/p>","protected":false},"author":1,"featured_media":8024,"parent":7968,"menu_order":0,"comment_status":"closed","ping_status":"closed","template":"","meta":{"footnotes":""},"class_list":["post-8020","page","type-page","status-publish","has-post-thumbnail","hentry"],"yoast_head":"<!-- This site is optimized with the Yoast SEO plugin v24.8.1 - https:\/\/yoast.com\/wordpress\/plugins\/seo\/ -->\n<title>Specialized &amp; Educational Programs in UAE, Saudi Arabia, Qatar | Atravel.pro<\/title>\n<meta name=\"description\" content=\"Professional business trips and educational tours. Venue scouting, international forums, and industry-specific visits for educators, architects, and medics by Atravel.pro.\" \/>\n<meta name=\"robots\" content=\"index, follow, max-snippet:-1, max-image-preview:large, max-video-preview:-1\" \/>\n<link rel=\"canonical\" href=\"https:\/\/atravel.pro\/pt\/services\/specialized-educational-programs\/\" \/>\n<meta property=\"og:locale\" content=\"pt_PT\" \/>\n<meta property=\"og:type\" content=\"article\" \/>\n<meta property=\"og:title\" content=\"Jordan is the best destination for MICE, Leisure and VIP tourists\" \/>\n<meta property=\"og:description\" content=\"See Petra in Jordan and Jerash city. MICE customers will find newly designed hotels in Jordan.For Leisure and VIP tourism Jordan has Aqaba and Tala Bay. Visit Ma\u2019in by The Dead Sea.\" \/>\n<meta property=\"og:url\" content=\"https:\/\/atravel.pro\/pt\/services\/specialized-educational-programs\/\" \/>\n<meta property=\"og:site_name\" content=\"Atravel.pro\" \/>\n<meta property=\"article:modified_time\" content=\"2026-01-18T18:47:17+00:00\" \/>\n<meta property=\"og:image\" content=\"http:\/\/atravel.pro\/wp-content\/uploads\/2026\/01\/\u0434\u043b\u0438\u043d\u043d\u0430\u044f-2.png\" \/>\n\t<meta property=\"og:image:width\" content=\"1800\" \/>\n\t<meta property=\"og:image:height\" content=\"347\" \/>\n\t<meta property=\"og:image:type\" content=\"image\/png\" \/>\n<meta name=\"twitter:card\" content=\"summary_large_image\" \/>\n<meta name=\"twitter:title\" content=\"Jordan is the best destination for MICE, Leisure and VIP tourists\" \/>\n<meta name=\"twitter:description\" content=\"See Petra in Jordan and Jerash city. MICE customers will find newly designed hotels in Jordan.For Leisure and VIP tourism Jordan has Aqaba and Tala Bay. Visit Ma\u2019in by The Dead Sea.\" \/>\n<meta name=\"twitter:label1\" content=\"Tempo estimado de leitura\" \/>\n\t<meta name=\"twitter:data1\" content=\"3 minutos\" \/>\n<script type=\"application\/ld+json\" class=\"yoast-schema-graph\">{\"@context\":\"https:\/\/schema.org\",\"@graph\":[{\"@type\":\"WebPage\",\"@id\":\"https:\/\/atravel.pro\/services\/specialized-educational-programs\/\",\"url\":\"https:\/\/atravel.pro\/services\/specialized-educational-programs\/\",\"name\":\"Specialized & Educational Programs in UAE, Saudi Arabia, Qatar | Atravel.pro\",\"isPartOf\":{\"@id\":\"https:\/\/atravel.pro\/#website\"},\"primaryImageOfPage\":{\"@id\":\"https:\/\/atravel.pro\/services\/specialized-educational-programs\/#primaryimage\"},\"image\":{\"@id\":\"https:\/\/atravel.pro\/services\/specialized-educational-programs\/#primaryimage\"},\"thumbnailUrl\":\"https:\/\/atravel.pro\/wp-content\/uploads\/2026\/01\/\u0434\u043b\u0438\u043d\u043d\u0430\u044f-2.png\",\"datePublished\":\"2026-01-18T18:40:57+00:00\",\"dateModified\":\"2026-01-18T18:47:17+00:00\",\"description\":\"Professional business trips and educational tours. Venue scouting, international forums, and industry-specific visits for educators, architects, and medics by Atravel.pro.\",\"breadcrumb\":{\"@id\":\"https:\/\/atravel.pro\/services\/specialized-educational-programs\/#breadcrumb\"},\"inLanguage\":\"pt-PT\",\"potentialAction\":[{\"@type\":\"ReadAction\",\"target\":[\"https:\/\/atravel.pro\/services\/specialized-educational-programs\/\"]}]},{\"@type\":\"ImageObject\",\"inLanguage\":\"pt-PT\",\"@id\":\"https:\/\/atravel.pro\/services\/specialized-educational-programs\/#primaryimage\",\"url\":\"https:\/\/atravel.pro\/wp-content\/uploads\/2026\/01\/\u0434\u043b\u0438\u043d\u043d\u0430\u044f-2.png\",\"contentUrl\":\"https:\/\/atravel.pro\/wp-content\/uploads\/2026\/01\/\u0434\u043b\u0438\u043d\u043d\u0430\u044f-2.png\",\"width\":1800,\"height\":347,\"caption\":\"Educational Tours and University Visits in the UAE | atravel.pro\"},{\"@type\":\"BreadcrumbList\",\"@id\":\"https:\/\/atravel.pro\/services\/specialized-educational-programs\/#breadcrumb\",\"itemListElement\":[{\"@type\":\"ListItem\",\"position\":1,\"name\":\"\u0413\u043b\u0430\u0432\u043d\u0430\u044f \u0441\u0442\u0440\u0430\u043d\u0438\u0446\u0430\",\"item\":\"https:\/\/atravel.pro\/\"},{\"@type\":\"ListItem\",\"position\":2,\"name\":\"Services\",\"item\":\"https:\/\/atravel.pro\/services\/\"},{\"@type\":\"ListItem\",\"position\":3,\"name\":\"Specialized &amp; Educational Programs\"}]},{\"@type\":\"WebSite\",\"@id\":\"https:\/\/atravel.pro\/#website\",\"url\":\"https:\/\/atravel.pro\/\",\"name\":\"Atravel.pro\",\"description\":\"Just another WordPress site\",\"publisher\":{\"@id\":\"https:\/\/atravel.pro\/#organization\"},\"potentialAction\":[{\"@type\":\"SearchAction\",\"target\":{\"@type\":\"EntryPoint\",\"urlTemplate\":\"https:\/\/atravel.pro\/?s={search_term_string}\"},\"query-input\":{\"@type\":\"PropertyValueSpecification\",\"valueRequired\":true,\"valueName\":\"search_term_string\"}}],\"inLanguage\":\"pt-PT\"},{\"@type\":\"Organization\",\"@id\":\"https:\/\/atravel.pro\/#organization\",\"name\":\"Atravel.pro\",\"url\":\"https:\/\/atravel.pro\/\",\"logo\":{\"@type\":\"ImageObject\",\"inLanguage\":\"pt-PT\",\"@id\":\"https:\/\/atravel.pro\/#\/schema\/logo\/image\/\",\"url\":\"https:\/\/atravel.pro\/wp-content\/uploads\/2021\/08\/aTravel2.svg\",\"contentUrl\":\"https:\/\/atravel.pro\/wp-content\/uploads\/2021\/08\/aTravel2.svg\",\"width\":960,\"height\":560,\"caption\":\"Atravel.pro\"},\"image\":{\"@id\":\"https:\/\/atravel.pro\/#\/schema\/logo\/image\/\"}}]}<\/script>\n<!-- \/ Yoast SEO plugin. -->","yoast_head_json":{"title":"Specialized & Educational Programs in UAE, Saudi Arabia, Qatar | Atravel.pro","description":"Professional business trips and educational tours. Venue scouting, international forums, and industry-specific visits for educators, architects, and medics by Atravel.pro.","robots":{"index":"index","follow":"follow","max-snippet":"max-snippet:-1","max-image-preview":"max-image-preview:large","max-video-preview":"max-video-preview:-1"},"canonical":"https:\/\/atravel.pro\/pt\/services\/specialized-educational-programs\/","og_locale":"pt_PT","og_type":"article","og_title":"Jordan is the best destination for MICE, Leisure and VIP tourists","og_description":"See Petra in Jordan and Jerash city. MICE customers will find newly designed hotels in Jordan.For Leisure and VIP tourism Jordan has Aqaba and Tala Bay. Visit Ma\u2019in by The Dead Sea.","og_url":"https:\/\/atravel.pro\/pt\/services\/specialized-educational-programs\/","og_site_name":"Atravel.pro","article_modified_time":"2026-01-18T18:47:17+00:00","og_image":[{"width":1800,"height":347,"url":"http:\/\/atravel.pro\/wp-content\/uploads\/2026\/01\/\u0434\u043b\u0438\u043d\u043d\u0430\u044f-2.png","type":"image\/png"}],"twitter_card":"summary_large_image","twitter_title":"Jordan is the best destination for MICE, Leisure and VIP tourists","twitter_description":"See Petra in Jordan and Jerash city. MICE customers will find newly designed hotels in Jordan.For Leisure and VIP tourism Jordan has Aqaba and Tala Bay. Visit Ma\u2019in by The Dead Sea.","twitter_misc":{"Tempo estimado de leitura":"3 minutos"},"schema":{"@context":"https:\/\/schema.org","@graph":[{"@type":"WebPage","@id":"https:\/\/atravel.pro\/services\/specialized-educational-programs\/","url":"https:\/\/atravel.pro\/services\/specialized-educational-programs\/","name":"Specialized & Educational Programs in UAE, Saudi Arabia, Qatar | Atravel.pro","isPartOf":{"@id":"https:\/\/atravel.pro\/#website"},"primaryImageOfPage":{"@id":"https:\/\/atravel.pro\/services\/specialized-educational-programs\/#primaryimage"},"image":{"@id":"https:\/\/atravel.pro\/services\/specialized-educational-programs\/#primaryimage"},"thumbnailUrl":"https:\/\/atravel.pro\/wp-content\/uploads\/2026\/01\/\u0434\u043b\u0438\u043d\u043d\u0430\u044f-2.png","datePublished":"2026-01-18T18:40:57+00:00","dateModified":"2026-01-18T18:47:17+00:00","description":"Professional business trips and educational tours. Venue scouting, international forums, and industry-specific visits for educators, architects, and medics by Atravel.pro.","breadcrumb":{"@id":"https:\/\/atravel.pro\/services\/specialized-educational-programs\/#breadcrumb"},"inLanguage":"pt-PT","potentialAction":[{"@type":"ReadAction","target":["https:\/\/atravel.pro\/services\/specialized-educational-programs\/"]}]},{"@type":"ImageObject","inLanguage":"pt-PT","@id":"https:\/\/atravel.pro\/services\/specialized-educational-programs\/#primaryimage","url":"https:\/\/atravel.pro\/wp-content\/uploads\/2026\/01\/\u0434\u043b\u0438\u043d\u043d\u0430\u044f-2.png","contentUrl":"https:\/\/atravel.pro\/wp-content\/uploads\/2026\/01\/\u0434\u043b\u0438\u043d\u043d\u0430\u044f-2.png","width":1800,"height":347,"caption":"Educational Tours and University Visits in the UAE | atravel.pro"},{"@type":"BreadcrumbList","@id":"https:\/\/atravel.pro\/services\/specialized-educational-programs\/#breadcrumb","itemListElement":[{"@type":"ListItem","position":1,"name":"\u0413\u043b\u0430\u0432\u043d\u0430\u044f \u0441\u0442\u0440\u0430\u043d\u0438\u0446\u0430","item":"https:\/\/atravel.pro\/"},{"@type":"ListItem","position":2,"name":"Services","item":"https:\/\/atravel.pro\/services\/"},{"@type":"ListItem","position":3,"name":"Specialized &amp; Educational Programs"}]},{"@type":"WebSite","@id":"https:\/\/atravel.pro\/#website","url":"https:\/\/atravel.pro\/","name":"Atravel.pro","description":"Just another WordPress site","publisher":{"@id":"https:\/\/atravel.pro\/#organization"},"potentialAction":[{"@type":"SearchAction","target":{"@type":"EntryPoint","urlTemplate":"https:\/\/atravel.pro\/?s={search_term_string}"},"query-input":{"@type":"PropertyValueSpecification","valueRequired":true,"valueName":"search_term_string"}}],"inLanguage":"pt-PT"},{"@type":"Organization","@id":"https:\/\/atravel.pro\/#organization","name":"Atravel.pro","url":"https:\/\/atravel.pro\/","logo":{"@type":"ImageObject","inLanguage":"pt-PT","@id":"https:\/\/atravel.pro\/#\/schema\/logo\/image\/","url":"https:\/\/atravel.pro\/wp-content\/uploads\/2021\/08\/aTravel2.svg","contentUrl":"https:\/\/atravel.pro\/wp-content\/uploads\/2021\/08\/aTravel2.svg","width":960,"height":560,"caption":"Atravel.pro"},"image":{"@id":"https:\/\/atravel.pro\/#\/schema\/logo\/image\/"}}]}},"_links":{"self":[{"href":"https:\/\/atravel.pro\/pt\/wp-json\/wp\/v2\/pages\/8020","targetHints":{"allow":["GET"]}}],"collection":[{"href":"https:\/\/atravel.pro\/pt\/wp-json\/wp\/v2\/pages"}],"about":[{"href":"https:\/\/atravel.pro\/pt\/wp-json\/wp\/v2\/types\/page"}],"author":[{"embeddable":true,"href":"https:\/\/atravel.pro\/pt\/wp-json\/wp\/v2\/users\/1"}],"replies":[{"embeddable":true,"href":"https:\/\/atravel.pro\/pt\/wp-json\/wp\/v2\/comments?post=8020"}],"version-history":[{"count":7,"href":"https:\/\/atravel.pro\/pt\/wp-json\/wp\/v2\/pages\/8020\/revisions"}],"predecessor-version":[{"id":8034,"href":"https:\/\/atravel.pro\/pt\/wp-json\/wp\/v2\/pages\/8020\/revisions\/8034"}],"up":[{"embeddable":true,"href":"https:\/\/atravel.pro\/pt\/wp-json\/wp\/v2\/pages\/7968"}],"wp:featuredmedia":[{"embeddable":true,"href":"https:\/\/atravel.pro\/pt\/wp-json\/wp\/v2\/media\/8024"}],"wp:attachment":[{"href":"https:\/\/atravel.pro\/pt\/wp-json\/wp\/v2\/media?parent=8020"}],"curies":[{"name":"wp","href":"https:\/\/api.w.org\/{rel}","templated":true}]}}