{"id":8035,"date":"2026-01-18T18:56:36","date_gmt":"2026-01-18T18:56:36","guid":{"rendered":"https:\/\/atravel.pro\/?page_id=8035"},"modified":"2026-01-18T19:01:18","modified_gmt":"2026-01-18T19:01:18","slug":"vip-services","status":"publish","type":"page","link":"https:\/\/atravel.pro\/pt\/services\/vip-services\/","title":{"rendered":"Servi\u00e7os VIP"},"content":{"rendered":"<div data-elementor-type=\"wp-page\" data-elementor-id=\"8035\" class=\"elementor elementor-8035\">\n\t\t\t\t\t\t\t\t\t<section class=\"elementor-section elementor-top-section elementor-element elementor-element-dad4c0e elementor-section-height-min-height elementor-section-items-stretch elementor-section-content-middle elementor-section-boxed elementor-section-height-default\" data-id=\"dad4c0e\" data-element_type=\"section\" data-settings=\"{&quot;background_background&quot;:&quot;classic&quot;}\">\n\t\t\t\t\t\t\t<div class=\"elementor-background-overlay\"><\/div>\n\t\t\t\t\t\t\t<div class=\"elementor-container elementor-column-gap-default\">\n\t\t\t\t\t<div class=\"elementor-column elementor-col-100 elementor-top-column elementor-element elementor-element-3262db9\" data-id=\"3262db9\" data-element_type=\"column\">\n\t\t\t<div class=\"elementor-widget-wrap elementor-element-populated\">\n\t\t\t\t\t\t\t\t<div class=\"elementor-element elementor-element-5ee04a9 elementor-widget elementor-widget-heading\" data-id=\"5ee04a9\" data-element_type=\"widget\" data-widget_type=\"heading.default\">\n\t\t\t\t<div class=\"elementor-widget-container\">\n\t\t\t<style>\/*! elementor - v3.6.1 - 23-03-2022 *\/\n.elementor-heading-title{padding:0;margin:0;line-height:1}.elementor-widget-heading .elementor-heading-title[class*=elementor-size-]>a{color:inherit;font-size:inherit;line-height:inherit}.elementor-widget-heading .elementor-heading-title.elementor-size-small{font-size:15px}.elementor-widget-heading .elementor-heading-title.elementor-size-medium{font-size:19px}.elementor-widget-heading .elementor-heading-title.elementor-size-large{font-size:29px}.elementor-widget-heading .elementor-heading-title.elementor-size-xl{font-size:39px}.elementor-widget-heading .elementor-heading-title.elementor-size-xxl{font-size:59px}<\/style><h1 class=\"elementor-heading-title elementor-size-default\">Servi\u00e7os VIP<\/h1>\t\t<\/div>\n\t\t\t\t<\/div>\n\t\t\t\t\t<\/div>\n\t\t<\/div>\n\t\t\t\t\t\t\t<\/div>\n\t\t<\/section>\n\t\t\t\t<section class=\"elementor-section elementor-top-section elementor-element elementor-element-a9aafc5 elementor-section-boxed elementor-section-height-default elementor-section-height-default\" data-id=\"a9aafc5\" data-element_type=\"section\">\n\t\t\t\t\t\t<div class=\"elementor-container elementor-column-gap-default\">\n\t\t\t\t\t<div class=\"elementor-column elementor-col-100 elementor-top-column elementor-element elementor-element-8fd34c7\" data-id=\"8fd34c7\" data-element_type=\"column\">\n\t\t\t<div class=\"elementor-widget-wrap elementor-element-populated\">\n\t\t\t\t\t\t\t\t<div class=\"elementor-element elementor-element-bd816bd elementor-widget elementor-widget-text-editor\" data-id=\"bd816bd\" data-element_type=\"widget\" data-widget_type=\"text-editor.default\">\n\t\t\t\t<div class=\"elementor-widget-container\">\n\t\t\t<style>\/*! elementor - v3.6.1 - 23-03-2022 *\/\n.elementor-widget-text-editor.elementor-drop-cap-view-stacked .elementor-drop-cap{background-color:#818a91;color:#fff}.elementor-widget-text-editor.elementor-drop-cap-view-framed .elementor-drop-cap{color:#818a91;border:3px solid;background-color:transparent}.elementor-widget-text-editor:not(.elementor-drop-cap-view-default) .elementor-drop-cap{margin-top:8px}.elementor-widget-text-editor:not(.elementor-drop-cap-view-default) .elementor-drop-cap-letter{width:1em;height:1em}.elementor-widget-text-editor .elementor-drop-cap{float:left;text-align:center;line-height:1;font-size:50px}.elementor-widget-text-editor .elementor-drop-cap-letter{display:inline-block}<\/style>\t\t\t\t<p>O Oriente M\u00e9dio \u00e9 mais do que um destino tur\u00edstico: \u00e9 uma regi\u00e3o onde o luxo e o servi\u00e7o excepcional s\u00e3o um estilo de vida. Com a Atravel, voc\u00ea descobrir\u00e1 o verdadeiro significado de privacidade e servi\u00e7o personalizado. Organizamos viagens e eventos VIP exclusivos nos Emirados \u00c1rabes Unidos, no Catar, na Ar\u00e1bia Saudita, em Om\u00e3 e na Jord\u00e2nia, transformando cada viagem em uma experi\u00eancia personalizada que reflete seu estilo e suas expectativas.<\/p>\t\t\t\t\t\t<\/div>\n\t\t\t\t<\/div>\n\t\t\t\t<div class=\"elementor-element elementor-element-6263ad0 elementor-widget elementor-widget-text-editor\" data-id=\"6263ad0\" data-element_type=\"widget\" data-widget_type=\"text-editor.default\">\n\t\t\t\t<div class=\"elementor-widget-container\">\n\t\t\t\t\t\t\t<p>Oferecemos:<\/p><ul><li><strong>Aluguel de jatos particulares, helic\u00f3pteros, iates e supercarros;<\/strong><\/li><li class=\" translation-block\">Servi\u00e7os de traslado e assist\u00eancia VIP no aeroporto, incluindo acesso aos lounges Al Majlis (Dubai), Al Maha (Catar) e Pearl Assist (Mascate e Abu Dhabi);<\/li><li class=\" translation-block\">Reservas completas de hot\u00e9is para seu evento ou retiro particular;<\/li><li class=\" translation-block\">Reservas exclusivas de locais, desde resorts isolados no deserto at\u00e9 ilhas particulares;<\/li><li class=\" translation-block\">Experi\u00eancias gastron\u00f4micas particulares e aluguel de locais para reuni\u00f5es confidenciais;<\/li><li class=\" translation-block\">Artistas, DJs e anfitri\u00f5es internacionais para comemora\u00e7\u00f5es e eventos particulares.<\/li><\/ul>\t\t\t\t\t\t<\/div>\n\t\t\t\t<\/div>\n\t\t\t\t<div class=\"elementor-element elementor-element-7162b03 elementor-widget elementor-widget-text-editor\" data-id=\"7162b03\" data-element_type=\"widget\" data-widget_type=\"text-editor.default\">\n\t\t\t\t<div class=\"elementor-widget-container\">\n\t\t\t\t\t\t\t<p class=\" translation-block\">Cada programa VIP \u00e9 cuidadosamente adaptado ao seu ritmo, objetivo e prefer\u00eancias, seja uma visita de neg\u00f3cios, uma luxuosa escapada em fam\u00edlia, uma comemora\u00e7\u00e3o especial ou um evento \u00edntimo para convidados selecionados. Nossa equipe trabalha 24 horas por dia, 7 dias por semana, garantindo total confidencialidade, log\u00edstica impec\u00e1vel e aten\u00e7\u00e3o meticulosa aos detalhes.<\/p>\t\t\t\t\t\t<\/div>\n\t\t\t\t<\/div>\n\t\t\t\t<div class=\"elementor-element elementor-element-3e486ad elementor-widget elementor-widget-text-editor\" data-id=\"3e486ad\" data-element_type=\"widget\" data-widget_type=\"text-editor.default\">\n\t\t\t\t<div class=\"elementor-widget-container\">\n\t\t\t\t\t\t\t<p class=\" translation-block\">A Atravel \u00e9 o seu parceiro de confian\u00e7a para viagens e eventos VIP no Oriente M\u00e9dio. N\u00f3s nos esfor\u00e7amos ao m\u00e1ximo para garantir que sua experi\u00eancia seja extraordin\u00e1ria.<\/p>\t\t\t\t\t\t<\/div>\n\t\t\t\t<\/div>\n\t\t\t\t\t<\/div>\n\t\t<\/div>\n\t\t\t\t\t\t\t<\/div>\n\t\t<\/section>\n\t\t\t\t<section class=\"elementor-section elementor-top-section elementor-element elementor-element-5bdbb67 elementor-section-boxed elementor-section-height-default elementor-section-height-default\" data-id=\"5bdbb67\" data-element_type=\"section\">\n\t\t\t\t\t\t<div class=\"elementor-container elementor-column-gap-default\">\n\t\t\t\t\t<div class=\"elementor-column elementor-col-100 elementor-top-column elementor-element elementor-element-20981f8\" data-id=\"20981f8\" data-element_type=\"column\">\n\t\t\t<div class=\"elementor-widget-wrap elementor-element-populated\">\n\t\t\t\t\t\t\t\t<div class=\"elementor-element elementor-element-f903780 elementor-widget elementor-widget-image-carousel\" data-id=\"f903780\" data-element_type=\"widget\" data-settings=\"{&quot;slides_to_show&quot;:&quot;3&quot;,&quot;slides_to_scroll&quot;:&quot;1&quot;,&quot;navigation&quot;:&quot;none&quot;,&quot;pause_on_hover&quot;:&quot;no&quot;,&quot;pause_on_interaction&quot;:&quot;no&quot;,&quot;autoplay&quot;:&quot;yes&quot;,&quot;autoplay_speed&quot;:5000,&quot;infinite&quot;:&quot;yes&quot;,&quot;speed&quot;:500,&quot;image_spacing_custom&quot;:{&quot;unit&quot;:&quot;px&quot;,&quot;size&quot;:20,&quot;sizes&quot;:[]}}\" data-widget_type=\"image-carousel.default\">\n\t\t\t\t<div class=\"elementor-widget-container\">\n\t\t\t<style>\/*! elementor - v3.6.1 - 23-03-2022 *\/\n.elementor-widget-image-carousel .swiper-container{position:static}.elementor-widget-image-carousel .swiper-container .swiper-slide figure{line-height:inherit}.elementor-widget-image-carousel .swiper-slide{text-align:center}.elementor-image-carousel-wrapper:not(.swiper-container-initialized) .swiper-slide{max-width:calc(100% \/ var(--e-image-carousel-slides-to-show, 3))}<\/style>\t\t<div class=\"elementor-image-carousel-wrapper swiper-container\" dir=\"ltr\">\n\t\t\t<div class=\"elementor-image-carousel swiper-wrapper swiper-image-stretch\">\n\t\t\t\t\t\t\t\t<div class=\"swiper-slide\"><figure class=\"swiper-slide-inner\"><img decoding=\"async\" class=\"swiper-slide-image\" src=\"https:\/\/atravel.pro\/wp-content\/uploads\/2026\/01\/yaroslav-muzychenko-xG-pV6Eu-bE-unsplash.jpg\" alt=\"Private jet charter and luxury aviation services in the Middle East | atravel.pro\" \/><\/figure><\/div><div class=\"swiper-slide\"><figure class=\"swiper-slide-inner\"><img decoding=\"async\" class=\"swiper-slide-image\" src=\"https:\/\/atravel.pro\/wp-content\/uploads\/2026\/01\/diana-point.png\" alt=\"Exclusive fine-dining setup at a scenic viewpoint for VIP guests | atravel.pro\" \/><\/figure><\/div><div class=\"swiper-slide\"><figure class=\"swiper-slide-inner\"><img decoding=\"async\" class=\"swiper-slide-image\" src=\"https:\/\/atravel.pro\/wp-content\/uploads\/2026\/01\/111.jpg\" alt=\"Secluded luxury desert resort for private retreats and high-end events | atravel.pro\" \/><\/figure><\/div>\t\t\t<\/div>\n\t\t\t\t\t\t\t\t\t\t\t\t\t\t\t\t<\/div>\n\t\t\t\t<\/div>\n\t\t\t\t<\/div>\n\t\t\t\t\t<\/div>\n\t\t<\/div>\n\t\t\t\t\t\t\t<\/div>\n\t\t<\/section>\n\t\t\t\t\t\t\t<\/div>","protected":false},"excerpt":{"rendered":"<p>VIP Services The Middle East is more than just a travel destination \u2014 it\u2019s a region where luxury and exceptional service are a way of life. With Atravel, you\u2019ll discover the true meaning of privacy and personalized service. We curate exclusive VIP tours and events in the UAE, Qatar, Saudi Arabia, Oman, and Jordan, transforming&#8230;<\/p>","protected":false},"author":1,"featured_media":8037,"parent":7968,"menu_order":0,"comment_status":"closed","ping_status":"closed","template":"","meta":{"footnotes":""},"class_list":["post-8035","page","type-page","status-publish","has-post-thumbnail","hentry"],"yoast_head":"<!-- This site is optimized with the Yoast SEO plugin v24.8.1 - https:\/\/yoast.com\/wordpress\/plugins\/seo\/ -->\n<title>Exclusive VIP Services &amp; Luxury Travel in UAE, Qatar, Saudi Arabia | Atravel.pro<\/title>\n<meta name=\"description\" content=\"Tailor-made luxury experiences. Private jets, yacht rentals, supercar hire, and VIP airport meet &amp; assist (Al Majlis). 24\/7 concierge and complete confidentiality by Atravel.pro.\" \/>\n<meta name=\"robots\" content=\"index, follow, max-snippet:-1, max-image-preview:large, max-video-preview:-1\" \/>\n<link rel=\"canonical\" href=\"https:\/\/atravel.pro\/pt\/services\/vip-services\/\" \/>\n<meta property=\"og:locale\" content=\"pt_PT\" \/>\n<meta property=\"og:type\" content=\"article\" \/>\n<meta property=\"og:title\" content=\"Jordan is the best destination for MICE, Leisure and VIP tourists\" \/>\n<meta property=\"og:description\" content=\"See Petra in Jordan and Jerash city. MICE customers will find newly designed hotels in Jordan.For Leisure and VIP tourism Jordan has Aqaba and Tala Bay. Visit Ma\u2019in by The Dead Sea.\" \/>\n<meta property=\"og:url\" content=\"https:\/\/atravel.pro\/pt\/services\/vip-services\/\" \/>\n<meta property=\"og:site_name\" content=\"Atravel.pro\" \/>\n<meta property=\"article:modified_time\" content=\"2026-01-18T19:01:18+00:00\" \/>\n<meta property=\"og:image\" content=\"http:\/\/atravel.pro\/wp-content\/uploads\/2026\/01\/alex-bertha-Jyg7xHRmXiU-unsplash1.jpg\" \/>\n\t<meta property=\"og:image:width\" content=\"1800\" \/>\n\t<meta property=\"og:image:height\" content=\"347\" \/>\n\t<meta property=\"og:image:type\" content=\"image\/jpeg\" \/>\n<meta name=\"twitter:card\" content=\"summary_large_image\" \/>\n<meta name=\"twitter:title\" content=\"Jordan is the best destination for MICE, Leisure and VIP tourists\" \/>\n<meta name=\"twitter:description\" content=\"See Petra in Jordan and Jerash city. MICE customers will find newly designed hotels in Jordan.For Leisure and VIP tourism Jordan has Aqaba and Tala Bay. Visit Ma\u2019in by The Dead Sea.\" \/>\n<meta name=\"twitter:label1\" content=\"Tempo estimado de leitura\" \/>\n\t<meta name=\"twitter:data1\" content=\"2 minutos\" \/>\n<script type=\"application\/ld+json\" class=\"yoast-schema-graph\">{\"@context\":\"https:\/\/schema.org\",\"@graph\":[{\"@type\":\"WebPage\",\"@id\":\"https:\/\/atravel.pro\/services\/vip-services\/\",\"url\":\"https:\/\/atravel.pro\/services\/vip-services\/\",\"name\":\"Exclusive VIP Services & Luxury Travel in UAE, Qatar, Saudi Arabia | Atravel.pro\",\"isPartOf\":{\"@id\":\"https:\/\/atravel.pro\/#website\"},\"primaryImageOfPage\":{\"@id\":\"https:\/\/atravel.pro\/services\/vip-services\/#primaryimage\"},\"image\":{\"@id\":\"https:\/\/atravel.pro\/services\/vip-services\/#primaryimage\"},\"thumbnailUrl\":\"https:\/\/atravel.pro\/wp-content\/uploads\/2026\/01\/alex-bertha-Jyg7xHRmXiU-unsplash1.jpg\",\"datePublished\":\"2026-01-18T18:56:36+00:00\",\"dateModified\":\"2026-01-18T19:01:18+00:00\",\"description\":\"Tailor-made luxury experiences. Private jets, yacht rentals, supercar hire, and VIP airport meet & assist (Al Majlis). 24\/7 concierge and complete confidentiality by Atravel.pro.\",\"breadcrumb\":{\"@id\":\"https:\/\/atravel.pro\/services\/vip-services\/#breadcrumb\"},\"inLanguage\":\"pt-PT\",\"potentialAction\":[{\"@type\":\"ReadAction\",\"target\":[\"https:\/\/atravel.pro\/services\/vip-services\/\"]}]},{\"@type\":\"ImageObject\",\"inLanguage\":\"pt-PT\",\"@id\":\"https:\/\/atravel.pro\/services\/vip-services\/#primaryimage\",\"url\":\"https:\/\/atravel.pro\/wp-content\/uploads\/2026\/01\/alex-bertha-Jyg7xHRmXiU-unsplash1.jpg\",\"contentUrl\":\"https:\/\/atravel.pro\/wp-content\/uploads\/2026\/01\/alex-bertha-Jyg7xHRmXiU-unsplash1.jpg\",\"width\":1800,\"height\":347,\"caption\":\"Professional MICE and travel management services in the Middle East | atravel.pro\"},{\"@type\":\"BreadcrumbList\",\"@id\":\"https:\/\/atravel.pro\/services\/vip-services\/#breadcrumb\",\"itemListElement\":[{\"@type\":\"ListItem\",\"position\":1,\"name\":\"\u0413\u043b\u0430\u0432\u043d\u0430\u044f \u0441\u0442\u0440\u0430\u043d\u0438\u0446\u0430\",\"item\":\"https:\/\/atravel.pro\/\"},{\"@type\":\"ListItem\",\"position\":2,\"name\":\"Services\",\"item\":\"https:\/\/atravel.pro\/services\/\"},{\"@type\":\"ListItem\",\"position\":3,\"name\":\"VIP Services\"}]},{\"@type\":\"WebSite\",\"@id\":\"https:\/\/atravel.pro\/#website\",\"url\":\"https:\/\/atravel.pro\/\",\"name\":\"Atravel.pro\",\"description\":\"Just another WordPress site\",\"publisher\":{\"@id\":\"https:\/\/atravel.pro\/#organization\"},\"potentialAction\":[{\"@type\":\"SearchAction\",\"target\":{\"@type\":\"EntryPoint\",\"urlTemplate\":\"https:\/\/atravel.pro\/?s={search_term_string}\"},\"query-input\":{\"@type\":\"PropertyValueSpecification\",\"valueRequired\":true,\"valueName\":\"search_term_string\"}}],\"inLanguage\":\"pt-PT\"},{\"@type\":\"Organization\",\"@id\":\"https:\/\/atravel.pro\/#organization\",\"name\":\"Atravel.pro\",\"url\":\"https:\/\/atravel.pro\/\",\"logo\":{\"@type\":\"ImageObject\",\"inLanguage\":\"pt-PT\",\"@id\":\"https:\/\/atravel.pro\/#\/schema\/logo\/image\/\",\"url\":\"https:\/\/atravel.pro\/wp-content\/uploads\/2021\/08\/aTravel2.svg\",\"contentUrl\":\"https:\/\/atravel.pro\/wp-content\/uploads\/2021\/08\/aTravel2.svg\",\"width\":960,\"height\":560,\"caption\":\"Atravel.pro\"},\"image\":{\"@id\":\"https:\/\/atravel.pro\/#\/schema\/logo\/image\/\"}}]}<\/script>\n<!-- \/ Yoast SEO plugin. -->","yoast_head_json":{"title":"Exclusive VIP Services & Luxury Travel in UAE, Qatar, Saudi Arabia | Atravel.pro","description":"Tailor-made luxury experiences. Private jets, yacht rentals, supercar hire, and VIP airport meet & assist (Al Majlis). 24\/7 concierge and complete confidentiality by Atravel.pro.","robots":{"index":"index","follow":"follow","max-snippet":"max-snippet:-1","max-image-preview":"max-image-preview:large","max-video-preview":"max-video-preview:-1"},"canonical":"https:\/\/atravel.pro\/pt\/services\/vip-services\/","og_locale":"pt_PT","og_type":"article","og_title":"Jordan is the best destination for MICE, Leisure and VIP tourists","og_description":"See Petra in Jordan and Jerash city. MICE customers will find newly designed hotels in Jordan.For Leisure and VIP tourism Jordan has Aqaba and Tala Bay. Visit Ma\u2019in by The Dead Sea.","og_url":"https:\/\/atravel.pro\/pt\/services\/vip-services\/","og_site_name":"Atravel.pro","article_modified_time":"2026-01-18T19:01:18+00:00","og_image":[{"width":1800,"height":347,"url":"http:\/\/atravel.pro\/wp-content\/uploads\/2026\/01\/alex-bertha-Jyg7xHRmXiU-unsplash1.jpg","type":"image\/jpeg"}],"twitter_card":"summary_large_image","twitter_title":"Jordan is the best destination for MICE, Leisure and VIP tourists","twitter_description":"See Petra in Jordan and Jerash city. MICE customers will find newly designed hotels in Jordan.For Leisure and VIP tourism Jordan has Aqaba and Tala Bay. Visit Ma\u2019in by The Dead Sea.","twitter_misc":{"Tempo estimado de leitura":"2 minutos"},"schema":{"@context":"https:\/\/schema.org","@graph":[{"@type":"WebPage","@id":"https:\/\/atravel.pro\/services\/vip-services\/","url":"https:\/\/atravel.pro\/services\/vip-services\/","name":"Exclusive VIP Services & Luxury Travel in UAE, Qatar, Saudi Arabia | Atravel.pro","isPartOf":{"@id":"https:\/\/atravel.pro\/#website"},"primaryImageOfPage":{"@id":"https:\/\/atravel.pro\/services\/vip-services\/#primaryimage"},"image":{"@id":"https:\/\/atravel.pro\/services\/vip-services\/#primaryimage"},"thumbnailUrl":"https:\/\/atravel.pro\/wp-content\/uploads\/2026\/01\/alex-bertha-Jyg7xHRmXiU-unsplash1.jpg","datePublished":"2026-01-18T18:56:36+00:00","dateModified":"2026-01-18T19:01:18+00:00","description":"Tailor-made luxury experiences. Private jets, yacht rentals, supercar hire, and VIP airport meet & assist (Al Majlis). 24\/7 concierge and complete confidentiality by Atravel.pro.","breadcrumb":{"@id":"https:\/\/atravel.pro\/services\/vip-services\/#breadcrumb"},"inLanguage":"pt-PT","potentialAction":[{"@type":"ReadAction","target":["https:\/\/atravel.pro\/services\/vip-services\/"]}]},{"@type":"ImageObject","inLanguage":"pt-PT","@id":"https:\/\/atravel.pro\/services\/vip-services\/#primaryimage","url":"https:\/\/atravel.pro\/wp-content\/uploads\/2026\/01\/alex-bertha-Jyg7xHRmXiU-unsplash1.jpg","contentUrl":"https:\/\/atravel.pro\/wp-content\/uploads\/2026\/01\/alex-bertha-Jyg7xHRmXiU-unsplash1.jpg","width":1800,"height":347,"caption":"Professional MICE and travel management services in the Middle East | atravel.pro"},{"@type":"BreadcrumbList","@id":"https:\/\/atravel.pro\/services\/vip-services\/#breadcrumb","itemListElement":[{"@type":"ListItem","position":1,"name":"\u0413\u043b\u0430\u0432\u043d\u0430\u044f \u0441\u0442\u0440\u0430\u043d\u0438\u0446\u0430","item":"https:\/\/atravel.pro\/"},{"@type":"ListItem","position":2,"name":"Services","item":"https:\/\/atravel.pro\/services\/"},{"@type":"ListItem","position":3,"name":"VIP Services"}]},{"@type":"WebSite","@id":"https:\/\/atravel.pro\/#website","url":"https:\/\/atravel.pro\/","name":"Atravel.pro","description":"Just another WordPress site","publisher":{"@id":"https:\/\/atravel.pro\/#organization"},"potentialAction":[{"@type":"SearchAction","target":{"@type":"EntryPoint","urlTemplate":"https:\/\/atravel.pro\/?s={search_term_string}"},"query-input":{"@type":"PropertyValueSpecification","valueRequired":true,"valueName":"search_term_string"}}],"inLanguage":"pt-PT"},{"@type":"Organization","@id":"https:\/\/atravel.pro\/#organization","name":"Atravel.pro","url":"https:\/\/atravel.pro\/","logo":{"@type":"ImageObject","inLanguage":"pt-PT","@id":"https:\/\/atravel.pro\/#\/schema\/logo\/image\/","url":"https:\/\/atravel.pro\/wp-content\/uploads\/2021\/08\/aTravel2.svg","contentUrl":"https:\/\/atravel.pro\/wp-content\/uploads\/2021\/08\/aTravel2.svg","width":960,"height":560,"caption":"Atravel.pro"},"image":{"@id":"https:\/\/atravel.pro\/#\/schema\/logo\/image\/"}}]}},"_links":{"self":[{"href":"https:\/\/atravel.pro\/pt\/wp-json\/wp\/v2\/pages\/8035","targetHints":{"allow":["GET"]}}],"collection":[{"href":"https:\/\/atravel.pro\/pt\/wp-json\/wp\/v2\/pages"}],"about":[{"href":"https:\/\/atravel.pro\/pt\/wp-json\/wp\/v2\/types\/page"}],"author":[{"embeddable":true,"href":"https:\/\/atravel.pro\/pt\/wp-json\/wp\/v2\/users\/1"}],"replies":[{"embeddable":true,"href":"https:\/\/atravel.pro\/pt\/wp-json\/wp\/v2\/comments?post=8035"}],"version-history":[{"count":4,"href":"https:\/\/atravel.pro\/pt\/wp-json\/wp\/v2\/pages\/8035\/revisions"}],"predecessor-version":[{"id":8043,"href":"https:\/\/atravel.pro\/pt\/wp-json\/wp\/v2\/pages\/8035\/revisions\/8043"}],"up":[{"embeddable":true,"href":"https:\/\/atravel.pro\/pt\/wp-json\/wp\/v2\/pages\/7968"}],"wp:featuredmedia":[{"embeddable":true,"href":"https:\/\/atravel.pro\/pt\/wp-json\/wp\/v2\/media\/8037"}],"wp:attachment":[{"href":"https:\/\/atravel.pro\/pt\/wp-json\/wp\/v2\/media?parent=8035"}],"curies":[{"name":"wp","href":"https:\/\/api.w.org\/{rel}","templated":true}]}}