{"id":8047,"date":"2026-01-18T19:37:14","date_gmt":"2026-01-18T19:37:14","guid":{"rendered":"https:\/\/atravel.pro\/?page_id=8047"},"modified":"2026-01-18T20:00:55","modified_gmt":"2026-01-18T20:00:55","slug":"exhibitions","status":"publish","type":"page","link":"https:\/\/atravel.pro\/pt\/services\/exhibitions\/","title":{"rendered":"Exposi\u00e7\u00f5es"},"content":{"rendered":"<div data-elementor-type=\"wp-page\" data-elementor-id=\"8047\" class=\"elementor elementor-8047\">\n\t\t\t\t\t\t\t\t\t<section class=\"elementor-section elementor-top-section elementor-element elementor-element-dad4c0e elementor-section-height-min-height elementor-section-items-stretch elementor-section-content-middle elementor-section-boxed elementor-section-height-default\" data-id=\"dad4c0e\" data-element_type=\"section\" data-settings=\"{&quot;background_background&quot;:&quot;classic&quot;}\">\n\t\t\t\t\t\t\t<div class=\"elementor-background-overlay\"><\/div>\n\t\t\t\t\t\t\t<div class=\"elementor-container elementor-column-gap-default\">\n\t\t\t\t\t<div class=\"elementor-column elementor-col-100 elementor-top-column elementor-element elementor-element-3262db9\" data-id=\"3262db9\" data-element_type=\"column\">\n\t\t\t<div class=\"elementor-widget-wrap elementor-element-populated\">\n\t\t\t\t\t\t\t\t<div class=\"elementor-element elementor-element-5ee04a9 elementor-widget elementor-widget-heading\" data-id=\"5ee04a9\" data-element_type=\"widget\" data-widget_type=\"heading.default\">\n\t\t\t\t<div class=\"elementor-widget-container\">\n\t\t\t<style>\/*! elementor - v3.6.1 - 23-03-2022 *\/\n.elementor-heading-title{padding:0;margin:0;line-height:1}.elementor-widget-heading .elementor-heading-title[class*=elementor-size-]>a{color:inherit;font-size:inherit;line-height:inherit}.elementor-widget-heading .elementor-heading-title.elementor-size-small{font-size:15px}.elementor-widget-heading .elementor-heading-title.elementor-size-medium{font-size:19px}.elementor-widget-heading .elementor-heading-title.elementor-size-large{font-size:29px}.elementor-widget-heading .elementor-heading-title.elementor-size-xl{font-size:39px}.elementor-widget-heading .elementor-heading-title.elementor-size-xxl{font-size:59px}<\/style><h1 class=\"elementor-heading-title elementor-size-default\">Exposi\u00e7\u00f5es<\/h1>\t\t<\/div>\n\t\t\t\t<\/div>\n\t\t\t\t\t<\/div>\n\t\t<\/div>\n\t\t\t\t\t\t\t<\/div>\n\t\t<\/section>\n\t\t\t\t<section class=\"elementor-section elementor-top-section elementor-element elementor-element-a9aafc5 elementor-section-boxed elementor-section-height-default elementor-section-height-default\" data-id=\"a9aafc5\" data-element_type=\"section\">\n\t\t\t\t\t\t<div class=\"elementor-container elementor-column-gap-default\">\n\t\t\t\t\t<div class=\"elementor-column elementor-col-100 elementor-top-column elementor-element elementor-element-8fd34c7\" data-id=\"8fd34c7\" data-element_type=\"column\">\n\t\t\t<div class=\"elementor-widget-wrap elementor-element-populated\">\n\t\t\t\t\t\t\t\t<div class=\"elementor-element elementor-element-bd816bd elementor-widget elementor-widget-text-editor\" data-id=\"bd816bd\" data-element_type=\"widget\" data-widget_type=\"text-editor.default\">\n\t\t\t\t<div class=\"elementor-widget-container\">\n\t\t\t<style>\/*! elementor - v3.6.1 - 23-03-2022 *\/\n.elementor-widget-text-editor.elementor-drop-cap-view-stacked .elementor-drop-cap{background-color:#818a91;color:#fff}.elementor-widget-text-editor.elementor-drop-cap-view-framed .elementor-drop-cap{color:#818a91;border:3px solid;background-color:transparent}.elementor-widget-text-editor:not(.elementor-drop-cap-view-default) .elementor-drop-cap{margin-top:8px}.elementor-widget-text-editor:not(.elementor-drop-cap-view-default) .elementor-drop-cap-letter{width:1em;height:1em}.elementor-widget-text-editor .elementor-drop-cap{float:left;text-align:center;line-height:1;font-size:50px}.elementor-widget-text-editor .elementor-drop-cap-letter{display:inline-block}<\/style>\t\t\t\t<p class=\" translation-block\">Dubai recebe uma grande variedade de exposi\u00e7\u00f5es e f\u00f3runs internacionais todos os anos, atraindo profissionais e l\u00edderes do setor de todo o mundo. Os destaques incluem a Gulfood, a maior feira de alimentos e bebidas do mundo; a IDEX, a principal exposi\u00e7\u00e3o internacional de defesa e armamentos; a Dubai Derma, uma exposi\u00e7\u00e3o e confer\u00eancia especializada para profissionais de medicina est\u00e9tica e dermatologia; a Dubai Airshow, um evento emblem\u00e1tico para os setores de avia\u00e7\u00e3o e aeroespacial; e a GITEX Global, uma importante exposi\u00e7\u00e3o de TI que apresenta inova\u00e7\u00f5es em IA, fintech e telecomunica\u00e7\u00f5es. Dubai tamb\u00e9m \u00e9 reconhecida como um centro global para empresas de blockchain e criptomoeda, gra\u00e7as \u00e0 sua infraestrutura digital avan\u00e7ada e ao forte apoio do governo.<\/p>\t\t\t\t\t\t<\/div>\n\t\t\t\t<\/div>\n\t\t\t\t<div class=\"elementor-element elementor-element-1704414 elementor-widget elementor-widget-text-editor\" data-id=\"1704414\" data-element_type=\"widget\" data-widget_type=\"text-editor.default\">\n\t\t\t\t<div class=\"elementor-widget-container\">\n\t\t\t\t\t\t\t<p class=\" translation-block\">Com a Atravel, sua participa\u00e7\u00e3o em exposi\u00e7\u00f5es internacionais se torna mais do que apenas uma viagem de neg\u00f3cios: ela se torna uma ferramenta estrat\u00e9gica para a promo\u00e7\u00e3o da marca e o networking global. Oferecemos uma ampla gama de servi\u00e7os MICE para exposi\u00e7\u00f5es nos Emirados \u00c1rabes Unidos, no Oriente M\u00e9dio e em todo o mundo.<\/p>\t\t\t\t\t\t<\/div>\n\t\t\t\t<\/div>\n\t\t\t\t<div class=\"elementor-element elementor-element-6263ad0 elementor-widget elementor-widget-text-editor\" data-id=\"6263ad0\" data-element_type=\"widget\" data-widget_type=\"text-editor.default\">\n\t\t\t\t<div class=\"elementor-widget-container\">\n\t\t\t\t\t\t\t<p>Nossos servi\u00e7os incluem:<\/p>\n<ul>\n<li class=\" translation-block\">Design, constru\u00e7\u00e3o e branding de estandes, desde o conceito at\u00e9 a execu\u00e7\u00e3o no local.<\/li>\n<li class=\" translation-block\">\u00c1reas de apresenta\u00e7\u00e3o personalizadas, equipamentos de demonstra\u00e7\u00e3o e salas de reuni\u00e3o totalmente equipadas<\/li>\n<li class=\" translation-block\">Suporte t\u00e9cnico completo, incluindo instala\u00e7\u00e3o e manuten\u00e7\u00e3o de equipamentos<\/li>\n<li class=\" translation-block\">Coordena\u00e7\u00e3o log\u00edstica, incluindo traslados, acomoda\u00e7\u00f5es, reuni\u00f5es de neg\u00f3cios e eventos de networking<\/li>\n<li class=\" translation-block\">Solu\u00e7\u00f5es de pessoal, como recepcionistas, int\u00e9rpretes, fot\u00f3grafos profissionais e cinegrafistas para documentar e promover a presen\u00e7a de sua marca.<\/li>\n<\/ul>\t\t\t\t\t\t<\/div>\n\t\t\t\t<\/div>\n\t\t\t\t<div class=\"elementor-element elementor-element-7162b03 elementor-widget elementor-widget-text-editor\" data-id=\"7162b03\" data-element_type=\"widget\" data-widget_type=\"text-editor.default\">\n\t\t\t\t<div class=\"elementor-widget-container\">\n\t\t\t\t\t\t\t<p class=\" translation-block\">Gra\u00e7as \u00e0 nossa experi\u00eancia e fortes conex\u00f5es locais em Dubai, Abu Dhabi, Riyadh e Doha, garantimos que sua participa\u00e7\u00e3o em feiras comerciais seja perfeitamente organizada, seja um estande na GITEX, uma delega\u00e7\u00e3o na Dubai Derma ou reuni\u00f5es B2B durante a Gulfood.<\/p>\t\t\t\t\t\t<\/div>\n\t\t\t\t<\/div>\n\t\t\t\t<div class=\"elementor-element elementor-element-3e486ad elementor-widget elementor-widget-text-editor\" data-id=\"3e486ad\" data-element_type=\"widget\" data-widget_type=\"text-editor.default\">\n\t\t\t\t<div class=\"elementor-widget-container\">\n\t\t\t\t\t\t\t<p class=\" translation-block\">Com a Atravel, voc\u00ea ganha mais do que servi\u00e7os: voc\u00ea ganha um parceiro estrat\u00e9gico dedicado a ajudar sua empresa a crescer e se expandir no cen\u00e1rio internacional.<\/p>\t\t\t\t\t\t<\/div>\n\t\t\t\t<\/div>\n\t\t\t\t\t<\/div>\n\t\t<\/div>\n\t\t\t\t\t\t\t<\/div>\n\t\t<\/section>\n\t\t\t\t<section class=\"elementor-section elementor-top-section elementor-element elementor-element-5bdbb67 elementor-section-boxed elementor-section-height-default elementor-section-height-default\" data-id=\"5bdbb67\" data-element_type=\"section\">\n\t\t\t\t\t\t<div class=\"elementor-container elementor-column-gap-default\">\n\t\t\t\t\t<div class=\"elementor-column elementor-col-100 elementor-top-column elementor-element elementor-element-20981f8\" data-id=\"20981f8\" data-element_type=\"column\">\n\t\t\t<div class=\"elementor-widget-wrap elementor-element-populated\">\n\t\t\t\t\t\t\t\t<div class=\"elementor-element elementor-element-f903780 elementor-widget elementor-widget-image-carousel\" data-id=\"f903780\" data-element_type=\"widget\" data-settings=\"{&quot;slides_to_show&quot;:&quot;3&quot;,&quot;slides_to_scroll&quot;:&quot;1&quot;,&quot;navigation&quot;:&quot;none&quot;,&quot;pause_on_hover&quot;:&quot;no&quot;,&quot;pause_on_interaction&quot;:&quot;no&quot;,&quot;autoplay&quot;:&quot;yes&quot;,&quot;autoplay_speed&quot;:5000,&quot;infinite&quot;:&quot;yes&quot;,&quot;speed&quot;:500,&quot;image_spacing_custom&quot;:{&quot;unit&quot;:&quot;px&quot;,&quot;size&quot;:20,&quot;sizes&quot;:[]}}\" data-widget_type=\"image-carousel.default\">\n\t\t\t\t<div class=\"elementor-widget-container\">\n\t\t\t<style>\/*! elementor - v3.6.1 - 23-03-2022 *\/\n.elementor-widget-image-carousel .swiper-container{position:static}.elementor-widget-image-carousel .swiper-container .swiper-slide figure{line-height:inherit}.elementor-widget-image-carousel .swiper-slide{text-align:center}.elementor-image-carousel-wrapper:not(.swiper-container-initialized) .swiper-slide{max-width:calc(100% \/ var(--e-image-carousel-slides-to-show, 3))}<\/style>\t\t<div class=\"elementor-image-carousel-wrapper swiper-container\" dir=\"ltr\">\n\t\t\t<div class=\"elementor-image-carousel swiper-wrapper swiper-image-stretch\">\n\t\t\t\t\t\t\t\t<div class=\"swiper-slide\"><figure class=\"swiper-slide-inner\"><img decoding=\"async\" class=\"swiper-slide-image\" src=\"https:\/\/atravel.pro\/wp-content\/uploads\/2026\/01\/2-3.jpg\" alt=\"Custom exhibition booth design and construction at a major Dubai trade show | atravel.pro\" \/><\/figure><\/div><div class=\"swiper-slide\"><figure class=\"swiper-slide-inner\"><img decoding=\"async\" class=\"swiper-slide-image\" src=\"https:\/\/atravel.pro\/wp-content\/uploads\/2026\/01\/1-4.jpg\" alt=\"Dedicated presentation zone and meeting room setup at an international forum | atravel.pro\" \/><\/figure><\/div><div class=\"swiper-slide\"><figure class=\"swiper-slide-inner\"><img decoding=\"async\" class=\"swiper-slide-image\" src=\"https:\/\/atravel.pro\/wp-content\/uploads\/2026\/01\/3.jpeg\" alt=\"Professional exhibition management and technical support in the UAE | atravel.pro\" \/><\/figure><\/div>\t\t\t<\/div>\n\t\t\t\t\t\t\t\t\t\t\t\t\t\t\t\t<\/div>\n\t\t\t\t<\/div>\n\t\t\t\t<\/div>\n\t\t\t\t\t<\/div>\n\t\t<\/div>\n\t\t\t\t\t\t\t<\/div>\n\t\t<\/section>\n\t\t\t\t\t\t\t<\/div>","protected":false},"excerpt":{"rendered":"<p>Specialized &#038; Educational Programs Atravel specializes in organizing business events, professional trips, and educational programs in the UAE, Saudi Arabia, Qatar, and other Middle Eastern countries. We design rich, goal-oriented itineraries for representatives of various industries, combining visits to leading institutions, participation in international forums, and exposure to best practices in their fields. We arrange:&#8230;<\/p>","protected":false},"author":1,"featured_media":8049,"parent":7968,"menu_order":0,"comment_status":"closed","ping_status":"closed","template":"","meta":{"footnotes":""},"class_list":["post-8047","page","type-page","status-publish","has-post-thumbnail","hentry"],"yoast_head":"<!-- This site is optimized with the Yoast SEO plugin v24.8.1 - https:\/\/yoast.com\/wordpress\/plugins\/seo\/ -->\n<title>Exhibition Management Services in UAE, Qatar, Saudi Arabia | Atravel.pro<\/title>\n<meta name=\"description\" content=\"Comprehensive MICE services for international exhibitions: Gulfood, GITEX, IDEX, and Dubai Airshow. Booth design, construction, logistics, and staffing solutions by Atravel.pro\" \/>\n<meta name=\"robots\" content=\"index, follow, max-snippet:-1, max-image-preview:large, max-video-preview:-1\" \/>\n<link rel=\"canonical\" href=\"https:\/\/atravel.pro\/pt\/services\/exhibitions\/\" \/>\n<meta property=\"og:locale\" content=\"pt_PT\" \/>\n<meta property=\"og:type\" content=\"article\" \/>\n<meta property=\"og:title\" content=\"Jordan is the best destination for MICE, Leisure and VIP tourists\" \/>\n<meta property=\"og:description\" content=\"See Petra in Jordan and Jerash city. MICE customers will find newly designed hotels in Jordan.For Leisure and VIP tourism Jordan has Aqaba and Tala Bay. Visit Ma\u2019in by The Dead Sea.\" \/>\n<meta property=\"og:url\" content=\"https:\/\/atravel.pro\/pt\/services\/exhibitions\/\" \/>\n<meta property=\"og:site_name\" content=\"Atravel.pro\" \/>\n<meta property=\"article:modified_time\" content=\"2026-01-18T20:00:55+00:00\" \/>\n<meta property=\"og:image\" content=\"http:\/\/atravel.pro\/wp-content\/uploads\/2026\/01\/jin-woo-lee-dy65r8fjeyI-unsplash.jpg\" \/>\n\t<meta property=\"og:image:width\" content=\"1800\" \/>\n\t<meta property=\"og:image:height\" content=\"347\" \/>\n\t<meta property=\"og:image:type\" content=\"image\/jpeg\" \/>\n<meta name=\"twitter:card\" content=\"summary_large_image\" \/>\n<meta name=\"twitter:title\" content=\"Jordan is the best destination for MICE, Leisure and VIP tourists\" \/>\n<meta name=\"twitter:description\" content=\"See Petra in Jordan and Jerash city. MICE customers will find newly designed hotels in Jordan.For Leisure and VIP tourism Jordan has Aqaba and Tala Bay. Visit Ma\u2019in by The Dead Sea.\" \/>\n<meta name=\"twitter:label1\" content=\"Tempo estimado de leitura\" \/>\n\t<meta name=\"twitter:data1\" content=\"3 minutos\" \/>\n<script type=\"application\/ld+json\" class=\"yoast-schema-graph\">{\"@context\":\"https:\/\/schema.org\",\"@graph\":[{\"@type\":\"WebPage\",\"@id\":\"https:\/\/atravel.pro\/services\/exhibitions\/\",\"url\":\"https:\/\/atravel.pro\/services\/exhibitions\/\",\"name\":\"Exhibition Management Services in UAE, Qatar, Saudi Arabia | Atravel.pro\",\"isPartOf\":{\"@id\":\"https:\/\/atravel.pro\/#website\"},\"primaryImageOfPage\":{\"@id\":\"https:\/\/atravel.pro\/services\/exhibitions\/#primaryimage\"},\"image\":{\"@id\":\"https:\/\/atravel.pro\/services\/exhibitions\/#primaryimage\"},\"thumbnailUrl\":\"https:\/\/atravel.pro\/wp-content\/uploads\/2026\/01\/jin-woo-lee-dy65r8fjeyI-unsplash.jpg\",\"datePublished\":\"2026-01-18T19:37:14+00:00\",\"dateModified\":\"2026-01-18T20:00:55+00:00\",\"description\":\"Comprehensive MICE services for international exhibitions: Gulfood, GITEX, IDEX, and Dubai Airshow. Booth design, construction, logistics, and staffing solutions by Atravel.pro\",\"breadcrumb\":{\"@id\":\"https:\/\/atravel.pro\/services\/exhibitions\/#breadcrumb\"},\"inLanguage\":\"pt-PT\",\"potentialAction\":[{\"@type\":\"ReadAction\",\"target\":[\"https:\/\/atravel.pro\/services\/exhibitions\/\"]}]},{\"@type\":\"ImageObject\",\"inLanguage\":\"pt-PT\",\"@id\":\"https:\/\/atravel.pro\/services\/exhibitions\/#primaryimage\",\"url\":\"https:\/\/atravel.pro\/wp-content\/uploads\/2026\/01\/jin-woo-lee-dy65r8fjeyI-unsplash.jpg\",\"contentUrl\":\"https:\/\/atravel.pro\/wp-content\/uploads\/2026\/01\/jin-woo-lee-dy65r8fjeyI-unsplash.jpg\",\"width\":1800,\"height\":347,\"caption\":\"B2B networking event coordination during exhibition in Dubai | atravel.pro\"},{\"@type\":\"BreadcrumbList\",\"@id\":\"https:\/\/atravel.pro\/services\/exhibitions\/#breadcrumb\",\"itemListElement\":[{\"@type\":\"ListItem\",\"position\":1,\"name\":\"\u0413\u043b\u0430\u0432\u043d\u0430\u044f \u0441\u0442\u0440\u0430\u043d\u0438\u0446\u0430\",\"item\":\"https:\/\/atravel.pro\/\"},{\"@type\":\"ListItem\",\"position\":2,\"name\":\"Services\",\"item\":\"https:\/\/atravel.pro\/services\/\"},{\"@type\":\"ListItem\",\"position\":3,\"name\":\"Exhibitions\"}]},{\"@type\":\"WebSite\",\"@id\":\"https:\/\/atravel.pro\/#website\",\"url\":\"https:\/\/atravel.pro\/\",\"name\":\"Atravel.pro\",\"description\":\"Just another WordPress site\",\"publisher\":{\"@id\":\"https:\/\/atravel.pro\/#organization\"},\"potentialAction\":[{\"@type\":\"SearchAction\",\"target\":{\"@type\":\"EntryPoint\",\"urlTemplate\":\"https:\/\/atravel.pro\/?s={search_term_string}\"},\"query-input\":{\"@type\":\"PropertyValueSpecification\",\"valueRequired\":true,\"valueName\":\"search_term_string\"}}],\"inLanguage\":\"pt-PT\"},{\"@type\":\"Organization\",\"@id\":\"https:\/\/atravel.pro\/#organization\",\"name\":\"Atravel.pro\",\"url\":\"https:\/\/atravel.pro\/\",\"logo\":{\"@type\":\"ImageObject\",\"inLanguage\":\"pt-PT\",\"@id\":\"https:\/\/atravel.pro\/#\/schema\/logo\/image\/\",\"url\":\"https:\/\/atravel.pro\/wp-content\/uploads\/2021\/08\/aTravel2.svg\",\"contentUrl\":\"https:\/\/atravel.pro\/wp-content\/uploads\/2021\/08\/aTravel2.svg\",\"width\":960,\"height\":560,\"caption\":\"Atravel.pro\"},\"image\":{\"@id\":\"https:\/\/atravel.pro\/#\/schema\/logo\/image\/\"}}]}<\/script>\n<!-- \/ Yoast SEO plugin. -->","yoast_head_json":{"title":"Exhibition Management Services in UAE, Qatar, Saudi Arabia | Atravel.pro","description":"Comprehensive MICE services for international exhibitions: Gulfood, GITEX, IDEX, and Dubai Airshow. Booth design, construction, logistics, and staffing solutions by Atravel.pro","robots":{"index":"index","follow":"follow","max-snippet":"max-snippet:-1","max-image-preview":"max-image-preview:large","max-video-preview":"max-video-preview:-1"},"canonical":"https:\/\/atravel.pro\/pt\/services\/exhibitions\/","og_locale":"pt_PT","og_type":"article","og_title":"Jordan is the best destination for MICE, Leisure and VIP tourists","og_description":"See Petra in Jordan and Jerash city. MICE customers will find newly designed hotels in Jordan.For Leisure and VIP tourism Jordan has Aqaba and Tala Bay. Visit Ma\u2019in by The Dead Sea.","og_url":"https:\/\/atravel.pro\/pt\/services\/exhibitions\/","og_site_name":"Atravel.pro","article_modified_time":"2026-01-18T20:00:55+00:00","og_image":[{"width":1800,"height":347,"url":"http:\/\/atravel.pro\/wp-content\/uploads\/2026\/01\/jin-woo-lee-dy65r8fjeyI-unsplash.jpg","type":"image\/jpeg"}],"twitter_card":"summary_large_image","twitter_title":"Jordan is the best destination for MICE, Leisure and VIP tourists","twitter_description":"See Petra in Jordan and Jerash city. MICE customers will find newly designed hotels in Jordan.For Leisure and VIP tourism Jordan has Aqaba and Tala Bay. Visit Ma\u2019in by The Dead Sea.","twitter_misc":{"Tempo estimado de leitura":"3 minutos"},"schema":{"@context":"https:\/\/schema.org","@graph":[{"@type":"WebPage","@id":"https:\/\/atravel.pro\/services\/exhibitions\/","url":"https:\/\/atravel.pro\/services\/exhibitions\/","name":"Exhibition Management Services in UAE, Qatar, Saudi Arabia | Atravel.pro","isPartOf":{"@id":"https:\/\/atravel.pro\/#website"},"primaryImageOfPage":{"@id":"https:\/\/atravel.pro\/services\/exhibitions\/#primaryimage"},"image":{"@id":"https:\/\/atravel.pro\/services\/exhibitions\/#primaryimage"},"thumbnailUrl":"https:\/\/atravel.pro\/wp-content\/uploads\/2026\/01\/jin-woo-lee-dy65r8fjeyI-unsplash.jpg","datePublished":"2026-01-18T19:37:14+00:00","dateModified":"2026-01-18T20:00:55+00:00","description":"Comprehensive MICE services for international exhibitions: Gulfood, GITEX, IDEX, and Dubai Airshow. Booth design, construction, logistics, and staffing solutions by Atravel.pro","breadcrumb":{"@id":"https:\/\/atravel.pro\/services\/exhibitions\/#breadcrumb"},"inLanguage":"pt-PT","potentialAction":[{"@type":"ReadAction","target":["https:\/\/atravel.pro\/services\/exhibitions\/"]}]},{"@type":"ImageObject","inLanguage":"pt-PT","@id":"https:\/\/atravel.pro\/services\/exhibitions\/#primaryimage","url":"https:\/\/atravel.pro\/wp-content\/uploads\/2026\/01\/jin-woo-lee-dy65r8fjeyI-unsplash.jpg","contentUrl":"https:\/\/atravel.pro\/wp-content\/uploads\/2026\/01\/jin-woo-lee-dy65r8fjeyI-unsplash.jpg","width":1800,"height":347,"caption":"B2B networking event coordination during exhibition in Dubai | atravel.pro"},{"@type":"BreadcrumbList","@id":"https:\/\/atravel.pro\/services\/exhibitions\/#breadcrumb","itemListElement":[{"@type":"ListItem","position":1,"name":"\u0413\u043b\u0430\u0432\u043d\u0430\u044f \u0441\u0442\u0440\u0430\u043d\u0438\u0446\u0430","item":"https:\/\/atravel.pro\/"},{"@type":"ListItem","position":2,"name":"Services","item":"https:\/\/atravel.pro\/services\/"},{"@type":"ListItem","position":3,"name":"Exhibitions"}]},{"@type":"WebSite","@id":"https:\/\/atravel.pro\/#website","url":"https:\/\/atravel.pro\/","name":"Atravel.pro","description":"Just another WordPress site","publisher":{"@id":"https:\/\/atravel.pro\/#organization"},"potentialAction":[{"@type":"SearchAction","target":{"@type":"EntryPoint","urlTemplate":"https:\/\/atravel.pro\/?s={search_term_string}"},"query-input":{"@type":"PropertyValueSpecification","valueRequired":true,"valueName":"search_term_string"}}],"inLanguage":"pt-PT"},{"@type":"Organization","@id":"https:\/\/atravel.pro\/#organization","name":"Atravel.pro","url":"https:\/\/atravel.pro\/","logo":{"@type":"ImageObject","inLanguage":"pt-PT","@id":"https:\/\/atravel.pro\/#\/schema\/logo\/image\/","url":"https:\/\/atravel.pro\/wp-content\/uploads\/2021\/08\/aTravel2.svg","contentUrl":"https:\/\/atravel.pro\/wp-content\/uploads\/2021\/08\/aTravel2.svg","width":960,"height":560,"caption":"Atravel.pro"},"image":{"@id":"https:\/\/atravel.pro\/#\/schema\/logo\/image\/"}}]}},"_links":{"self":[{"href":"https:\/\/atravel.pro\/pt\/wp-json\/wp\/v2\/pages\/8047","targetHints":{"allow":["GET"]}}],"collection":[{"href":"https:\/\/atravel.pro\/pt\/wp-json\/wp\/v2\/pages"}],"about":[{"href":"https:\/\/atravel.pro\/pt\/wp-json\/wp\/v2\/types\/page"}],"author":[{"embeddable":true,"href":"https:\/\/atravel.pro\/pt\/wp-json\/wp\/v2\/users\/1"}],"replies":[{"embeddable":true,"href":"https:\/\/atravel.pro\/pt\/wp-json\/wp\/v2\/comments?post=8047"}],"version-history":[{"count":6,"href":"https:\/\/atravel.pro\/pt\/wp-json\/wp\/v2\/pages\/8047\/revisions"}],"predecessor-version":[{"id":8061,"href":"https:\/\/atravel.pro\/pt\/wp-json\/wp\/v2\/pages\/8047\/revisions\/8061"}],"up":[{"embeddable":true,"href":"https:\/\/atravel.pro\/pt\/wp-json\/wp\/v2\/pages\/7968"}],"wp:featuredmedia":[{"embeddable":true,"href":"https:\/\/atravel.pro\/pt\/wp-json\/wp\/v2\/media\/8049"}],"wp:attachment":[{"href":"https:\/\/atravel.pro\/pt\/wp-json\/wp\/v2\/media?parent=8047"}],"curies":[{"name":"wp","href":"https:\/\/api.w.org\/{rel}","templated":true}]}}